{"id":4911,"date":"2019-06-25T12:08:53","date_gmt":"2019-06-25T09:08:53","guid":{"rendered":"http:\/\/gurmakdemiryolu.com.tr\/?page_id=4911"},"modified":"2019-06-25T12:15:38","modified_gmt":"2019-06-25T09:15:38","slug":"kalite-politikamiz","status":"publish","type":"page","link":"https:\/\/www.gurmakdemiryolu.com.tr\/tr\/kalite-politikamiz\/","title":{"rendered":"Kalite Politikam\u0131z"},"content":{"rendered":"<p><\/p>\n<div class=\"page\" title=\"Page 1\">\n<div class=\"layoutArea\">\n<div class=\"column\">\n<p style=\"text-align: center;\">KAL\u0130TE POL\u0130T\u0130KAMIZ<\/p>\n<p>&nbsp;<\/p>\n<p>G\u00fcrmak Demiryolu Ba\u011flant\u0131 Elemanlar\u0131 Sanayi ve Tic. A.\u015e. olarak Makine Aksamlar\u0131, Ba\u011flant\u0131 Elemanlar\u0131 (G.S.M Anten, Ray Ba\u011flant\u0131lar\u0131 Vb.) ve \u00c7elik donan\u0131mlar\u0131 (Izgara, paslanmaz konvey\u00f6r) imalat\u0131 yapan firmam\u0131z m\u00fc\u015fterilerimizin bizden bekledi\u011fi t\u00fcm ihtiya\u00e7lar\u0131na cevap verecek \u015fekilde \u00fcretim yapan ve hizmet veren firmam\u0131z;<\/p>\n<p>Uluslararas\u0131 standartlar\u0131, teknolojiyi ve kaliteyi b\u00fct\u00fcn faaliyetlerinde ana prensip kabul ederek m\u00fc\u015fteri memnuniyetinin s\u00fcreklili\u011fini sa\u011flamay\u0131,<\/p>\n<p>Kaliteyi s\u00fcrekli k\u0131larak \u00fcr\u00fcnlerin zaman\u0131nda teslimini, en d\u00fc\u015f\u00fck maliyetle en y\u00fcksek kaliteye ula\u015fmay\u0131, m\u00fc\u015fterilerimizin ve \u00e7al\u0131\u015fan personelimizin firmam\u0131za duydu\u011fu g\u00fcvenin devaml\u0131l\u0131\u011f\u0131n\u0131,<\/p>\n<p>Firmam\u0131z\u0131n geli\u015fimini sa\u011flayacak her t\u00fcrl\u00fc e\u011fitim ve bilin\u00e7lendirme \u00e7al\u0131\u015fmalar\u0131na gereken \u00f6nem ve hassasiyeti g\u00f6stererek personel kalitesini ve memnuniyetini artt\u0131rmay\u0131,<\/p>\n<p>T\u00fcm birimlerde s\u00fcrekli geli\u015fme ve iyile\u015ftirmeyi uygulayarak, kaynaklar\u0131n etkili bir bi\u00e7imde kullan\u0131lmas\u0131n\u0131 sa\u011flamay\u0131,<\/p>\n<p>Tedarik\u00e7i firmalarla \u00e7\u00f6z\u00fcm ortakl\u0131\u011f\u0131na giderek kar\u015f\u0131l\u0131kl\u0131 fayda esasl\u0131 bir anlay\u0131\u015f i\u00e7inde \u00e7al\u0131\u015fmay\u0131,<\/p>\n<p>\u00c7evre dostu \u00fcretim anlay\u0131\u015f\u0131 ile sat\u0131\u015f \u00f6ncesi ve sat\u0131\u015f sonras\u0131 hizmeti bir ilke kabul eden<\/p>\n<p>G\u00dcRMAK DEM\u0130RYOLU BA\u011eLANTI ELEMANLARI SANAY\u0130 VE T\u0130C. A.\u015e. ,<\/p>\n<p>ISO 9001:2015 KAL\u0130TE Y\u00d6NET\u0130M S\u0130STEM STANDARDI\u2019NIN gereklerini yerine getirmeyi ve etkinli\u011fini s\u00fcrekli iyile\u015ftirmeyi, taahh\u00fct etmektedir.<\/p>\n<\/div>\n<\/div>\n<\/div>\n<p><\/p>","protected":false},"excerpt":{"rendered":"<p>KAL\u0130TE POL\u0130T\u0130KAMIZ &nbsp; G\u00fcrmak Demiryolu Ba\u011flant\u0131 Elemanlar\u0131 Sanayi ve Tic. A.\u015e. olarak Makine Aksamlar\u0131, Ba\u011flant\u0131 Elemanlar\u0131 (G.S.M Anten, Ray Ba\u011flant\u0131lar\u0131 Vb.) ve \u00c7elik donan\u0131mlar\u0131 (Izgara, paslanmaz konvey\u00f6r) imalat\u0131 yapan firmam\u0131z m\u00fc\u015fterilerimizin bizden bekledi\u011fi t\u00fcm ihtiya\u00e7lar\u0131na cevap verecek \u015fekilde \u00fcretim yapan ve hizmet veren firmam\u0131z; Uluslararas\u0131 standartlar\u0131, teknolojiyi ve kaliteyi b\u00fct\u00fcn faaliyetlerinde ana prensip kabul ederek [&hellip;]<\/p>\n","protected":false},"author":1,"featured_media":0,"parent":0,"menu_order":0,"comment_status":"closed","ping_status":"closed","template":"","meta":{"spay_email":"","footnotes":""},"yoast_head":"<!-- This site is optimized with the Yoast SEO plugin v15.3 - https:\/\/yoast.com\/wordpress\/plugins\/seo\/ -->\n<title>Kalite Politikam\u0131z - G\u00fcrmak Demiryolu A.\u015e<\/title>\n<meta name=\"robots\" content=\"index, follow, max-snippet:-1, max-image-preview:large, max-video-preview:-1\" \/>\n<link rel=\"canonical\" href=\"https:\/\/www.gurmakdemiryolu.com.tr\/kalite-politikamiz\/\" \/>\n<meta property=\"og:locale\" content=\"tr_TR\" \/>\n<meta property=\"og:type\" content=\"article\" \/>\n<meta property=\"og:title\" content=\"Kalite Politikam\u0131z - G\u00fcrmak Demiryolu A.\u015e\" \/>\n<meta property=\"og:description\" content=\"KAL\u0130TE POL\u0130T\u0130KAMIZ &nbsp; G\u00fcrmak Demiryolu Ba\u011flant\u0131 Elemanlar\u0131 Sanayi ve Tic. A.\u015e. olarak Makine Aksamlar\u0131, Ba\u011flant\u0131 Elemanlar\u0131 (G.S.M Anten, Ray Ba\u011flant\u0131lar\u0131 Vb.) ve \u00c7elik donan\u0131mlar\u0131 (Izgara, paslanmaz konvey\u00f6r) imalat\u0131 yapan firmam\u0131z m\u00fc\u015fterilerimizin bizden bekledi\u011fi t\u00fcm ihtiya\u00e7lar\u0131na cevap verecek \u015fekilde \u00fcretim yapan ve hizmet veren firmam\u0131z; Uluslararas\u0131 standartlar\u0131, teknolojiyi ve kaliteyi b\u00fct\u00fcn faaliyetlerinde ana prensip kabul ederek [&hellip;]\" \/>\n<meta property=\"og:url\" content=\"https:\/\/www.gurmakdemiryolu.com.tr\/kalite-politikamiz\/\" \/>\n<meta property=\"og:site_name\" content=\"G\u00fcrmak Demiryolu A.\u015e\" \/>\n<meta property=\"article:publisher\" content=\"https:\/\/www.facebook.com\/gurmakdemiryolu\/\" \/>\n<meta property=\"article:modified_time\" content=\"2019-06-25T09:15:38+00:00\" \/>\n<meta name=\"twitter:card\" content=\"summary_large_image\" \/>\n<meta name=\"twitter:creator\" content=\"@gurmakdemiryolu\" \/>\n<meta name=\"twitter:site\" content=\"@gurmakdemiryolu\" \/>\n<meta name=\"twitter:label1\" content=\"Written by\">\n\t<meta name=\"twitter:data1\" content=\"admin\">\n\t<meta name=\"twitter:label2\" content=\"Tahmini okuma s\u00fcresi\">\n\t<meta name=\"twitter:data2\" content=\"1 dakika\">\n<script type=\"application\/ld+json\" class=\"yoast-schema-graph\">{\"@context\":\"https:\/\/schema.org\",\"@graph\":[{\"@type\":\"Organization\",\"@id\":\"https:\/\/www.gurmakdemiryolu.com.tr\/tr\/#organization\",\"name\":\"G\\u00fcrmak Demiryolu\",\"url\":\"https:\/\/www.gurmakdemiryolu.com.tr\/tr\/\",\"sameAs\":[\"https:\/\/www.facebook.com\/gurmakdemiryolu\/\",\"https:\/\/www.instagram.com\/gurmakdemiryolu\/\",\"https:\/\/www.linkedin.com\/company\/gurmak-demiryolu\",\"https:\/\/www.youtube.com\/gurmakdemiryolu\",\"https:\/\/twitter.com\/gurmakdemiryolu\"],\"logo\":{\"@type\":\"ImageObject\",\"@id\":\"https:\/\/www.gurmakdemiryolu.com.tr\/tr\/#logo\",\"inLanguage\":\"tr\",\"url\":\"https:\/\/i0.wp.com\/www.gurmakdemiryolu.com.tr\/wp-content\/uploads\/2017\/03\/gurmak_logo.jpg?fit=860%2C455&ssl=1\",\"width\":860,\"height\":455,\"caption\":\"G\\u00fcrmak Demiryolu\"},\"image\":{\"@id\":\"https:\/\/www.gurmakdemiryolu.com.tr\/tr\/#logo\"}},{\"@type\":\"WebSite\",\"@id\":\"https:\/\/www.gurmakdemiryolu.com.tr\/tr\/#website\",\"url\":\"https:\/\/www.gurmakdemiryolu.com.tr\/tr\/\",\"name\":\"G\\u00fcrmak Demiryolu A.\\u015e\",\"description\":\"Ray Ba\\u011flant\\u0131 Sistemleri\",\"publisher\":{\"@id\":\"https:\/\/www.gurmakdemiryolu.com.tr\/tr\/#organization\"},\"potentialAction\":[{\"@type\":\"SearchAction\",\"target\":\"https:\/\/www.gurmakdemiryolu.com.tr\/tr\/?s={search_term_string}\",\"query-input\":\"required name=search_term_string\"}],\"inLanguage\":\"tr\"},{\"@type\":\"WebPage\",\"@id\":\"https:\/\/www.gurmakdemiryolu.com.tr\/kalite-politikamiz\/#webpage\",\"url\":\"https:\/\/www.gurmakdemiryolu.com.tr\/kalite-politikamiz\/\",\"name\":\"Kalite Politikam\\u0131z - G\\u00fcrmak Demiryolu A.\\u015e\",\"isPartOf\":{\"@id\":\"https:\/\/www.gurmakdemiryolu.com.tr\/tr\/#website\"},\"datePublished\":\"2019-06-25T09:08:53+00:00\",\"dateModified\":\"2019-06-25T09:15:38+00:00\",\"inLanguage\":\"tr\",\"potentialAction\":[{\"@type\":\"ReadAction\",\"target\":[\"https:\/\/www.gurmakdemiryolu.com.tr\/kalite-politikamiz\/\"]}]}]}<\/script>\n<!-- \/ Yoast SEO plugin. -->","jetpack_sharing_enabled":true,"jetpack_shortlink":"https:\/\/wp.me\/PaFafb-1hd","jetpack-related-posts":[],"_links":{"self":[{"href":"https:\/\/www.gurmakdemiryolu.com.tr\/tr\/wp-json\/wp\/v2\/pages\/4911"}],"collection":[{"href":"https:\/\/www.gurmakdemiryolu.com.tr\/tr\/wp-json\/wp\/v2\/pages"}],"about":[{"href":"https:\/\/www.gurmakdemiryolu.com.tr\/tr\/wp-json\/wp\/v2\/types\/page"}],"author":[{"embeddable":true,"href":"https:\/\/www.gurmakdemiryolu.com.tr\/tr\/wp-json\/wp\/v2\/users\/1"}],"replies":[{"embeddable":true,"href":"https:\/\/www.gurmakdemiryolu.com.tr\/tr\/wp-json\/wp\/v2\/comments?post=4911"}],"version-history":[{"count":0,"href":"https:\/\/www.gurmakdemiryolu.com.tr\/tr\/wp-json\/wp\/v2\/pages\/4911\/revisions"}],"wp:attachment":[{"href":"https:\/\/www.gurmakdemiryolu.com.tr\/tr\/wp-json\/wp\/v2\/media?parent=4911"}],"curies":[{"name":"wp","href":"https:\/\/api.w.org\/{rel}","templated":true}]}}