{"id":4655,"date":"2019-02-11T14:32:51","date_gmt":"2019-02-11T11:32:51","guid":{"rendered":"http:\/\/gurmakdemiryolu.com.tr\/?page_id=4655"},"modified":"2019-02-19T19:51:35","modified_gmt":"2019-02-19T16:51:35","slug":"tps08-ray-baglanti-sistemi","status":"publish","type":"page","link":"https:\/\/www.gurmakdemiryolu.com.tr\/tr\/urunlerimiz\/tps08-ray-baglanti-sistemi\/","title":{"rendered":"TPS08 &#8211; Ray Ba\u011flant\u0131 Sistemi"},"content":{"rendered":"<p>Betona do\u011frudan tespit yap\u0131larak \u00e7al\u0131\u015fan TPS 08 ray ba\u011flant\u0131 sistemi G\u00fcrmak Demiryolu firmas\u0131 taraf\u0131ndan kent i\u00e7i hafif rayl\u0131 balasts\u0131z hatlar i\u00e7in y\u00fcksek yolcu sirk\u00fclasyonu olan metro hatlar\u0131 i\u00e7in tasarlanm\u0131\u015ft\u0131r.\u00a0 Tasar\u0131m metro projelerinde olu\u015fan y\u00fcksek yatay ve dikey kuvvetler dikkate al\u0131narak yap\u0131lm\u0131\u015ft\u0131r.<\/p>\n<p>Sistemin t\u00fcm bile\u015fenlerinde kullan\u0131lan metal, plastik ve elastik bile\u015fenlerden olu\u015fan par\u00e7alar firmam\u0131z fabrikalar\u0131nda \u00fcretilmektedir.<a href=\"https:\/\/i1.wp.com\/gurmakdemiryolu.com.tr\/wp-content\/uploads\/2019\/02\/Tps08-Sistem_edit_white.jpg\"><img data-attachment-id=\"4507\" data-permalink=\"https:\/\/www.gurmakdemiryolu.com.tr\/tr\/?attachment_id=4507\" data-orig-file=\"https:\/\/i0.wp.com\/www.gurmakdemiryolu.com.tr\/wp-content\/uploads\/2019\/02\/Tps08-Sistem_edit_white.jpg?fit=5000%2C5000&amp;ssl=1\" data-orig-size=\"5000,5000\" data-comments-opened=\"0\" data-image-meta=\"{&quot;aperture&quot;:&quot;0&quot;,&quot;credit&quot;:&quot;&quot;,&quot;camera&quot;:&quot;&quot;,&quot;caption&quot;:&quot;&quot;,&quot;created_timestamp&quot;:&quot;0&quot;,&quot;copyright&quot;:&quot;&quot;,&quot;focal_length&quot;:&quot;0&quot;,&quot;iso&quot;:&quot;0&quot;,&quot;shutter_speed&quot;:&quot;0&quot;,&quot;title&quot;:&quot;&quot;,&quot;orientation&quot;:&quot;0&quot;}\" data-image-title=\"Tps08-Sistem_edit_white\" data-image-description=\"&lt;p&gt;TPS08 Ray ba\u011flant\u0131 sistemi g\u00f6rsel&lt;br \/&gt;\nTPS08 Rail Fastening system render&lt;\/p&gt;\n\" data-medium-file=\"https:\/\/i0.wp.com\/www.gurmakdemiryolu.com.tr\/wp-content\/uploads\/2019\/02\/Tps08-Sistem_edit_white.jpg?fit=300%2C300&amp;ssl=1\" data-large-file=\"https:\/\/i0.wp.com\/www.gurmakdemiryolu.com.tr\/wp-content\/uploads\/2019\/02\/Tps08-Sistem_edit_white.jpg?fit=1024%2C1024&amp;ssl=1\" decoding=\"async\" loading=\"lazy\" class=\"aligncenter size-full wp-image-4507\" src=\"https:\/\/i1.wp.com\/gurmakdemiryolu.com.tr\/wp-content\/uploads\/2019\/02\/Tps08-Sistem_edit_white.jpg?resize=1150%2C1150\" alt=\"\" width=\"1150\" height=\"1150\" srcset=\"https:\/\/i0.wp.com\/www.gurmakdemiryolu.com.tr\/wp-content\/uploads\/2019\/02\/Tps08-Sistem_edit_white.jpg?w=5000&amp;ssl=1 5000w, https:\/\/i0.wp.com\/www.gurmakdemiryolu.com.tr\/wp-content\/uploads\/2019\/02\/Tps08-Sistem_edit_white.jpg?resize=150%2C150&amp;ssl=1 150w, https:\/\/i0.wp.com\/www.gurmakdemiryolu.com.tr\/wp-content\/uploads\/2019\/02\/Tps08-Sistem_edit_white.jpg?resize=300%2C300&amp;ssl=1 300w, https:\/\/i0.wp.com\/www.gurmakdemiryolu.com.tr\/wp-content\/uploads\/2019\/02\/Tps08-Sistem_edit_white.jpg?resize=768%2C768&amp;ssl=1 768w, https:\/\/i0.wp.com\/www.gurmakdemiryolu.com.tr\/wp-content\/uploads\/2019\/02\/Tps08-Sistem_edit_white.jpg?resize=1024%2C1024&amp;ssl=1 1024w, https:\/\/i0.wp.com\/www.gurmakdemiryolu.com.tr\/wp-content\/uploads\/2019\/02\/Tps08-Sistem_edit_white.jpg?resize=700%2C700&amp;ssl=1 700w, https:\/\/i0.wp.com\/www.gurmakdemiryolu.com.tr\/wp-content\/uploads\/2019\/02\/Tps08-Sistem_edit_white.jpg?w=2300&amp;ssl=1 2300w, https:\/\/i0.wp.com\/www.gurmakdemiryolu.com.tr\/wp-content\/uploads\/2019\/02\/Tps08-Sistem_edit_white.jpg?w=3450&amp;ssl=1 3450w\" sizes=\"(max-width: 1150px) 100vw, 1150px\" data-recalc-dims=\"1\" \/><\/a><\/p>\n<table style=\"height: 367px;\" width=\"820\">\n<tbody>\n<tr>\n<td width=\"396\"><strong>Kullan\u0131m Alan\u0131<\/strong><\/td>\n<td width=\"519\"><strong>Kenti\u00e7i rayl\u0131 sistemler, Beton Yol (Slab Track)\u00a0<\/strong><\/td>\n<\/tr>\n<tr>\n<td>Aks y\u00fck\u00fc<\/td>\n<td>\u2264 26 t<\/td>\n<\/tr>\n<tr>\n<td>H\u0131z<\/td>\n<td>\u2264 250 km\/h<\/td>\n<\/tr>\n<tr>\n<td>Minimum Kurp \u00c7ap\u0131<\/td>\n<td>\u2265 80 m<\/td>\n<\/tr>\n<tr>\n<td>Y\u00fckseklik Ayar\u0131<\/td>\n<td>+30mm<\/td>\n<\/tr>\n<tr>\n<td>Yanal Ayar (Ekartman Ayar\u0131)<\/td>\n<td>\u00b1 10 mm<\/td>\n<\/tr>\n<tr>\n<td>Yorulma Testi Skl 21<\/td>\n<td>2,5 mm<\/td>\n<\/tr>\n<tr>\n<td>Statik Elastikiyet (Ray Padi)<\/td>\n<td>\u2265 16 kN\/mm<\/td>\n<\/tr>\n<tr>\n<td>Ray Boyuna min. Diren\u00e7<\/td>\n<td>10 kN\u00a0 EN 13146-7<\/td>\n<\/tr>\n<tr>\n<td>Elektriksel Diren\u00e7<\/td>\n<td>\u2265 5 k\u03a9\u00a0 EN 13146-5<\/td>\n<\/tr>\n<tr>\n<td>Burulma Direnci<\/td>\n<td>\u2265 9 kN\u00a0 EN 13146-1<\/td>\n<\/tr>\n<tr>\n<td>Sistem Tasdiki, Onay\u0131 (EN Kar\u015f\u0131l\u0131\u011f\u0131)<\/td>\n<td>EN 13481-5<\/td>\n<\/tr>\n<\/tbody>\n<\/table>\n<p>Lejant<br \/>\nHRS:\u00a0Hafif Rayl\u0131 Sistem<br \/>\nKH:\u00a0Konvansiyonel Hat<\/p>\n<p><span style=\"color: #ffcc00;\"><strong>S\u0130STEM ONAYLARI<\/strong><\/span><\/p>\n<p>G\u00fcrmak TPS08 ray ba\u011flant\u0131 sistemi, M\u00fcnih Teknik \u00dcniversiteden sistem tasdiki yap\u0131lm\u0131\u015f olup, T\u00fcrkiye\u2019de yayg\u0131n \u015fekilde kullan\u0131lmaktad\u0131r.<\/p>\n<p>Farkl\u0131 ray tiplerine ve gereksinimlere \u00f6zel \u00e7\u00f6z\u00fcmler bulunmaktad\u0131r.<\/p>\n<p><span style=\"color: #ffcc00;\"><strong>REFERANSLAR<\/strong><\/span><\/p>\n<ul>\n<li>T\u00fcrkiye<\/li>\n<\/ul>\n<p><span style=\"color: #ffcc00;\"><strong>S\u0130STEM \u0130\u00c7ER\u0130\u011e\u0130<\/strong><\/span><\/p>\n<table width=\"915\">\n<tbody>\n<tr>\n<td width=\"396\">SKL 21<\/td>\n<td width=\"519\">K\u0131ska\u00e7<\/td>\n<\/tr>\n<tr>\n<td>SS 36 220<\/td>\n<td>Tirfon<\/td>\n<\/tr>\n<tr>\n<td>ULS 7<\/td>\n<td>Besleme Rondelas\u0131<\/td>\n<\/tr>\n<tr>\n<td>GAK 12<\/td>\n<td>A\u00e7\u0131 K\u0131lavuzu<\/td>\n<\/tr>\n<tr>\n<td>GD\u00dc 26<\/td>\n<td>D\u00fcbel<\/td>\n<\/tr>\n<tr>\n<td>ZW 1015<\/td>\n<td>Ray Pedi<\/td>\n<\/tr>\n<tr>\n<td>TPS08-54-40<\/td>\n<td>Taban Plakas\u0131<\/td>\n<\/tr>\n<tr>\n<td>KPK-02<\/td>\n<td>Plastik Kapak<\/td>\n<\/tr>\n<\/tbody>\n<\/table>\n<p><span style=\"color: #ffcc00;\"><strong>UYGUN RAY T\u0130P\u0130<\/strong><\/span><\/p>\n<ul>\n<li>Ri59\/Ri60\/E49\/E60<\/li>\n<\/ul>\n<p><span style=\"color: #ffcc00;\"><strong>\u0130ND\u0130RMELER<\/strong><\/span><\/p>\n<ul>\n<li><a href=\"http:\/\/gurmakdemiryolu.com.tr\/wp-content\/uploads\/2019\/02\/TPS08_brochure_rev2018-1.pdf\" target=\"_blank\" rel=\"noopener\">Bro\u015f\u00fcr<\/a><\/li>\n<li><a href=\"http:\/\/gurmakdemiryolu.com.tr\/wp-content\/uploads\/2019\/02\/TPS08_TUV_Test_Report.pdf\" target=\"_blank\" rel=\"noopener\">Test Raporu<\/a><\/li>\n<\/ul>\n<p><\/p>","protected":false},"excerpt":{"rendered":"<p>Betona do\u011frudan tespit yap\u0131larak \u00e7al\u0131\u015fan TPS 08 ray ba\u011flant\u0131 sistemi G\u00fcrmak Demiryolu firmas\u0131 taraf\u0131ndan kent i\u00e7i hafif rayl\u0131 balasts\u0131z hatlar i\u00e7in y\u00fcksek yolcu sirk\u00fclasyonu olan metro hatlar\u0131 i\u00e7in tasarlanm\u0131\u015ft\u0131r.\u00a0 Tasar\u0131m metro projelerinde olu\u015fan y\u00fcksek yatay ve dikey kuvvetler dikkate al\u0131narak yap\u0131lm\u0131\u015ft\u0131r. Sistemin t\u00fcm bile\u015fenlerinde kullan\u0131lan metal, plastik ve elastik bile\u015fenlerden olu\u015fan par\u00e7alar firmam\u0131z fabrikalar\u0131nda \u00fcretilmektedir. [&hellip;]<\/p>\n","protected":false},"author":1,"featured_media":4507,"parent":2841,"menu_order":0,"comment_status":"closed","ping_status":"closed","template":"","meta":{"spay_email":"","footnotes":""},"yoast_head":"<!-- This site is optimized with the Yoast SEO plugin v15.3 - https:\/\/yoast.com\/wordpress\/plugins\/seo\/ -->\n<title>TPS08 - Ray Ba\u011flant\u0131 Sistemi - G\u00fcrmak Demiryolu A.\u015e<\/title>\n<meta name=\"robots\" content=\"index, follow, max-snippet:-1, max-image-preview:large, max-video-preview:-1\" \/>\n<link rel=\"canonical\" href=\"https:\/\/www.gurmakdemiryolu.com.tr\/urunlerimiz\/tps08-ray-baglanti-sistemi\/\" \/>\n<meta property=\"og:locale\" content=\"tr_TR\" \/>\n<meta property=\"og:type\" content=\"article\" \/>\n<meta property=\"og:title\" content=\"TPS08 - Ray Ba\u011flant\u0131 Sistemi - G\u00fcrmak Demiryolu A.\u015e\" \/>\n<meta property=\"og:description\" content=\"Betona do\u011frudan tespit yap\u0131larak \u00e7al\u0131\u015fan TPS 08 ray ba\u011flant\u0131 sistemi G\u00fcrmak Demiryolu firmas\u0131 taraf\u0131ndan kent i\u00e7i hafif rayl\u0131 balasts\u0131z hatlar i\u00e7in y\u00fcksek yolcu sirk\u00fclasyonu olan metro hatlar\u0131 i\u00e7in tasarlanm\u0131\u015ft\u0131r.\u00a0 Tasar\u0131m metro projelerinde olu\u015fan y\u00fcksek yatay ve dikey kuvvetler dikkate al\u0131narak yap\u0131lm\u0131\u015ft\u0131r. Sistemin t\u00fcm bile\u015fenlerinde kullan\u0131lan metal, plastik ve elastik bile\u015fenlerden olu\u015fan par\u00e7alar firmam\u0131z fabrikalar\u0131nda \u00fcretilmektedir. [&hellip;]\" \/>\n<meta property=\"og:url\" content=\"https:\/\/www.gurmakdemiryolu.com.tr\/urunlerimiz\/tps08-ray-baglanti-sistemi\/\" \/>\n<meta property=\"og:site_name\" content=\"G\u00fcrmak Demiryolu A.\u015e\" \/>\n<meta property=\"article:publisher\" content=\"https:\/\/www.facebook.com\/gurmakdemiryolu\/\" \/>\n<meta property=\"article:modified_time\" content=\"2019-02-19T16:51:35+00:00\" \/>\n<meta property=\"og:image\" content=\"https:\/\/i0.wp.com\/www.gurmakdemiryolu.com.tr\/wp-content\/uploads\/2019\/02\/Tps08-Sistem_edit_white.jpg?fit=5000%2C5000&#038;ssl=1\" \/>\n\t<meta property=\"og:image:width\" content=\"5000\" \/>\n\t<meta property=\"og:image:height\" content=\"5000\" \/>\n<meta name=\"twitter:card\" content=\"summary_large_image\" \/>\n<meta name=\"twitter:creator\" content=\"@gurmakdemiryolu\" \/>\n<meta name=\"twitter:site\" content=\"@gurmakdemiryolu\" \/>\n<meta name=\"twitter:label1\" content=\"Written by\">\n\t<meta name=\"twitter:data1\" content=\"admin\">\n\t<meta name=\"twitter:label2\" content=\"Tahmini okuma s\u00fcresi\">\n\t<meta name=\"twitter:data2\" content=\"2 dakika\">\n<script type=\"application\/ld+json\" class=\"yoast-schema-graph\">{\"@context\":\"https:\/\/schema.org\",\"@graph\":[{\"@type\":\"Organization\",\"@id\":\"https:\/\/www.gurmakdemiryolu.com.tr\/tr\/#organization\",\"name\":\"G\\u00fcrmak Demiryolu\",\"url\":\"https:\/\/www.gurmakdemiryolu.com.tr\/tr\/\",\"sameAs\":[\"https:\/\/www.facebook.com\/gurmakdemiryolu\/\",\"https:\/\/www.instagram.com\/gurmakdemiryolu\/\",\"https:\/\/www.linkedin.com\/company\/gurmak-demiryolu\",\"https:\/\/www.youtube.com\/gurmakdemiryolu\",\"https:\/\/twitter.com\/gurmakdemiryolu\"],\"logo\":{\"@type\":\"ImageObject\",\"@id\":\"https:\/\/www.gurmakdemiryolu.com.tr\/tr\/#logo\",\"inLanguage\":\"tr\",\"url\":\"https:\/\/i0.wp.com\/www.gurmakdemiryolu.com.tr\/wp-content\/uploads\/2017\/03\/gurmak_logo.jpg?fit=860%2C455&ssl=1\",\"width\":860,\"height\":455,\"caption\":\"G\\u00fcrmak Demiryolu\"},\"image\":{\"@id\":\"https:\/\/www.gurmakdemiryolu.com.tr\/tr\/#logo\"}},{\"@type\":\"WebSite\",\"@id\":\"https:\/\/www.gurmakdemiryolu.com.tr\/tr\/#website\",\"url\":\"https:\/\/www.gurmakdemiryolu.com.tr\/tr\/\",\"name\":\"G\\u00fcrmak Demiryolu A.\\u015e\",\"description\":\"Ray Ba\\u011flant\\u0131 Sistemleri\",\"publisher\":{\"@id\":\"https:\/\/www.gurmakdemiryolu.com.tr\/tr\/#organization\"},\"potentialAction\":[{\"@type\":\"SearchAction\",\"target\":\"https:\/\/www.gurmakdemiryolu.com.tr\/tr\/?s={search_term_string}\",\"query-input\":\"required name=search_term_string\"}],\"inLanguage\":\"tr\"},{\"@type\":\"ImageObject\",\"@id\":\"https:\/\/www.gurmakdemiryolu.com.tr\/urunlerimiz\/tps08-ray-baglanti-sistemi\/#primaryimage\",\"inLanguage\":\"tr\",\"url\":\"https:\/\/i0.wp.com\/www.gurmakdemiryolu.com.tr\/wp-content\/uploads\/2019\/02\/Tps08-Sistem_edit_white.jpg?fit=5000%2C5000&ssl=1\",\"width\":5000,\"height\":5000,\"caption\":\"TPS08 Ray ba\\u011flant\\u0131 sistemi g\\u00f6rsel TPS08 Rail Fastening system render\"},{\"@type\":\"WebPage\",\"@id\":\"https:\/\/www.gurmakdemiryolu.com.tr\/urunlerimiz\/tps08-ray-baglanti-sistemi\/#webpage\",\"url\":\"https:\/\/www.gurmakdemiryolu.com.tr\/urunlerimiz\/tps08-ray-baglanti-sistemi\/\",\"name\":\"TPS08 - Ray Ba\\u011flant\\u0131 Sistemi - G\\u00fcrmak Demiryolu A.\\u015e\",\"isPartOf\":{\"@id\":\"https:\/\/www.gurmakdemiryolu.com.tr\/tr\/#website\"},\"primaryImageOfPage\":{\"@id\":\"https:\/\/www.gurmakdemiryolu.com.tr\/urunlerimiz\/tps08-ray-baglanti-sistemi\/#primaryimage\"},\"datePublished\":\"2019-02-11T11:32:51+00:00\",\"dateModified\":\"2019-02-19T16:51:35+00:00\",\"inLanguage\":\"tr\",\"potentialAction\":[{\"@type\":\"ReadAction\",\"target\":[\"https:\/\/www.gurmakdemiryolu.com.tr\/urunlerimiz\/tps08-ray-baglanti-sistemi\/\"]}]}]}<\/script>\n<!-- \/ Yoast SEO plugin. -->","jetpack_sharing_enabled":true,"jetpack_shortlink":"https:\/\/wp.me\/PaFafb-1d5","jetpack-related-posts":[],"_links":{"self":[{"href":"https:\/\/www.gurmakdemiryolu.com.tr\/tr\/wp-json\/wp\/v2\/pages\/4655"}],"collection":[{"href":"https:\/\/www.gurmakdemiryolu.com.tr\/tr\/wp-json\/wp\/v2\/pages"}],"about":[{"href":"https:\/\/www.gurmakdemiryolu.com.tr\/tr\/wp-json\/wp\/v2\/types\/page"}],"author":[{"embeddable":true,"href":"https:\/\/www.gurmakdemiryolu.com.tr\/tr\/wp-json\/wp\/v2\/users\/1"}],"replies":[{"embeddable":true,"href":"https:\/\/www.gurmakdemiryolu.com.tr\/tr\/wp-json\/wp\/v2\/comments?post=4655"}],"version-history":[{"count":0,"href":"https:\/\/www.gurmakdemiryolu.com.tr\/tr\/wp-json\/wp\/v2\/pages\/4655\/revisions"}],"up":[{"embeddable":true,"href":"https:\/\/www.gurmakdemiryolu.com.tr\/tr\/wp-json\/wp\/v2\/pages\/2841"}],"wp:featuredmedia":[{"embeddable":true,"href":"https:\/\/www.gurmakdemiryolu.com.tr\/tr\/wp-json\/wp\/v2\/media\/4507"}],"wp:attachment":[{"href":"https:\/\/www.gurmakdemiryolu.com.tr\/tr\/wp-json\/wp\/v2\/media?parent=4655"}],"curies":[{"name":"wp","href":"https:\/\/api.w.org\/{rel}","templated":true}]}}