{"id":4623,"date":"2019-02-11T10:32:37","date_gmt":"2019-02-11T07:32:37","guid":{"rendered":"http:\/\/gurmakdemiryolu.com.tr\/?page_id=4623"},"modified":"2019-02-19T15:44:20","modified_gmt":"2019-02-19T12:44:20","slug":"tps01-ray-baglanti-sistemi","status":"publish","type":"page","link":"https:\/\/www.gurmakdemiryolu.com.tr\/tr\/urunlerimiz\/tps01-ray-baglanti-sistemi\/","title":{"rendered":"TPS01 &#8211; Ray Ba\u011flant\u0131 Sistemi"},"content":{"rendered":"<p>TPS01 GTR ray ba\u011flant\u0131 sistemine g\u00f6re daha y\u00fcksek h\u0131z ve y\u00fcklerde \u00e7al\u0131\u015fabilen bu sistem T\u00fcrkiye\u2019deki \u00e7o\u011fu kent i\u00e7i sistemlerinde y\u0131llard\u0131r kullan\u0131lmaktad\u0131r.<\/p>\n<p>Metal, plastik ve elastik bile\u015fenlerden olu\u015fan sistemin t\u00fcm par\u00e7alar\u0131 firmam\u0131z taraf\u0131ndan \u00fcretilmektedir.<\/p>\n<p><a href=\"https:\/\/i2.wp.com\/gurmakdemiryolu.com.tr\/wp-content\/uploads\/2019\/02\/gurmak_tps01_ray_baglanti_sistemi-1.png\"><img data-attachment-id=\"4522\" data-permalink=\"https:\/\/www.gurmakdemiryolu.com.tr\/tr\/?attachment_id=4522\" data-orig-file=\"https:\/\/i2.wp.com\/www.gurmakdemiryolu.com.tr\/wp-content\/uploads\/2019\/02\/gurmak_tps01_ray_baglanti_sistemi-1.png?fit=708%2C550&amp;ssl=1\" data-orig-size=\"708,550\" data-comments-opened=\"0\" data-image-meta=\"{&quot;aperture&quot;:&quot;0&quot;,&quot;credit&quot;:&quot;&quot;,&quot;camera&quot;:&quot;&quot;,&quot;caption&quot;:&quot;&quot;,&quot;created_timestamp&quot;:&quot;0&quot;,&quot;copyright&quot;:&quot;&quot;,&quot;focal_length&quot;:&quot;0&quot;,&quot;iso&quot;:&quot;0&quot;,&quot;shutter_speed&quot;:&quot;0&quot;,&quot;title&quot;:&quot;&quot;,&quot;orientation&quot;:&quot;0&quot;}\" data-image-title=\"gurmak_tps01_ray_baglanti_sistemi\" data-image-description=\"\" data-medium-file=\"https:\/\/i2.wp.com\/www.gurmakdemiryolu.com.tr\/wp-content\/uploads\/2019\/02\/gurmak_tps01_ray_baglanti_sistemi-1.png?fit=300%2C233&amp;ssl=1\" data-large-file=\"https:\/\/i2.wp.com\/www.gurmakdemiryolu.com.tr\/wp-content\/uploads\/2019\/02\/gurmak_tps01_ray_baglanti_sistemi-1.png?fit=708%2C550&amp;ssl=1\" decoding=\"async\" loading=\"lazy\" class=\"aligncenter size-full wp-image-4522\" src=\"https:\/\/i2.wp.com\/gurmakdemiryolu.com.tr\/wp-content\/uploads\/2019\/02\/gurmak_tps01_ray_baglanti_sistemi-1.png?resize=708%2C550\" alt=\"\" width=\"708\" height=\"550\" srcset=\"https:\/\/i2.wp.com\/www.gurmakdemiryolu.com.tr\/wp-content\/uploads\/2019\/02\/gurmak_tps01_ray_baglanti_sistemi-1.png?w=708&amp;ssl=1 708w, https:\/\/i2.wp.com\/www.gurmakdemiryolu.com.tr\/wp-content\/uploads\/2019\/02\/gurmak_tps01_ray_baglanti_sistemi-1.png?resize=300%2C233&amp;ssl=1 300w\" sizes=\"(max-width: 708px) 100vw, 708px\" data-recalc-dims=\"1\" \/><\/a><\/p>\n<table width=\"915\">\n<tbody>\n<tr>\n<td width=\"396\">Kullan\u0131m Alan\u0131<\/td>\n<td width=\"519\">Hafif Rayl\u0131 Sistem<\/td>\n<\/tr>\n<tr>\n<td>Aks Y\u00fck\u00fc<\/td>\n<td>\u2264 13,5 t<\/td>\n<\/tr>\n<tr>\n<td>H\u0131z<\/td>\n<td>LR; \u2265 100 km\/h<\/td>\n<\/tr>\n<tr>\n<td>Minimum Kurp \u00c7ap\u0131<\/td>\n<td>LR; \u2265 40 m<\/td>\n<\/tr>\n<tr>\n<td>Y\u00fckseklik Ayar\u0131<\/td>\n<td>Opsiyonel<\/td>\n<\/tr>\n<tr>\n<td>Yanal Ayar (Ekartman Ayar\u0131)<\/td>\n<td>\u00b1 10 mm<\/td>\n<\/tr>\n<tr>\n<td>Yorulma Testi<\/td>\n<td>(Skl 14) \u2013 2mm \/ (Skl 21) \u2013 2,5mm<\/td>\n<\/tr>\n<tr>\n<td>Statik Elastikiyet<\/td>\n<td>\u2265 30 kN\/mm EN 13146-9<\/td>\n<\/tr>\n<tr>\n<td>Ray Boyuna min. Diren\u00e7<\/td>\n<td>9 kN EN 13146-7<\/td>\n<\/tr>\n<tr>\n<td>Elektriksel Diren\u00e7<\/td>\n<td>\u2265 5 k\u03a9 EN 13146-5<\/td>\n<\/tr>\n<tr>\n<td>Burulma Direnci<\/td>\n<td>\u2265 9 kN EN 13146-1<\/td>\n<\/tr>\n<tr>\n<td>Sistem Tasdiki, Onay\u0131 (EN Kar\u015f\u0131l\u0131\u011f\u0131)<\/td>\n<td>EN 13146-5<\/td>\n<\/tr>\n<\/tbody>\n<\/table>\n<p>Lejant<br \/>\nHRS:\u00a0Hafif Rayl\u0131 Sistem<br \/>\nKH:\u00a0Konvansiyonel Hat<\/p>\n<p><span style=\"color: #ffcc00;\"><strong>S\u0130STEM ONAYLARI<\/strong><\/span><\/p>\n<p>G\u00fcrmak TPS01 GTR ray ba\u011flant\u0131 sistemi, M\u00fcnih Teknik \u00dcniversiteden sistem tasdiki yap\u0131lm\u0131\u015f olup, T\u00fcrkiye\u2019de yayg\u0131n \u015fekilde kullan\u0131lmaktad\u0131r.<\/p>\n<p>Farkl\u0131 ray tiplerine ve gereksinimlere \u00f6zel \u00e7\u00f6z\u00fcmler bulunmaktad\u0131r.<\/p>\n<p><strong><span style=\"color: #ffcc00;\">REFERANSLAR<\/span><\/strong><\/p>\n<ul>\n<li style=\"list-style-type: none;\">\n<ul>\n<li>T\u00fcrkiye<\/li>\n<\/ul>\n<\/li>\n<\/ul>\n<p><span style=\"color: #ffcc00;\"><strong>S\u0130STEM \u0130\u00c7ER\u0130\u011e\u0130<\/strong><\/span><\/p>\n<table width=\"915\">\n<tbody>\n<tr>\n<td width=\"396\">SKL 14\/21<\/td>\n<td width=\"519\">K\u0131ska\u00e7<\/td>\n<\/tr>\n<tr>\n<td>SS 36<\/td>\n<td>Tirfon<\/td>\n<\/tr>\n<tr>\n<td>ULS 7<\/td>\n<td>Besleme Rondelas\u0131<\/td>\n<\/tr>\n<tr>\n<td>AKB 21 B\/WFP1412<\/td>\n<td>A\u00e7\u0131 K\u0131lavuzu<\/td>\n<\/tr>\n<tr>\n<td>GD\u00dc 26<\/td>\n<td>D\u00fcbel<\/td>\n<\/tr>\n<tr>\n<td>ZW 900<\/td>\n<td>Ray Alt\u0131 Ped<\/td>\n<\/tr>\n<tr>\n<td>TPS01 &#8211; 180<\/td>\n<td>Taban Plakas\u0131<\/td>\n<\/tr>\n<tr>\n<td>KPK-02<\/td>\n<td>Plastik Kapak<\/td>\n<\/tr>\n<\/tbody>\n<\/table>\n<p><span style=\"color: #ffcc00;\"><strong>UYGUN RAY T\u0130P\u0130<\/strong><\/span><\/p>\n<ul>\n<li>Ri59\/Ri60\/E49\/E60<\/li>\n<\/ul>\n<p><span style=\"color: #ffcc00;\"><strong>\u0130ND\u0130RMELER<\/strong><\/span><\/p>\n<ul>\n<li><a href=\"http:\/\/gurmakdemiryolu.com.tr\/wp-content\/uploads\/2019\/02\/TPS01_Brochure_rev02_2018.pdf\" target=\"_blank\" rel=\"noopener\">Bro\u015f\u00fcr<\/a><\/li>\n<li><a href=\"http:\/\/gurmakdemiryolu.com.tr\/wp-content\/uploads\/2019\/02\/TPS01_Munich_Test_Report.pdf\" target=\"_blank\" rel=\"noopener\">Test Raporu<\/a><\/li>\n<\/ul>\n<p><\/p>","protected":false},"excerpt":{"rendered":"<p>TPS01 GTR ray ba\u011flant\u0131 sistemine g\u00f6re daha y\u00fcksek h\u0131z ve y\u00fcklerde \u00e7al\u0131\u015fabilen bu sistem T\u00fcrkiye\u2019deki \u00e7o\u011fu kent i\u00e7i sistemlerinde y\u0131llard\u0131r kullan\u0131lmaktad\u0131r. Metal, plastik ve elastik bile\u015fenlerden olu\u015fan sistemin t\u00fcm par\u00e7alar\u0131 firmam\u0131z taraf\u0131ndan \u00fcretilmektedir. Kullan\u0131m Alan\u0131 Hafif Rayl\u0131 Sistem Aks Y\u00fck\u00fc \u2264 13,5 t H\u0131z LR; \u2265 100 km\/h Minimum Kurp \u00c7ap\u0131 LR; \u2265 40 m [&hellip;]<\/p>\n","protected":false},"author":1,"featured_media":4488,"parent":2841,"menu_order":0,"comment_status":"closed","ping_status":"closed","template":"","meta":{"spay_email":"","footnotes":""},"yoast_head":"<!-- This site is optimized with the Yoast SEO plugin v15.3 - https:\/\/yoast.com\/wordpress\/plugins\/seo\/ -->\n<title>TPS01 - Ray Ba\u011flant\u0131 Sistemi - G\u00fcrmak Demiryolu A.\u015e<\/title>\n<meta name=\"robots\" content=\"index, follow, max-snippet:-1, max-image-preview:large, max-video-preview:-1\" \/>\n<link rel=\"canonical\" href=\"https:\/\/www.gurmakdemiryolu.com.tr\/urunlerimiz\/tps01-ray-baglanti-sistemi\/\" \/>\n<meta property=\"og:locale\" content=\"tr_TR\" \/>\n<meta property=\"og:type\" content=\"article\" \/>\n<meta property=\"og:title\" content=\"TPS01 - Ray Ba\u011flant\u0131 Sistemi - G\u00fcrmak Demiryolu A.\u015e\" \/>\n<meta property=\"og:description\" content=\"TPS01 GTR ray ba\u011flant\u0131 sistemine g\u00f6re daha y\u00fcksek h\u0131z ve y\u00fcklerde \u00e7al\u0131\u015fabilen bu sistem T\u00fcrkiye\u2019deki \u00e7o\u011fu kent i\u00e7i sistemlerinde y\u0131llard\u0131r kullan\u0131lmaktad\u0131r. Metal, plastik ve elastik bile\u015fenlerden olu\u015fan sistemin t\u00fcm par\u00e7alar\u0131 firmam\u0131z taraf\u0131ndan \u00fcretilmektedir. Kullan\u0131m Alan\u0131 Hafif Rayl\u0131 Sistem Aks Y\u00fck\u00fc \u2264 13,5 t H\u0131z LR; \u2265 100 km\/h Minimum Kurp \u00c7ap\u0131 LR; \u2265 40 m [&hellip;]\" \/>\n<meta property=\"og:url\" content=\"https:\/\/www.gurmakdemiryolu.com.tr\/urunlerimiz\/tps01-ray-baglanti-sistemi\/\" \/>\n<meta property=\"og:site_name\" content=\"G\u00fcrmak Demiryolu A.\u015e\" \/>\n<meta property=\"article:publisher\" content=\"https:\/\/www.facebook.com\/gurmakdemiryolu\/\" \/>\n<meta property=\"article:modified_time\" content=\"2019-02-19T12:44:20+00:00\" \/>\n<meta property=\"og:image\" content=\"https:\/\/i0.wp.com\/www.gurmakdemiryolu.com.tr\/wp-content\/uploads\/2019\/02\/gurmak_tps05_ray_baglanti_sistemi.jpg?fit=1625%2C1236&#038;ssl=1\" \/>\n\t<meta property=\"og:image:width\" content=\"1625\" \/>\n\t<meta property=\"og:image:height\" content=\"1236\" \/>\n<meta name=\"twitter:card\" content=\"summary_large_image\" \/>\n<meta name=\"twitter:creator\" content=\"@gurmakdemiryolu\" \/>\n<meta name=\"twitter:site\" content=\"@gurmakdemiryolu\" \/>\n<meta name=\"twitter:label1\" content=\"Written by\">\n\t<meta name=\"twitter:data1\" content=\"admin\">\n\t<meta name=\"twitter:label2\" content=\"Tahmini okuma s\u00fcresi\">\n\t<meta name=\"twitter:data2\" content=\"2 dakika\">\n<script type=\"application\/ld+json\" class=\"yoast-schema-graph\">{\"@context\":\"https:\/\/schema.org\",\"@graph\":[{\"@type\":\"Organization\",\"@id\":\"https:\/\/www.gurmakdemiryolu.com.tr\/tr\/#organization\",\"name\":\"G\\u00fcrmak Demiryolu\",\"url\":\"https:\/\/www.gurmakdemiryolu.com.tr\/tr\/\",\"sameAs\":[\"https:\/\/www.facebook.com\/gurmakdemiryolu\/\",\"https:\/\/www.instagram.com\/gurmakdemiryolu\/\",\"https:\/\/www.linkedin.com\/company\/gurmak-demiryolu\",\"https:\/\/www.youtube.com\/gurmakdemiryolu\",\"https:\/\/twitter.com\/gurmakdemiryolu\"],\"logo\":{\"@type\":\"ImageObject\",\"@id\":\"https:\/\/www.gurmakdemiryolu.com.tr\/tr\/#logo\",\"inLanguage\":\"tr\",\"url\":\"https:\/\/i0.wp.com\/www.gurmakdemiryolu.com.tr\/wp-content\/uploads\/2017\/03\/gurmak_logo.jpg?fit=860%2C455&ssl=1\",\"width\":860,\"height\":455,\"caption\":\"G\\u00fcrmak Demiryolu\"},\"image\":{\"@id\":\"https:\/\/www.gurmakdemiryolu.com.tr\/tr\/#logo\"}},{\"@type\":\"WebSite\",\"@id\":\"https:\/\/www.gurmakdemiryolu.com.tr\/tr\/#website\",\"url\":\"https:\/\/www.gurmakdemiryolu.com.tr\/tr\/\",\"name\":\"G\\u00fcrmak Demiryolu A.\\u015e\",\"description\":\"Ray Ba\\u011flant\\u0131 Sistemleri\",\"publisher\":{\"@id\":\"https:\/\/www.gurmakdemiryolu.com.tr\/tr\/#organization\"},\"potentialAction\":[{\"@type\":\"SearchAction\",\"target\":\"https:\/\/www.gurmakdemiryolu.com.tr\/tr\/?s={search_term_string}\",\"query-input\":\"required name=search_term_string\"}],\"inLanguage\":\"tr\"},{\"@type\":\"ImageObject\",\"@id\":\"https:\/\/www.gurmakdemiryolu.com.tr\/urunlerimiz\/tps01-ray-baglanti-sistemi\/#primaryimage\",\"inLanguage\":\"tr\",\"url\":\"https:\/\/i0.wp.com\/www.gurmakdemiryolu.com.tr\/wp-content\/uploads\/2019\/02\/gurmak_tps05_ray_baglanti_sistemi.jpg?fit=1625%2C1236&ssl=1\",\"width\":1625,\"height\":1236},{\"@type\":\"WebPage\",\"@id\":\"https:\/\/www.gurmakdemiryolu.com.tr\/urunlerimiz\/tps01-ray-baglanti-sistemi\/#webpage\",\"url\":\"https:\/\/www.gurmakdemiryolu.com.tr\/urunlerimiz\/tps01-ray-baglanti-sistemi\/\",\"name\":\"TPS01 - Ray Ba\\u011flant\\u0131 Sistemi - G\\u00fcrmak Demiryolu A.\\u015e\",\"isPartOf\":{\"@id\":\"https:\/\/www.gurmakdemiryolu.com.tr\/tr\/#website\"},\"primaryImageOfPage\":{\"@id\":\"https:\/\/www.gurmakdemiryolu.com.tr\/urunlerimiz\/tps01-ray-baglanti-sistemi\/#primaryimage\"},\"datePublished\":\"2019-02-11T07:32:37+00:00\",\"dateModified\":\"2019-02-19T12:44:20+00:00\",\"inLanguage\":\"tr\",\"potentialAction\":[{\"@type\":\"ReadAction\",\"target\":[\"https:\/\/www.gurmakdemiryolu.com.tr\/urunlerimiz\/tps01-ray-baglanti-sistemi\/\"]}]}]}<\/script>\n<!-- \/ Yoast SEO plugin. -->","jetpack_sharing_enabled":true,"jetpack_shortlink":"https:\/\/wp.me\/PaFafb-1cz","jetpack-related-posts":[],"_links":{"self":[{"href":"https:\/\/www.gurmakdemiryolu.com.tr\/tr\/wp-json\/wp\/v2\/pages\/4623"}],"collection":[{"href":"https:\/\/www.gurmakdemiryolu.com.tr\/tr\/wp-json\/wp\/v2\/pages"}],"about":[{"href":"https:\/\/www.gurmakdemiryolu.com.tr\/tr\/wp-json\/wp\/v2\/types\/page"}],"author":[{"embeddable":true,"href":"https:\/\/www.gurmakdemiryolu.com.tr\/tr\/wp-json\/wp\/v2\/users\/1"}],"replies":[{"embeddable":true,"href":"https:\/\/www.gurmakdemiryolu.com.tr\/tr\/wp-json\/wp\/v2\/comments?post=4623"}],"version-history":[{"count":0,"href":"https:\/\/www.gurmakdemiryolu.com.tr\/tr\/wp-json\/wp\/v2\/pages\/4623\/revisions"}],"up":[{"embeddable":true,"href":"https:\/\/www.gurmakdemiryolu.com.tr\/tr\/wp-json\/wp\/v2\/pages\/2841"}],"wp:featuredmedia":[{"embeddable":true,"href":"https:\/\/www.gurmakdemiryolu.com.tr\/tr\/wp-json\/wp\/v2\/media\/4488"}],"wp:attachment":[{"href":"https:\/\/www.gurmakdemiryolu.com.tr\/tr\/wp-json\/wp\/v2\/media?parent=4623"}],"curies":[{"name":"wp","href":"https:\/\/api.w.org\/{rel}","templated":true}]}}