{"id":4617,"date":"2019-02-11T10:15:56","date_gmt":"2019-02-11T07:15:56","guid":{"rendered":"http:\/\/gurmakdemiryolu.com.tr\/?page_id=4617"},"modified":"2019-02-19T17:03:20","modified_gmt":"2019-02-19T14:03:20","slug":"grmay1-ray-baglanti-sistemi","status":"publish","type":"page","link":"https:\/\/www.gurmakdemiryolu.com.tr\/tr\/urunlerimiz\/grmay1-ray-baglanti-sistemi\/","title":{"rendered":"GRM AY1 &#8211; Ray Ba\u011flant\u0131 Sistemi"},"content":{"rendered":"<p>GRM AY1 ray ba\u011flant\u0131 sistemi a\u011f\u0131r y\u00fck ta\u015f\u0131mac\u0131l\u0131\u011f\u0131 gerektiren demiryolllar\u0131nda kullan\u0131lmak \u00fczere tasarlanm\u0131\u015ft\u0131r.<\/p>\n<p>GRM AY1 ray ba\u011flant\u0131 sistemi 35 ton aks y\u00fck\u00fcne g\u00f6redir. Yorulma direnci e\u015fde\u011fer sistemlere g\u00f6re daha fazla deplasmana sahiptir. 2,8 mm deplasmanda dahi \u00e7al\u0131\u015facak kalifiye par\u00e7alardan olu\u015fan sistemin uygulamas\u0131 olduk\u00e7a kolay olup, uzun y\u0131llar dayan\u0131kl\u0131 \u015fekilde i\u015flevini yerine getirir.<\/p>\n<p>GRM AY1 ray ba\u011flant\u0131 sistemi, G\u00fcrmak\u2019\u0131n patentli \u00fcr\u00fcn\u00fc olup, metal, plastik ve elastik bile\u015fenlerden olu\u015fan sistemin t\u00fcm par\u00e7alar\u0131 firmam\u0131z taraf\u0131ndan \u00fcretilmektedir.<\/p>\n<p><a href=\"https:\/\/i0.wp.com\/gurmakdemiryolu.com.tr\/wp-content\/uploads\/2019\/02\/GRM-AY-1_Agiryuk_fin_render_edited.jpg\"><img data-attachment-id=\"4504\" data-permalink=\"https:\/\/www.gurmakdemiryolu.com.tr\/tr\/?attachment_id=4504\" data-orig-file=\"https:\/\/i1.wp.com\/www.gurmakdemiryolu.com.tr\/wp-content\/uploads\/2019\/02\/GRM-AY-1_Agiryuk_fin_render_edited.jpg?fit=4500%2C4500&amp;ssl=1\" data-orig-size=\"4500,4500\" data-comments-opened=\"0\" data-image-meta=\"{&quot;aperture&quot;:&quot;0&quot;,&quot;credit&quot;:&quot;&quot;,&quot;camera&quot;:&quot;&quot;,&quot;caption&quot;:&quot;&quot;,&quot;created_timestamp&quot;:&quot;0&quot;,&quot;copyright&quot;:&quot;&quot;,&quot;focal_length&quot;:&quot;0&quot;,&quot;iso&quot;:&quot;0&quot;,&quot;shutter_speed&quot;:&quot;0&quot;,&quot;title&quot;:&quot;&quot;,&quot;orientation&quot;:&quot;0&quot;}\" data-image-title=\"GRM AY 1_Agiryuk_fin_render_edited\" data-image-description=\"&lt;p&gt;GRM AY1 Ray ba\u011flant\u0131 sistemi g\u00f6rsel&lt;br \/&gt;\nGRM AY1 Rail Fastening system render&lt;\/p&gt;\n\" data-medium-file=\"https:\/\/i1.wp.com\/www.gurmakdemiryolu.com.tr\/wp-content\/uploads\/2019\/02\/GRM-AY-1_Agiryuk_fin_render_edited.jpg?fit=300%2C300&amp;ssl=1\" data-large-file=\"https:\/\/i1.wp.com\/www.gurmakdemiryolu.com.tr\/wp-content\/uploads\/2019\/02\/GRM-AY-1_Agiryuk_fin_render_edited.jpg?fit=1024%2C1024&amp;ssl=1\" decoding=\"async\" loading=\"lazy\" class=\"aligncenter size-full wp-image-4504\" src=\"https:\/\/i0.wp.com\/gurmakdemiryolu.com.tr\/wp-content\/uploads\/2019\/02\/GRM-AY-1_Agiryuk_fin_render_edited.jpg?resize=1150%2C1150\" alt=\"\" width=\"1150\" height=\"1150\" srcset=\"https:\/\/i1.wp.com\/www.gurmakdemiryolu.com.tr\/wp-content\/uploads\/2019\/02\/GRM-AY-1_Agiryuk_fin_render_edited.jpg?w=4500&amp;ssl=1 4500w, https:\/\/i1.wp.com\/www.gurmakdemiryolu.com.tr\/wp-content\/uploads\/2019\/02\/GRM-AY-1_Agiryuk_fin_render_edited.jpg?resize=150%2C150&amp;ssl=1 150w, https:\/\/i1.wp.com\/www.gurmakdemiryolu.com.tr\/wp-content\/uploads\/2019\/02\/GRM-AY-1_Agiryuk_fin_render_edited.jpg?resize=300%2C300&amp;ssl=1 300w, https:\/\/i1.wp.com\/www.gurmakdemiryolu.com.tr\/wp-content\/uploads\/2019\/02\/GRM-AY-1_Agiryuk_fin_render_edited.jpg?resize=768%2C768&amp;ssl=1 768w, https:\/\/i1.wp.com\/www.gurmakdemiryolu.com.tr\/wp-content\/uploads\/2019\/02\/GRM-AY-1_Agiryuk_fin_render_edited.jpg?resize=1024%2C1024&amp;ssl=1 1024w, https:\/\/i1.wp.com\/www.gurmakdemiryolu.com.tr\/wp-content\/uploads\/2019\/02\/GRM-AY-1_Agiryuk_fin_render_edited.jpg?resize=700%2C700&amp;ssl=1 700w, https:\/\/i1.wp.com\/www.gurmakdemiryolu.com.tr\/wp-content\/uploads\/2019\/02\/GRM-AY-1_Agiryuk_fin_render_edited.jpg?w=2300&amp;ssl=1 2300w, https:\/\/i1.wp.com\/www.gurmakdemiryolu.com.tr\/wp-content\/uploads\/2019\/02\/GRM-AY-1_Agiryuk_fin_render_edited.jpg?w=3450&amp;ssl=1 3450w\" sizes=\"(max-width: 1150px) 100vw, 1150px\" data-recalc-dims=\"1\" \/><\/a><\/p>\n<table width=\"927\">\n<tbody>\n<tr>\n<td width=\"379\"><strong>Kullan\u0131m Alan\u0131<\/strong><\/td>\n<td width=\"548\"><strong>A\u011f\u0131r Y\u00fck Ta\u015f\u0131mac\u0131l\u0131\u011f\u0131<\/strong><\/td>\n<\/tr>\n<tr>\n<td>Aks Y\u00fck\u00fc<\/td>\n<td>\u2264 35 t<\/td>\n<\/tr>\n<tr>\n<td>H\u0131z<\/td>\n<td>HH \u2264 160 km\/h<\/td>\n<\/tr>\n<tr>\n<td>Minimum Kurp \u00c7ap\u0131<\/td>\n<td>HH \u2265 400 m<\/td>\n<\/tr>\n<tr>\n<td>Y\u00fckseklik Ayar\u0131<\/td>\n<td>Opsiyonel<\/td>\n<\/tr>\n<tr>\n<td>Yanal Ayar (Ekartman Ayar\u0131)<\/td>\n<td>\u00b1 10 mm<\/td>\n<\/tr>\n<tr>\n<td>Yorulma Testi GK 1<\/td>\n<td>2,8 mm<\/td>\n<\/tr>\n<tr>\n<td>Statik Elastikiyet<\/td>\n<td>50 \u2013 400 kN\/mm\u00a0 \u00a0EN 13146-9<\/td>\n<\/tr>\n<tr>\n<td>Ray Boyuna min. Diren\u00e7<\/td>\n<td>12,5 kN EN 13146-7<\/td>\n<\/tr>\n<tr>\n<td>Elektriksel Diren\u00e7<\/td>\n<td>\u2265 5 k\u03a9\u00a0 EN 13146-5<\/td>\n<\/tr>\n<tr>\n<td>Burulma Direnci<\/td>\n<td>\u2265 9 kN EN 13146-1<\/td>\n<\/tr>\n<tr>\n<td>Sistem Tasdiki, Onay\u0131 (EN Kar\u015f\u0131l\u0131\u011f\u0131)<\/td>\n<td>EN 13481-2<\/td>\n<\/tr>\n<\/tbody>\n<\/table>\n<p>Lejant<br \/>\nAY: A\u011f\u0131r Y\u00fck<\/p>\n<p><span style=\"color: #ffcc00;\"><strong>S\u0130STEM ONAYLARI<\/strong><\/span><\/p>\n<p>G\u00fcrmak GRM AY1 ray ba\u011flant\u0131 sistemi M\u00fcnih Teknik \u00dcniversiteden sistem taraf\u0131ndan test edilip onaylanm\u0131\u015ft\u0131r.<\/p>\n<p>Farkl\u0131 ray tiplerine ve gereksinimlere \u00f6zel \u00e7\u00f6z\u00fcmler bulunmaktad\u0131r.<\/p>\n<p><span style=\"color: #ffcc00;\"><strong>ANA REFERANSLAR<\/strong><\/span><\/p>\n<ul>\n<li>Kazakistan<\/li>\n<li>Azerbeycan<\/li>\n<\/ul>\n<p><span style=\"color: #ffcc00;\"><strong>S\u0130STEM \u0130\u00c7ER\u0130\u011e\u0130<\/strong><\/span><\/p>\n<table width=\"927\">\n<tbody>\n<tr>\n<td width=\"379\">\u00a0GK1<\/td>\n<td width=\"548\">Yayl\u0131 K\u0131ska\u00e7<\/td>\n<\/tr>\n<tr>\n<td>SS 23\/35<\/td>\n<td>Tirfon<\/td>\n<\/tr>\n<tr>\n<td>ULS 7<\/td>\n<td>Besleme Rondelas\u0131<\/td>\n<\/tr>\n<tr>\n<td>GAK130-12<\/td>\n<td>A\u00e7\u0131 K\u0131lavuzu<\/td>\n<\/tr>\n<tr>\n<td>SDU 9\/SD\u00dc 25<\/td>\n<td>D\u00fcbel<\/td>\n<\/tr>\n<tr>\n<td>GAS 139 \/ 175<\/td>\n<td>Ray alt\u0131 Ped<\/td>\n<\/tr>\n<tr>\n<td>KPK-02<\/td>\n<td>Plastik Kapak<\/td>\n<\/tr>\n<\/tbody>\n<\/table>\n<div><\/div>\n<div class=\"gdlr-core-image-item-wrap gdlr-core-media-image gdlr-core-image-item-style-rectangle\"><span style=\"color: #ffcc00;\"><strong>\u0130ND\u0130RMELER<\/strong><\/span><\/div>\n<ul>\n<li><a href=\"http:\/\/gurmakdemiryolu.com.tr\/wp-content\/uploads\/2019\/02\/GRMAY1_FOY_rev02_2018-1.pdf\">Bro\u015f\u00fcr<\/a><\/li>\n<li><a href=\"http:\/\/gurmakdemiryolu.com.tr\/wp-content\/uploads\/2019\/02\/GRM-AY1-MUNIH-TEST.pdf\">Test Raporu<\/a><\/li>\n<\/ul>\n<p><\/p>","protected":false},"excerpt":{"rendered":"<p>GRM AY1 ray ba\u011flant\u0131 sistemi a\u011f\u0131r y\u00fck ta\u015f\u0131mac\u0131l\u0131\u011f\u0131 gerektiren demiryolllar\u0131nda kullan\u0131lmak \u00fczere tasarlanm\u0131\u015ft\u0131r. GRM AY1 ray ba\u011flant\u0131 sistemi 35 ton aks y\u00fck\u00fcne g\u00f6redir. Yorulma direnci e\u015fde\u011fer sistemlere g\u00f6re daha fazla deplasmana sahiptir. 2,8 mm deplasmanda dahi \u00e7al\u0131\u015facak kalifiye par\u00e7alardan olu\u015fan sistemin uygulamas\u0131 olduk\u00e7a kolay olup, uzun y\u0131llar dayan\u0131kl\u0131 \u015fekilde i\u015flevini yerine getirir. GRM AY1 ray [&hellip;]<\/p>\n","protected":false},"author":1,"featured_media":4504,"parent":2841,"menu_order":0,"comment_status":"closed","ping_status":"closed","template":"","meta":{"spay_email":"","footnotes":""},"yoast_head":"<!-- This site is optimized with the Yoast SEO plugin v15.3 - https:\/\/yoast.com\/wordpress\/plugins\/seo\/ -->\n<title>GRM AY1 - Ray Ba\u011flant\u0131 Sistemi - G\u00fcrmak Demiryolu A.\u015e<\/title>\n<meta name=\"robots\" content=\"index, follow, max-snippet:-1, max-image-preview:large, max-video-preview:-1\" \/>\n<link rel=\"canonical\" href=\"https:\/\/www.gurmakdemiryolu.com.tr\/urunlerimiz\/grmay1-ray-baglanti-sistemi\/\" \/>\n<meta property=\"og:locale\" content=\"tr_TR\" \/>\n<meta property=\"og:type\" content=\"article\" \/>\n<meta property=\"og:title\" content=\"GRM AY1 - Ray Ba\u011flant\u0131 Sistemi - G\u00fcrmak Demiryolu A.\u015e\" \/>\n<meta property=\"og:description\" content=\"GRM AY1 ray ba\u011flant\u0131 sistemi a\u011f\u0131r y\u00fck ta\u015f\u0131mac\u0131l\u0131\u011f\u0131 gerektiren demiryolllar\u0131nda kullan\u0131lmak \u00fczere tasarlanm\u0131\u015ft\u0131r. GRM AY1 ray ba\u011flant\u0131 sistemi 35 ton aks y\u00fck\u00fcne g\u00f6redir. Yorulma direnci e\u015fde\u011fer sistemlere g\u00f6re daha fazla deplasmana sahiptir. 2,8 mm deplasmanda dahi \u00e7al\u0131\u015facak kalifiye par\u00e7alardan olu\u015fan sistemin uygulamas\u0131 olduk\u00e7a kolay olup, uzun y\u0131llar dayan\u0131kl\u0131 \u015fekilde i\u015flevini yerine getirir. GRM AY1 ray [&hellip;]\" \/>\n<meta property=\"og:url\" content=\"https:\/\/www.gurmakdemiryolu.com.tr\/urunlerimiz\/grmay1-ray-baglanti-sistemi\/\" \/>\n<meta property=\"og:site_name\" content=\"G\u00fcrmak Demiryolu A.\u015e\" \/>\n<meta property=\"article:publisher\" content=\"https:\/\/www.facebook.com\/gurmakdemiryolu\/\" \/>\n<meta property=\"article:modified_time\" content=\"2019-02-19T14:03:20+00:00\" \/>\n<meta property=\"og:image\" content=\"https:\/\/i1.wp.com\/www.gurmakdemiryolu.com.tr\/wp-content\/uploads\/2019\/02\/GRM-AY-1_Agiryuk_fin_render_edited.jpg?fit=4500%2C4500&#038;ssl=1\" \/>\n\t<meta property=\"og:image:width\" content=\"4500\" \/>\n\t<meta property=\"og:image:height\" content=\"4500\" \/>\n<meta name=\"twitter:card\" content=\"summary_large_image\" \/>\n<meta name=\"twitter:creator\" content=\"@gurmakdemiryolu\" \/>\n<meta name=\"twitter:site\" content=\"@gurmakdemiryolu\" \/>\n<meta name=\"twitter:label1\" content=\"Written by\">\n\t<meta name=\"twitter:data1\" content=\"admin\">\n\t<meta name=\"twitter:label2\" content=\"Tahmini okuma s\u00fcresi\">\n\t<meta name=\"twitter:data2\" content=\"2 dakika\">\n<script type=\"application\/ld+json\" class=\"yoast-schema-graph\">{\"@context\":\"https:\/\/schema.org\",\"@graph\":[{\"@type\":\"Organization\",\"@id\":\"https:\/\/www.gurmakdemiryolu.com.tr\/tr\/#organization\",\"name\":\"G\\u00fcrmak Demiryolu\",\"url\":\"https:\/\/www.gurmakdemiryolu.com.tr\/tr\/\",\"sameAs\":[\"https:\/\/www.facebook.com\/gurmakdemiryolu\/\",\"https:\/\/www.instagram.com\/gurmakdemiryolu\/\",\"https:\/\/www.linkedin.com\/company\/gurmak-demiryolu\",\"https:\/\/www.youtube.com\/gurmakdemiryolu\",\"https:\/\/twitter.com\/gurmakdemiryolu\"],\"logo\":{\"@type\":\"ImageObject\",\"@id\":\"https:\/\/www.gurmakdemiryolu.com.tr\/tr\/#logo\",\"inLanguage\":\"tr\",\"url\":\"https:\/\/i0.wp.com\/www.gurmakdemiryolu.com.tr\/wp-content\/uploads\/2017\/03\/gurmak_logo.jpg?fit=860%2C455&ssl=1\",\"width\":860,\"height\":455,\"caption\":\"G\\u00fcrmak Demiryolu\"},\"image\":{\"@id\":\"https:\/\/www.gurmakdemiryolu.com.tr\/tr\/#logo\"}},{\"@type\":\"WebSite\",\"@id\":\"https:\/\/www.gurmakdemiryolu.com.tr\/tr\/#website\",\"url\":\"https:\/\/www.gurmakdemiryolu.com.tr\/tr\/\",\"name\":\"G\\u00fcrmak Demiryolu A.\\u015e\",\"description\":\"Ray Ba\\u011flant\\u0131 Sistemleri\",\"publisher\":{\"@id\":\"https:\/\/www.gurmakdemiryolu.com.tr\/tr\/#organization\"},\"potentialAction\":[{\"@type\":\"SearchAction\",\"target\":\"https:\/\/www.gurmakdemiryolu.com.tr\/tr\/?s={search_term_string}\",\"query-input\":\"required name=search_term_string\"}],\"inLanguage\":\"tr\"},{\"@type\":\"ImageObject\",\"@id\":\"https:\/\/www.gurmakdemiryolu.com.tr\/urunlerimiz\/grmay1-ray-baglanti-sistemi\/#primaryimage\",\"inLanguage\":\"tr\",\"url\":\"https:\/\/i1.wp.com\/www.gurmakdemiryolu.com.tr\/wp-content\/uploads\/2019\/02\/GRM-AY-1_Agiryuk_fin_render_edited.jpg?fit=4500%2C4500&ssl=1\",\"width\":4500,\"height\":4500,\"caption\":\"GRM AY1 Ray ba\\u011flant\\u0131 sistemi g\\u00f6rsel GRM AY1 Rail Fastening system render\"},{\"@type\":\"WebPage\",\"@id\":\"https:\/\/www.gurmakdemiryolu.com.tr\/urunlerimiz\/grmay1-ray-baglanti-sistemi\/#webpage\",\"url\":\"https:\/\/www.gurmakdemiryolu.com.tr\/urunlerimiz\/grmay1-ray-baglanti-sistemi\/\",\"name\":\"GRM AY1 - Ray Ba\\u011flant\\u0131 Sistemi - G\\u00fcrmak Demiryolu A.\\u015e\",\"isPartOf\":{\"@id\":\"https:\/\/www.gurmakdemiryolu.com.tr\/tr\/#website\"},\"primaryImageOfPage\":{\"@id\":\"https:\/\/www.gurmakdemiryolu.com.tr\/urunlerimiz\/grmay1-ray-baglanti-sistemi\/#primaryimage\"},\"datePublished\":\"2019-02-11T07:15:56+00:00\",\"dateModified\":\"2019-02-19T14:03:20+00:00\",\"inLanguage\":\"tr\",\"potentialAction\":[{\"@type\":\"ReadAction\",\"target\":[\"https:\/\/www.gurmakdemiryolu.com.tr\/urunlerimiz\/grmay1-ray-baglanti-sistemi\/\"]}]}]}<\/script>\n<!-- \/ Yoast SEO plugin. -->","jetpack_sharing_enabled":true,"jetpack_shortlink":"https:\/\/wp.me\/PaFafb-1ct","jetpack-related-posts":[],"_links":{"self":[{"href":"https:\/\/www.gurmakdemiryolu.com.tr\/tr\/wp-json\/wp\/v2\/pages\/4617"}],"collection":[{"href":"https:\/\/www.gurmakdemiryolu.com.tr\/tr\/wp-json\/wp\/v2\/pages"}],"about":[{"href":"https:\/\/www.gurmakdemiryolu.com.tr\/tr\/wp-json\/wp\/v2\/types\/page"}],"author":[{"embeddable":true,"href":"https:\/\/www.gurmakdemiryolu.com.tr\/tr\/wp-json\/wp\/v2\/users\/1"}],"replies":[{"embeddable":true,"href":"https:\/\/www.gurmakdemiryolu.com.tr\/tr\/wp-json\/wp\/v2\/comments?post=4617"}],"version-history":[{"count":0,"href":"https:\/\/www.gurmakdemiryolu.com.tr\/tr\/wp-json\/wp\/v2\/pages\/4617\/revisions"}],"up":[{"embeddable":true,"href":"https:\/\/www.gurmakdemiryolu.com.tr\/tr\/wp-json\/wp\/v2\/pages\/2841"}],"wp:featuredmedia":[{"embeddable":true,"href":"https:\/\/www.gurmakdemiryolu.com.tr\/tr\/wp-json\/wp\/v2\/media\/4504"}],"wp:attachment":[{"href":"https:\/\/www.gurmakdemiryolu.com.tr\/tr\/wp-json\/wp\/v2\/media?parent=4617"}],"curies":[{"name":"wp","href":"https:\/\/api.w.org\/{rel}","templated":true}]}}