{"id":4458,"date":"2019-02-07T17:23:58","date_gmt":"2019-02-07T14:23:58","guid":{"rendered":"http:\/\/gurmakdemiryolu.com.tr\/?page_id=4458"},"modified":"2019-11-05T16:05:54","modified_gmt":"2019-11-05T13:05:54","slug":"urun-onaylari","status":"publish","type":"page","link":"https:\/\/www.gurmakdemiryolu.com.tr\/tr\/gurmak-kalite\/urun-onaylari\/","title":{"rendered":"\u00dcr\u00fcn Onaylar\u0131"},"content":{"rendered":"<p><\/p>\n<h1 style=\"text-align: center;\"><span style=\"color: #ffcc00;\"><strong>\u00dcR\u00dcN ONAYLARI<\/strong><\/span><\/h1>\n<p>G\u00fcrmak Demiryolu olarak \u00fcretmi\u015f oldu\u011fumuz ray ba\u011flant\u0131 sistemleri akredite ve ba\u011f\u0131ms\u0131z kurulu\u015flar taraf\u0131ndan denetlenip onaylanmaktad\u0131r.<\/p>\n<p>Bu uzun s\u00fcre\u00e7ler gerektiren homologasyon ve onay s\u00fcre\u00e7lerinden sonra, ana imalat\u00e7\u0131lara ve \u00f6nemli projelere uygun \u00fcr\u00fcnlerimizi y\u0131llard\u0131r tedarik etmekteyiz. Y\u0131llar i\u00e7inde de\u011fi\u015fen teknolojiye ayak uydurarak yeni \u00fcr\u00fcnler geli\u015ftirmekteyiz. Yenilik\u00e7i ve dinamik bir yap\u0131ya sahip olan firmam\u0131z, hem kaliteli hem de ekonomik \u00e7\u00f6z\u00fcmler sa\u011flamaktad\u0131r.<\/p>\n<p>\u00dcr\u00fcnlerimiz sistem olarak tasarlanmakta olup, metal, plastik ve elastik bile\u015fenlerden olu\u015fmaktad\u0131r. Kendi tesislerimizde \u00fcretilen bu par\u00e7alar, ayr\u0131 ayr\u0131 testlerden ge\u00e7irilmekten sistem olarak m\u00fc\u015fterilere sunulmaktad\u0131r.<\/p>\n<p>30 y\u0131ldan fazlad\u0131r satt\u0131\u011f\u0131m\u0131z \u00fcr\u00fcnler hala T.C.D.D taraf\u0131ndan kullan\u0131lmaktad\u0131r.<\/p>\n<table>\n<tbody>\n<tr>\n<td>\n<p style=\"text-align: center;\"><span style=\"color: #ffcc00;\"><strong>EN13481-2<\/strong><\/span><\/p>\n<\/td>\n<td>\n<p style=\"text-align: center;\"><strong><span style=\"color: #ffcc00;\">EN13481-2<\/span><\/strong><\/p>\n<\/td>\n<td>\n<p style=\"text-align: center;\"><span style=\"color: #ffcc00;\"><strong>EN13481-5<\/strong><\/span><\/p>\n<\/td>\n<td>\n<p style=\"text-align: center;\"><span style=\"color: #ffcc00;\"><strong>EN13481-5<\/strong><\/span><\/p>\n<\/td>\n<\/tr>\n<tr>\n<td><a href=\"https:\/\/i0.wp.com\/gurmakdemiryolu.com.tr\/wp-content\/uploads\/2017\/04\/1.png\" data-caption=\"W14 M\u00fcnich Test Report\"><img decoding=\"async\" loading=\"lazy\" class=\"aligncenter\" src=\"https:\/\/i0.wp.com\/gurmakdemiryolu.com.tr\/wp-content\/uploads\/2017\/04\/1.png?fit=579%2C816\" alt=\"\" width=\"190\" height=\"268\" \/><\/a><\/td>\n<td><a href=\"https:\/\/i2.wp.com\/gurmakdemiryolu.com.tr\/wp-content\/uploads\/2019\/02\/GRMAY1-TEst.png\"><img decoding=\"async\" loading=\"lazy\" class=\"aligncenter\" src=\"https:\/\/i1.wp.com\/gurmakdemiryolu.com.tr\/wp-content\/uploads\/2019\/02\/GRMAY1-TEst.png?fit=740%2C1051\" alt=\"\" width=\"190\" height=\"270\" \/><\/a><\/td>\n<td><a href=\"https:\/\/i2.wp.com\/gurmakdemiryolu.com.tr\/wp-content\/uploads\/2019\/02\/TUW-TPS08.png\"><img decoding=\"async\" loading=\"lazy\" class=\"aligncenter\" src=\"https:\/\/i1.wp.com\/gurmakdemiryolu.com.tr\/wp-content\/uploads\/2019\/02\/TUW-TPS08.png?fit=749%2C1056\" alt=\"\" width=\"190\" height=\"268\" \/><\/a><\/td>\n<td><a href=\"https:\/\/i1.wp.com\/gurmakdemiryolu.com.tr\/wp-content\/uploads\/2019\/02\/TPS01.png\"><img decoding=\"async\" loading=\"lazy\" class=\"aligncenter\" src=\"https:\/\/i1.wp.com\/gurmakdemiryolu.com.tr\/wp-content\/uploads\/2019\/02\/TPS01.png?fit=740%2C1050\" alt=\"\" width=\"190\" height=\"270\" \/><\/a><\/td>\n<\/tr>\n<tr>\n<td>\n<p style=\"text-align: center;\"><span style=\"color: #000000;\">TUM W14 Ray Ba\u011flant\u0131 Sistem Raporu<\/span><\/p>\n<\/td>\n<td>\n<p style=\"text-align: center;\"><span style=\"color: #000000;\">TUM GRM AY 1 Ray Ba\u011flant\u0131 Sistem Raporu<\/span><\/p>\n<\/td>\n<td>\n<p style=\"text-align: center;\"><span style=\"color: #000000;\">TUW TPS08 Ray Ba\u011flant\u0131 Sistem Raporu<\/span><\/p>\n<\/td>\n<td>\n<p style=\"text-align: center;\"><span style=\"color: #000000;\">TUM TPS01 Ray Ba\u011flant\u0131 Sistem Raporu<\/span><\/p>\n<\/td>\n<\/tr>\n<\/tbody>\n<\/table>\n<table>\n<tbody>\n<tr>\n<td>\n<p style=\"text-align: center;\"><strong><span style=\"color: #ffcc00;\">EN13481-5<\/span><\/strong><\/p>\n<\/td>\n<td>\n<p style=\"text-align: center;\"><strong><span style=\"color: #ffcc00;\">DBS918127:2010 &#8211; EN13146<\/span><\/strong><\/p>\n<\/td>\n<td><strong style=\"color: #ffcc00; text-align: center;\">DBS918127:2010 &#8211; EN13146<\/strong><\/td>\n<td><\/td>\n<\/tr>\n<tr>\n<td style=\"text-align: center;\"><a href=\"https:\/\/i0.wp.com\/gurmakdemiryolu.com.tr\/wp-content\/uploads\/2019\/02\/TPS05.png\"><img decoding=\"async\" loading=\"lazy\" class=\"aligncenter\" src=\"https:\/\/i1.wp.com\/gurmakdemiryolu.com.tr\/wp-content\/uploads\/2019\/02\/TPS05.png?fit=742%2C1049\" alt=\"\" width=\"189\" height=\"268\" \/><\/a><\/td>\n<td style=\"text-align: center;\"><a class=\"gdlr-core-ilightbox gdlr-core-js \" href=\"https:\/\/i2.wp.com\/gurmakdemiryolu.com.tr\/wp-content\/uploads\/2017\/04\/3.png\"><img decoding=\"async\" loading=\"lazy\" class=\"aligncenter\" src=\"https:\/\/i1.wp.com\/gurmakdemiryolu.com.tr\/wp-content\/uploads\/2017\/04\/3.png?fit=583%2C815\" alt=\"\" width=\"189\" height=\"265\" \/><\/a><\/td>\n<td><img decoding=\"async\" loading=\"lazy\" class=\"aligncenter\" src=\"https:\/\/i2.wp.com\/gurmakdemiryolu.com.tr\/wp-content\/uploads\/2017\/04\/4.png?fit=583%2C814\" alt=\"\" width=\"189\" height=\"264\" \/><\/td>\n<td><\/td>\n<\/tr>\n<tr>\n<td>\n<p style=\"text-align: center;\"><span style=\"color: #000000;\">TUM TPS05 Ray Ba\u011flant\u0131 Sistem Raporu<\/span><\/p>\n<\/td>\n<td>\n<p style=\"text-align: center;\"><span style=\"color: #000000;\">TUM SKL14 Gergi K\u0131skac\u0131 Raporu<\/span><\/p>\n<\/td>\n<td><span style=\"color: #000000;\">TUM SKL12 Gergi K\u0131skac\u0131 Raporu<\/span><\/td>\n<td><\/td>\n<\/tr>\n<\/tbody>\n<\/table>\n<p><\/p>","protected":false},"excerpt":{"rendered":"<p>\u00dcR\u00dcN ONAYLARI G\u00fcrmak Demiryolu olarak \u00fcretmi\u015f oldu\u011fumuz ray ba\u011flant\u0131 sistemleri akredite ve ba\u011f\u0131ms\u0131z kurulu\u015flar taraf\u0131ndan denetlenip onaylanmaktad\u0131r. Bu uzun s\u00fcre\u00e7ler gerektiren homologasyon ve onay s\u00fcre\u00e7lerinden sonra, ana imalat\u00e7\u0131lara ve \u00f6nemli projelere uygun \u00fcr\u00fcnlerimizi y\u0131llard\u0131r tedarik etmekteyiz. Y\u0131llar i\u00e7inde de\u011fi\u015fen teknolojiye ayak uydurarak yeni \u00fcr\u00fcnler geli\u015ftirmekteyiz. Yenilik\u00e7i ve dinamik bir yap\u0131ya sahip olan firmam\u0131z, hem kaliteli [&hellip;]<\/p>\n","protected":false},"author":1,"featured_media":4344,"parent":4350,"menu_order":0,"comment_status":"closed","ping_status":"closed","template":"","meta":{"spay_email":"","footnotes":""},"yoast_head":"<!-- This site is optimized with the Yoast SEO plugin v15.3 - https:\/\/yoast.com\/wordpress\/plugins\/seo\/ -->\n<title>\u00dcr\u00fcn Onaylar\u0131 - G\u00fcrmak Demiryolu A.\u015e<\/title>\n<meta name=\"robots\" content=\"index, follow, max-snippet:-1, max-image-preview:large, max-video-preview:-1\" \/>\n<link rel=\"canonical\" href=\"https:\/\/www.gurmakdemiryolu.com.tr\/gurmak-kalite\/urun-onaylari\/\" \/>\n<meta property=\"og:locale\" content=\"tr_TR\" \/>\n<meta property=\"og:type\" content=\"article\" \/>\n<meta property=\"og:title\" content=\"\u00dcr\u00fcn Onaylar\u0131 - G\u00fcrmak Demiryolu A.\u015e\" \/>\n<meta property=\"og:description\" content=\"\u00dcR\u00dcN ONAYLARI G\u00fcrmak Demiryolu olarak \u00fcretmi\u015f oldu\u011fumuz ray ba\u011flant\u0131 sistemleri akredite ve ba\u011f\u0131ms\u0131z kurulu\u015flar taraf\u0131ndan denetlenip onaylanmaktad\u0131r. Bu uzun s\u00fcre\u00e7ler gerektiren homologasyon ve onay s\u00fcre\u00e7lerinden sonra, ana imalat\u00e7\u0131lara ve \u00f6nemli projelere uygun \u00fcr\u00fcnlerimizi y\u0131llard\u0131r tedarik etmekteyiz. Y\u0131llar i\u00e7inde de\u011fi\u015fen teknolojiye ayak uydurarak yeni \u00fcr\u00fcnler geli\u015ftirmekteyiz. Yenilik\u00e7i ve dinamik bir yap\u0131ya sahip olan firmam\u0131z, hem kaliteli [&hellip;]\" \/>\n<meta property=\"og:url\" content=\"https:\/\/www.gurmakdemiryolu.com.tr\/gurmak-kalite\/urun-onaylari\/\" \/>\n<meta property=\"og:site_name\" content=\"G\u00fcrmak Demiryolu A.\u015e\" \/>\n<meta property=\"article:publisher\" content=\"https:\/\/www.facebook.com\/gurmakdemiryolu\/\" \/>\n<meta property=\"article:modified_time\" content=\"2019-11-05T13:05:54+00:00\" \/>\n<meta property=\"og:image\" content=\"https:\/\/www.gurmakdemiryolu.com.tr\/wp-content\/uploads\/2018\/09\/DSC0332-1024x683.jpg\" \/>\n\t<meta property=\"og:image:width\" content=\"1024\" \/>\n\t<meta property=\"og:image:height\" content=\"683\" \/>\n<meta name=\"twitter:card\" content=\"summary_large_image\" \/>\n<meta name=\"twitter:creator\" content=\"@gurmakdemiryolu\" \/>\n<meta name=\"twitter:site\" content=\"@gurmakdemiryolu\" \/>\n<meta name=\"twitter:label1\" content=\"Written by\">\n\t<meta name=\"twitter:data1\" content=\"admin\">\n\t<meta name=\"twitter:label2\" content=\"Tahmini okuma s\u00fcresi\">\n\t<meta name=\"twitter:data2\" content=\"1 dakika\">\n<script type=\"application\/ld+json\" class=\"yoast-schema-graph\">{\"@context\":\"https:\/\/schema.org\",\"@graph\":[{\"@type\":\"Organization\",\"@id\":\"https:\/\/www.gurmakdemiryolu.com.tr\/tr\/#organization\",\"name\":\"G\\u00fcrmak Demiryolu\",\"url\":\"https:\/\/www.gurmakdemiryolu.com.tr\/tr\/\",\"sameAs\":[\"https:\/\/www.facebook.com\/gurmakdemiryolu\/\",\"https:\/\/www.instagram.com\/gurmakdemiryolu\/\",\"https:\/\/www.linkedin.com\/company\/gurmak-demiryolu\",\"https:\/\/www.youtube.com\/gurmakdemiryolu\",\"https:\/\/twitter.com\/gurmakdemiryolu\"],\"logo\":{\"@type\":\"ImageObject\",\"@id\":\"https:\/\/www.gurmakdemiryolu.com.tr\/tr\/#logo\",\"inLanguage\":\"tr\",\"url\":\"https:\/\/i0.wp.com\/www.gurmakdemiryolu.com.tr\/wp-content\/uploads\/2017\/03\/gurmak_logo.jpg?fit=860%2C455&ssl=1\",\"width\":860,\"height\":455,\"caption\":\"G\\u00fcrmak Demiryolu\"},\"image\":{\"@id\":\"https:\/\/www.gurmakdemiryolu.com.tr\/tr\/#logo\"}},{\"@type\":\"WebSite\",\"@id\":\"https:\/\/www.gurmakdemiryolu.com.tr\/tr\/#website\",\"url\":\"https:\/\/www.gurmakdemiryolu.com.tr\/tr\/\",\"name\":\"G\\u00fcrmak Demiryolu A.\\u015e\",\"description\":\"Ray Ba\\u011flant\\u0131 Sistemleri\",\"publisher\":{\"@id\":\"https:\/\/www.gurmakdemiryolu.com.tr\/tr\/#organization\"},\"potentialAction\":[{\"@type\":\"SearchAction\",\"target\":\"https:\/\/www.gurmakdemiryolu.com.tr\/tr\/?s={search_term_string}\",\"query-input\":\"required name=search_term_string\"}],\"inLanguage\":\"tr\"},{\"@type\":\"ImageObject\",\"@id\":\"https:\/\/www.gurmakdemiryolu.com.tr\/gurmak-kalite\/urun-onaylari\/#primaryimage\",\"inLanguage\":\"tr\",\"url\":\"https:\/\/i0.wp.com\/www.gurmakdemiryolu.com.tr\/wp-content\/uploads\/2018\/09\/DSC0332.jpg?fit=4608%2C3072&ssl=1\",\"width\":4608,\"height\":3072},{\"@type\":\"WebPage\",\"@id\":\"https:\/\/www.gurmakdemiryolu.com.tr\/gurmak-kalite\/urun-onaylari\/#webpage\",\"url\":\"https:\/\/www.gurmakdemiryolu.com.tr\/gurmak-kalite\/urun-onaylari\/\",\"name\":\"\\u00dcr\\u00fcn Onaylar\\u0131 - G\\u00fcrmak Demiryolu A.\\u015e\",\"isPartOf\":{\"@id\":\"https:\/\/www.gurmakdemiryolu.com.tr\/tr\/#website\"},\"primaryImageOfPage\":{\"@id\":\"https:\/\/www.gurmakdemiryolu.com.tr\/gurmak-kalite\/urun-onaylari\/#primaryimage\"},\"datePublished\":\"2019-02-07T14:23:58+00:00\",\"dateModified\":\"2019-11-05T13:05:54+00:00\",\"inLanguage\":\"tr\",\"potentialAction\":[{\"@type\":\"ReadAction\",\"target\":[\"https:\/\/www.gurmakdemiryolu.com.tr\/gurmak-kalite\/urun-onaylari\/\"]}]}]}<\/script>\n<!-- \/ Yoast SEO plugin. -->","jetpack_sharing_enabled":false,"jetpack_shortlink":"https:\/\/wp.me\/PaFafb-19U","jetpack-related-posts":[],"_links":{"self":[{"href":"https:\/\/www.gurmakdemiryolu.com.tr\/tr\/wp-json\/wp\/v2\/pages\/4458"}],"collection":[{"href":"https:\/\/www.gurmakdemiryolu.com.tr\/tr\/wp-json\/wp\/v2\/pages"}],"about":[{"href":"https:\/\/www.gurmakdemiryolu.com.tr\/tr\/wp-json\/wp\/v2\/types\/page"}],"author":[{"embeddable":true,"href":"https:\/\/www.gurmakdemiryolu.com.tr\/tr\/wp-json\/wp\/v2\/users\/1"}],"replies":[{"embeddable":true,"href":"https:\/\/www.gurmakdemiryolu.com.tr\/tr\/wp-json\/wp\/v2\/comments?post=4458"}],"version-history":[{"count":0,"href":"https:\/\/www.gurmakdemiryolu.com.tr\/tr\/wp-json\/wp\/v2\/pages\/4458\/revisions"}],"up":[{"embeddable":true,"href":"https:\/\/www.gurmakdemiryolu.com.tr\/tr\/wp-json\/wp\/v2\/pages\/4350"}],"wp:featuredmedia":[{"embeddable":true,"href":"https:\/\/www.gurmakdemiryolu.com.tr\/tr\/wp-json\/wp\/v2\/media\/4344"}],"wp:attachment":[{"href":"https:\/\/www.gurmakdemiryolu.com.tr\/tr\/wp-json\/wp\/v2\/media?parent=4458"}],"curies":[{"name":"wp","href":"https:\/\/api.w.org\/{rel}","templated":true}]}}