{"id":4350,"date":"2018-09-26T13:50:32","date_gmt":"2018-09-26T10:50:32","guid":{"rendered":"http:\/\/gurmakdemiryolu.com.tr\/?page_id=4350"},"modified":"2019-11-05T16:12:53","modified_gmt":"2019-11-05T13:12:53","slug":"gurmak-kalite","status":"publish","type":"page","link":"https:\/\/www.gurmakdemiryolu.com.tr\/tr\/gurmak-kalite\/","title":{"rendered":"Kalite"},"content":{"rendered":"<p><\/p>\n<h1 style=\"text-align: center;\"><span style=\"color: #ffcc00;\"><strong>KAL\u0130TE<\/strong><\/span><\/h1>\n<p>G\u00fcrmak Demiryolu, fabrikalar\u0131ndaki laboratuvarlar\u0131m\u0131z ve nitelikli kalite kontrol s\u00fcre\u00e7leri ile \u00fcr\u00fcn kalitesinden taviz vermemektedir.<\/p>\n<p><span style=\"color: #ffcc00;\"><strong>KALITE KONTROL &amp; LABORATUVARLAR<\/strong><\/span><\/p>\n<p>Plastik ve \u00e7elik \u00fcr\u00fcnler i\u00e7in gerekli te\u00e7hizatlar kalibrasyonlar\u0131 yap\u0131lm\u0131\u015f \u015fekilde mevcuttur. \u0130lgili standartlar \u00e7er\u00e7evesinde laborantlar\u0131m\u0131z taraf\u0131ndan testler s\u00fcreklilik i\u00e7inde yap\u0131lmaktad\u0131r.<\/p>\n<p>S\u00fcre\u00e7 ve sistem testleri ile ilgili olarak ba\u011f\u0131ms\u0131z kurulu\u015flar ve teknik \u00fcniversiteler ile \u00e7al\u0131\u015fmalar yap\u0131lmaktad\u0131r.<\/p>\n<div class=\"gdlr-core-pbf-column gdlr-core-column-30 gdlr-core-column-first\">\n<div class=\"gdlr-core-pbf-column-content-margin gdlr-core-js \">\n<div class=\"gdlr-core-pbf-column-content clearfix gdlr-core-js \">\n<div class=\"gdlr-core-pbf-element\">\n<div class=\"gdlr-core-button-item gdlr-core-item-pdlr gdlr-core-item-pdb gdlr-core-center-align\"><a class=\"gdlr-core-button gdlr-core-button-gradient gdlr-core-button-no-border gdlr-core-button-full-width\" href=\"http:\/\/gurmakdemiryolu.com.tr\/sertifikalarimiz\/\"><span class=\"gdlr-core-content\">Sertifikalar\u0131m\u0131z<\/span><\/a><\/div>\n<\/div>\n<\/div>\n<\/div>\n<\/div>\n<div class=\"gdlr-core-pbf-column gdlr-core-column-30\">\n<div class=\"gdlr-core-pbf-column-content-margin gdlr-core-js \">\n<div class=\"gdlr-core-pbf-column-content clearfix gdlr-core-js \">\n<div class=\"gdlr-core-pbf-element\">\n<div class=\"gdlr-core-button-item gdlr-core-item-pdlr gdlr-core-item-pdb gdlr-core-center-align\"><a class=\"gdlr-core-button gdlr-core-button-gradient gdlr-core-button-no-border gdlr-core-button-full-width\" href=\"http:\/\/gurmakdemiryolu.com.tr\/urun-onaylari\/\"><span class=\"gdlr-core-content\">\u00dcr\u00fcn Onaylar\u0131<\/span><\/a><\/div>\n<\/div>\n<\/div>\n<\/div>\n<\/div>\n<div class=\"gdlr-core-pbf-element\">\n<div class=\"gdlr-core-gallery-item gdlr-core-item-pdb clearfix gdlr-core-gallery-item-style-grid-no-space gdlr-core-item-pdlr \">\n<div class=\"gdlr-core-gallery-item-holder gdlr-core-js-2 clearfix\" data-layout=\"fitrows\">\n<div class=\"gdlr-core-item-list gdlr-core-gallery-column gdlr-core-column-30 gdlr-core-column-first\">\n<div class=\"gdlr-core-gallery-list gdlr-core-media-image\"><a class=\"gdlr-core-ilightbox gdlr-core-js \" href=\"https:\/\/i0.wp.com\/gurmakdemiryolu.com.tr\/wp-content\/uploads\/2018\/09\/DSC0332.jpg\" data-ilightbox-group=\"gdlr-core-img-group-1\"><img decoding=\"async\" loading=\"lazy\" src=\"https:\/\/i0.wp.com\/gurmakdemiryolu.com.tr\/wp-content\/uploads\/2018\/09\/DSC0332.jpg?fit=4608%2C3072\" alt=\"\" width=\"4608\" height=\"3072\" \/><\/a><\/div>\n<\/div>\n<div class=\"gdlr-core-item-list gdlr-core-gallery-column gdlr-core-column-30\">\n<div class=\"gdlr-core-gallery-list gdlr-core-media-image\"><a class=\"gdlr-core-ilightbox gdlr-core-js \" href=\"https:\/\/i0.wp.com\/gurmakdemiryolu.com.tr\/wp-content\/uploads\/2018\/09\/DSC0398-e1537955588498.jpg\" data-ilightbox-group=\"gdlr-core-img-group-1\"><img decoding=\"async\" loading=\"lazy\" src=\"https:\/\/i2.wp.com\/gurmakdemiryolu.com.tr\/wp-content\/uploads\/2018\/09\/DSC0398-e1537955588498.jpg?fit=1920%2C1280\" alt=\"\" width=\"1920\" height=\"1280\" \/><\/a><\/div>\n<\/div>\n<div class=\"gdlr-core-item-list gdlr-core-gallery-column gdlr-core-column-30 gdlr-core-column-first\">\n<div class=\"gdlr-core-gallery-list gdlr-core-media-image\"><a class=\"gdlr-core-ilightbox gdlr-core-js \" href=\"https:\/\/i2.wp.com\/gurmakdemiryolu.com.tr\/wp-content\/uploads\/2018\/09\/Gurmak_Demiryolu_Tuzla-384-e1537957032386.jpg\" data-ilightbox-group=\"gdlr-core-img-group-1\"><img decoding=\"async\" loading=\"lazy\" src=\"https:\/\/i1.wp.com\/gurmakdemiryolu.com.tr\/wp-content\/uploads\/2018\/09\/Gurmak_Demiryolu_Tuzla-384-e1537957032386.jpg?fit=1920%2C1281\" alt=\"\" width=\"1920\" height=\"1281\" \/><\/a><\/div>\n<\/div>\n<div class=\"gdlr-core-item-list gdlr-core-gallery-column gdlr-core-column-30\">\n<div class=\"gdlr-core-gallery-list gdlr-core-media-image\"><a class=\"gdlr-core-ilightbox gdlr-core-js \" href=\"https:\/\/i1.wp.com\/gurmakdemiryolu.com.tr\/wp-content\/uploads\/2018\/09\/Gurmak_Demiryolu_Tuzla-412-e1537958304249.jpg\" data-ilightbox-group=\"gdlr-core-img-group-1\"><img decoding=\"async\" loading=\"lazy\" src=\"https:\/\/i0.wp.com\/gurmakdemiryolu.com.tr\/wp-content\/uploads\/2018\/09\/Gurmak_Demiryolu_Tuzla-412-e1537958304249.jpg?fit=1920%2C1281\" alt=\"\" width=\"1920\" height=\"1281\" \/><\/a><\/div>\n<\/div>\n<\/div>\n<\/div>\n<\/div>\n<p><span style=\"color: #ffcc00;\"><strong>KAL\u0130TE ORTAKLARIMIZ<\/strong><\/span><\/p>\n<table>\n<tbody>\n<tr>\n<td><a class=\"gdlr-core-ilightbox gdlr-core-js \" href=\"https:\/\/i1.wp.com\/gurmakdemiryolu.com.tr\/wp-content\/uploads\/2017\/03\/deutsche-bahn-logo_0.png\" data-ilightbox-group=\"gdlr-core-img-group-2\"><img decoding=\"async\" loading=\"lazy\" class=\"\" src=\"https:\/\/i0.wp.com\/gurmakdemiryolu.com.tr\/wp-content\/uploads\/2017\/03\/deutsche-bahn-logo_0.png?fit=300%2C212\" alt=\"\" width=\"140\" height=\"100\" \/><\/a><\/td>\n<td><a class=\"gdlr-core-ilightbox gdlr-core-js \" href=\"https:\/\/i0.wp.com\/gurmakdemiryolu.com.tr\/wp-content\/uploads\/2017\/03\/Viyana-Teknik.png\" data-ilightbox-group=\"gdlr-core-img-group-2\"><img decoding=\"async\" loading=\"lazy\" class=\"\" src=\"https:\/\/i2.wp.com\/gurmakdemiryolu.com.tr\/wp-content\/uploads\/2017\/03\/Viyana-Teknik.png?fit=300%2C212\" alt=\"\" width=\"141\" height=\"100\" \/><\/a><\/td>\n<td><a class=\"gdlr-core-ilightbox gdlr-core-js \" href=\"https:\/\/i1.wp.com\/gurmakdemiryolu.com.tr\/wp-content\/uploads\/2017\/03\/m%C3%BCnih-teknik-%C3%BCniversitesi.gif\" data-ilightbox-group=\"gdlr-core-img-group-2\"><img decoding=\"async\" loading=\"lazy\" class=\"\" src=\"https:\/\/i2.wp.com\/gurmakdemiryolu.com.tr\/wp-content\/uploads\/2017\/03\/m%C3%BCnih-teknik-%C3%BCniversitesi.gif?fit=300%2C300\" alt=\"\" width=\"100\" height=\"100\" \/><\/a><\/td>\n<td><a class=\"gdlr-core-ilightbox gdlr-core-js \" href=\"https:\/\/i0.wp.com\/gurmakdemiryolu.com.tr\/wp-content\/uploads\/2017\/03\/T%C3%9CV_S%C3%BCd_logo.svg_-768x768.png\" data-ilightbox-group=\"gdlr-core-img-group-2\"><img decoding=\"async\" loading=\"lazy\" class=\"\" src=\"https:\/\/i1.wp.com\/gurmakdemiryolu.com.tr\/wp-content\/uploads\/2017\/03\/T%C3%9CV_S%C3%BCd_logo.svg_-768x768.png?fit=300%2C300\" alt=\"\" width=\"100\" height=\"100\" \/><\/a><\/td>\n<td><a class=\"gdlr-core-ilightbox gdlr-core-js \" href=\"https:\/\/i0.wp.com\/gurmakdemiryolu.com.tr\/wp-content\/uploads\/2017\/03\/royal-cert.png\" data-ilightbox-group=\"gdlr-core-img-group-2\"><img decoding=\"async\" loading=\"lazy\" class=\"\" src=\"https:\/\/i2.wp.com\/www.gurmakdemiryolu.com.tr\/wp-content\/uploads\/2019\/02\/ISO-9001_2015.png?resize=100%2C100&#038;ssl=1\" alt=\"\" width=\"100\" height=\"100\" data-recalc-dims=\"1\" \/><\/a><\/td>\n<\/tr>\n<\/tbody>\n<\/table>\n<p><\/p>","protected":false},"excerpt":{"rendered":"<p>KAL\u0130TE G\u00fcrmak Demiryolu, fabrikalar\u0131ndaki laboratuvarlar\u0131m\u0131z ve nitelikli kalite kontrol s\u00fcre\u00e7leri ile \u00fcr\u00fcn kalitesinden taviz vermemektedir. KALITE KONTROL &amp; LABORATUVARLAR Plastik ve \u00e7elik \u00fcr\u00fcnler i\u00e7in gerekli te\u00e7hizatlar kalibrasyonlar\u0131 yap\u0131lm\u0131\u015f \u015fekilde mevcuttur. \u0130lgili standartlar \u00e7er\u00e7evesinde laborantlar\u0131m\u0131z taraf\u0131ndan testler s\u00fcreklilik i\u00e7inde yap\u0131lmaktad\u0131r. S\u00fcre\u00e7 ve sistem testleri ile ilgili olarak ba\u011f\u0131ms\u0131z kurulu\u015flar ve teknik \u00fcniversiteler ile \u00e7al\u0131\u015fmalar yap\u0131lmaktad\u0131r. Sertifikalar\u0131m\u0131z [&hellip;]<\/p>\n","protected":false},"author":1,"featured_media":4351,"parent":0,"menu_order":0,"comment_status":"closed","ping_status":"closed","template":"","meta":{"spay_email":"","footnotes":""},"yoast_head":"<!-- This site is optimized with the Yoast SEO plugin v15.3 - https:\/\/yoast.com\/wordpress\/plugins\/seo\/ -->\n<title>Kalite - G\u00fcrmak Demiryolu A.\u015e<\/title>\n<meta name=\"description\" content=\"G\u00fcrmak Demiryolu Ba\u011flant\u0131 Elemanlar\u0131 Kalitesi uluslararas\u0131 g\u00fcncel normlara uygun olarak onaylanm\u0131\u015ft\u0131r.\" \/>\n<meta name=\"robots\" content=\"index, follow, max-snippet:-1, max-image-preview:large, max-video-preview:-1\" \/>\n<link rel=\"canonical\" href=\"https:\/\/www.gurmakdemiryolu.com.tr\/gurmak-kalite\/\" \/>\n<meta property=\"og:locale\" content=\"tr_TR\" \/>\n<meta property=\"og:type\" content=\"article\" \/>\n<meta property=\"og:title\" content=\"Kalite - G\u00fcrmak Demiryolu A.\u015e\" \/>\n<meta property=\"og:description\" content=\"{:tr}G\u00fcrmak Demiryolu Ba\u011flant\u0131 Elemanlar\u0131 Kalitesi uluslararas\u0131 g\u00fcncel normlara uygun olarak onaylanm\u0131\u015ft\u0131r. {:}\" \/>\n<meta property=\"og:url\" content=\"https:\/\/www.gurmakdemiryolu.com.tr\/gurmak-kalite\/\" \/>\n<meta property=\"og:site_name\" content=\"G\u00fcrmak Demiryolu A.\u015e\" \/>\n<meta property=\"article:publisher\" content=\"https:\/\/www.facebook.com\/gurmakdemiryolu\/\" \/>\n<meta property=\"article:modified_time\" content=\"2019-11-05T13:12:53+00:00\" \/>\n<meta property=\"og:image\" content=\"https:\/\/i1.wp.com\/www.gurmakdemiryolu.com.tr\/wp-content\/uploads\/2018\/09\/Gurmak_Demiryolu_Tuzla-412-e1537958304249.jpg?fit=1920%2C1281&#038;ssl=1\" \/>\n\t<meta property=\"og:image:width\" content=\"1920\" \/>\n\t<meta property=\"og:image:height\" content=\"1281\" \/>\n<meta name=\"twitter:card\" content=\"summary_large_image\" \/>\n<meta name=\"twitter:creator\" content=\"@gurmakdemiryolu\" \/>\n<meta name=\"twitter:site\" content=\"@gurmakdemiryolu\" \/>\n<meta name=\"twitter:label1\" content=\"Written by\">\n\t<meta name=\"twitter:data1\" content=\"admin\">\n\t<meta name=\"twitter:label2\" content=\"Tahmini okuma s\u00fcresi\">\n\t<meta name=\"twitter:data2\" content=\"1 dakika\">\n<script type=\"application\/ld+json\" class=\"yoast-schema-graph\">{\"@context\":\"https:\/\/schema.org\",\"@graph\":[{\"@type\":\"Organization\",\"@id\":\"https:\/\/www.gurmakdemiryolu.com.tr\/tr\/#organization\",\"name\":\"G\\u00fcrmak Demiryolu\",\"url\":\"https:\/\/www.gurmakdemiryolu.com.tr\/tr\/\",\"sameAs\":[\"https:\/\/www.facebook.com\/gurmakdemiryolu\/\",\"https:\/\/www.instagram.com\/gurmakdemiryolu\/\",\"https:\/\/www.linkedin.com\/company\/gurmak-demiryolu\",\"https:\/\/www.youtube.com\/gurmakdemiryolu\",\"https:\/\/twitter.com\/gurmakdemiryolu\"],\"logo\":{\"@type\":\"ImageObject\",\"@id\":\"https:\/\/www.gurmakdemiryolu.com.tr\/tr\/#logo\",\"inLanguage\":\"tr\",\"url\":\"https:\/\/i0.wp.com\/www.gurmakdemiryolu.com.tr\/wp-content\/uploads\/2017\/03\/gurmak_logo.jpg?fit=860%2C455&ssl=1\",\"width\":860,\"height\":455,\"caption\":\"G\\u00fcrmak Demiryolu\"},\"image\":{\"@id\":\"https:\/\/www.gurmakdemiryolu.com.tr\/tr\/#logo\"}},{\"@type\":\"WebSite\",\"@id\":\"https:\/\/www.gurmakdemiryolu.com.tr\/tr\/#website\",\"url\":\"https:\/\/www.gurmakdemiryolu.com.tr\/tr\/\",\"name\":\"G\\u00fcrmak Demiryolu A.\\u015e\",\"description\":\"Ray Ba\\u011flant\\u0131 Sistemleri\",\"publisher\":{\"@id\":\"https:\/\/www.gurmakdemiryolu.com.tr\/tr\/#organization\"},\"potentialAction\":[{\"@type\":\"SearchAction\",\"target\":\"https:\/\/www.gurmakdemiryolu.com.tr\/tr\/?s={search_term_string}\",\"query-input\":\"required name=search_term_string\"}],\"inLanguage\":\"tr\"},{\"@type\":\"ImageObject\",\"@id\":\"https:\/\/www.gurmakdemiryolu.com.tr\/gurmak-kalite\/#primaryimage\",\"inLanguage\":\"tr\",\"url\":\"https:\/\/i1.wp.com\/www.gurmakdemiryolu.com.tr\/wp-content\/uploads\/2018\/09\/Gurmak_Demiryolu_Tuzla-412-e1537958304249.jpg?fit=1920%2C1281&ssl=1\",\"width\":1920,\"height\":1281},{\"@type\":\"WebPage\",\"@id\":\"https:\/\/www.gurmakdemiryolu.com.tr\/gurmak-kalite\/#webpage\",\"url\":\"https:\/\/www.gurmakdemiryolu.com.tr\/gurmak-kalite\/\",\"name\":\"Kalite - G\\u00fcrmak Demiryolu A.\\u015e\",\"isPartOf\":{\"@id\":\"https:\/\/www.gurmakdemiryolu.com.tr\/tr\/#website\"},\"primaryImageOfPage\":{\"@id\":\"https:\/\/www.gurmakdemiryolu.com.tr\/gurmak-kalite\/#primaryimage\"},\"datePublished\":\"2018-09-26T10:50:32+00:00\",\"dateModified\":\"2019-11-05T13:12:53+00:00\",\"description\":\"{:tr}G\\u00fcrmak Demiryolu Ba\\u011flant\\u0131 Elemanlar\\u0131 Kalitesi uluslararas\\u0131 g\\u00fcncel normlara uygun olarak onaylanm\\u0131\\u015ft\\u0131r. {:}\",\"inLanguage\":\"tr\",\"potentialAction\":[{\"@type\":\"ReadAction\",\"target\":[\"https:\/\/www.gurmakdemiryolu.com.tr\/gurmak-kalite\/\"]}]}]}<\/script>\n<!-- \/ Yoast SEO plugin. -->","jetpack_sharing_enabled":true,"jetpack_shortlink":"https:\/\/wp.me\/PaFafb-18a","jetpack-related-posts":[],"_links":{"self":[{"href":"https:\/\/www.gurmakdemiryolu.com.tr\/tr\/wp-json\/wp\/v2\/pages\/4350"}],"collection":[{"href":"https:\/\/www.gurmakdemiryolu.com.tr\/tr\/wp-json\/wp\/v2\/pages"}],"about":[{"href":"https:\/\/www.gurmakdemiryolu.com.tr\/tr\/wp-json\/wp\/v2\/types\/page"}],"author":[{"embeddable":true,"href":"https:\/\/www.gurmakdemiryolu.com.tr\/tr\/wp-json\/wp\/v2\/users\/1"}],"replies":[{"embeddable":true,"href":"https:\/\/www.gurmakdemiryolu.com.tr\/tr\/wp-json\/wp\/v2\/comments?post=4350"}],"version-history":[{"count":0,"href":"https:\/\/www.gurmakdemiryolu.com.tr\/tr\/wp-json\/wp\/v2\/pages\/4350\/revisions"}],"wp:featuredmedia":[{"embeddable":true,"href":"https:\/\/www.gurmakdemiryolu.com.tr\/tr\/wp-json\/wp\/v2\/media\/4351"}],"wp:attachment":[{"href":"https:\/\/www.gurmakdemiryolu.com.tr\/tr\/wp-json\/wp\/v2\/media?parent=4350"}],"curies":[{"name":"wp","href":"https:\/\/api.w.org\/{rel}","templated":true}]}}