{"id":4299,"date":"2018-09-26T10:43:36","date_gmt":"2018-09-26T07:43:36","guid":{"rendered":"http:\/\/gurmakdemiryolu.com.tr\/?page_id=4299"},"modified":"2019-04-25T17:08:39","modified_gmt":"2019-04-25T14:08:39","slug":"uretim","status":"publish","type":"page","link":"https:\/\/www.gurmakdemiryolu.com.tr\/tr\/uretim\/","title":{"rendered":"\u00dcretim"},"content":{"rendered":"<p><strong>SICAK D\u00d6VME<\/strong><br \/>\nEngin s\u0131cak d\u00f6vme tecr\u00fcbesine sahip G\u00fcrmak, demiryolu sekt\u00f6r\u00fcn\u00fcn ihtiyac\u0131 olan \u00f6zel tiplerdeki civatalar\u0131n seri imalatlar\u0131n\u0131 yapmaktad\u0131r.<\/p>\n<p><strong>SO\u011eUK D\u00d6VME<\/strong><br \/>\nS\u0131cak d\u00f6vme imalat\u0131n\u0131n yan\u0131nda, son teknoloji makina parkuru ile so\u011fuk d\u00f6vme \u00e7elik \u00fcr\u00fcn imalatlar\u0131 yap\u0131lmaktad\u0131r. Travers plakalar\u0131, besleme rondelalar\u0131 gibi demiryolu sekt\u00f6r\u00fcnde ihtiya\u00e7 duyulan \u00fcr\u00fcnler istihsal edilir.<\/p>\n<p><strong>OVALAMA TEKNOLOJ\u0130LER\u0130<\/strong><br \/>\n\u0130stenilen tiplerdeki di\u015flerin imalat\u0131 yap\u0131lmaktad\u0131r. Metrik ve \u00f6zel tiplerde m\u00fc\u015fteri talebi do\u011frultusunda yine G\u00fcrmak taraf\u0131ndan \u00fcretilen roleler kullan\u0131lmaktad\u0131r.<\/p>\n<p><strong>TEL \u00c7EKME<\/strong><br \/>\n\u00d6ngerilimli beton teli \u00fcretiminde T\u00fcrkiye\u2019de \u00f6nc\u00fcl\u00fck yapan G\u00fcrmak Demiryolu, kimyasal temizleme, haddeleme, so\u011fuk ve s\u0131cak \u00e7ekim konular\u0131nda hizmet vermektedir.<\/p>\n<p><strong>TALA\u015eLI \u0130MALAT<\/strong><br \/>\nG\u00fcrmak Demiryolu, firman\u0131n gereksinim duydu\u011fu plastik ve \u00e7elik \u00fcr\u00fcn kal\u0131plar\u0131n\u0131n imalat\u0131n\u0131, tasar\u0131m\u0131ndan mam\u00fcle kadar imalat\u0131n\u0131 ger\u00e7ekle\u015ftirmektedir. Kal\u0131p\u00e7\u0131l\u0131k konusunda son derece yetkin olarak do\u011fru dizaynlar ile verimli \u00fcretim yap\u0131lmaktad\u0131r.<\/p>\n<p><strong>PLAST\u0130K ENJEKSIYON<\/strong><br \/>\n12 adet plastik enjeksiyon makinas\u0131na sahip olan tesislerimizde, demiryollar\u0131n\u0131n ihtiyac\u0131 olan plastik malzemeler \u00fcretilmektedir. Do\u011fru hammadde se\u00e7imi ve kal\u0131p konusunda uzman olan G\u00fcrmak Demiryolu, y\u00fcksek \u00fcretim kapasitesi ile hizmet vermektedir.<\/p>\n<p><strong>Y\u00dcZEY KAPLAMA<\/strong><br \/>\nG\u00fcrmak Demiryolu, \u00e7inko lamel kaplama teknolojilerinde T\u00fcrkiye\u2019de \u00f6nc\u00fcl\u00fck etmektedir. Yeni nesil kaplama sistemi, en yeni teknolojileri bar\u0131nd\u0131ran tesisimizde, demiryolu tirfonlar\u0131 ve ray klipsleri \u00fczerinde uygulanmaktad\u0131r. Korozyon dayan\u0131m\u0131 \u00e7ok y\u00fcksek seviyede olup alternatiflerinin \u00e7ok daha \u00fczerinde teknik yeterlilik ve uzun \u00f6m\u00fcr sa\u011flamaktad\u0131r.<\/p>","protected":false},"excerpt":{"rendered":"<p>SICAK D\u00d6VME Engin s\u0131cak d\u00f6vme tecr\u00fcbesine sahip G\u00fcrmak, demiryolu sekt\u00f6r\u00fcn\u00fcn ihtiyac\u0131 olan \u00f6zel tiplerdeki civatalar\u0131n seri imalatlar\u0131n\u0131 yapmaktad\u0131r. SO\u011eUK D\u00d6VME S\u0131cak d\u00f6vme imalat\u0131n\u0131n yan\u0131nda, son teknoloji makina parkuru ile so\u011fuk d\u00f6vme \u00e7elik \u00fcr\u00fcn imalatlar\u0131 yap\u0131lmaktad\u0131r. Travers plakalar\u0131, besleme rondelalar\u0131 gibi demiryolu sekt\u00f6r\u00fcnde ihtiya\u00e7 duyulan \u00fcr\u00fcnler istihsal edilir. OVALAMA TEKNOLOJ\u0130LER\u0130 \u0130stenilen tiplerdeki di\u015flerin imalat\u0131 yap\u0131lmaktad\u0131r. Metrik [&hellip;]<\/p>\n","protected":false},"author":1,"featured_media":0,"parent":0,"menu_order":0,"comment_status":"closed","ping_status":"closed","template":"","meta":{"spay_email":"","footnotes":""},"yoast_head":"<!-- This site is optimized with the Yoast SEO plugin v15.3 - https:\/\/yoast.com\/wordpress\/plugins\/seo\/ -->\n<title>\u00dcretim - G\u00fcrmak Demiryolu A.\u015e<\/title>\n<meta name=\"robots\" content=\"index, follow, max-snippet:-1, max-image-preview:large, max-video-preview:-1\" \/>\n<link rel=\"canonical\" href=\"https:\/\/www.gurmakdemiryolu.com.tr\/uretim\/\" \/>\n<meta property=\"og:locale\" content=\"tr_TR\" \/>\n<meta property=\"og:type\" content=\"article\" \/>\n<meta property=\"og:title\" content=\"\u00dcretim - G\u00fcrmak Demiryolu A.\u015e\" \/>\n<meta property=\"og:description\" content=\"SICAK D\u00d6VME Engin s\u0131cak d\u00f6vme tecr\u00fcbesine sahip G\u00fcrmak, demiryolu sekt\u00f6r\u00fcn\u00fcn ihtiyac\u0131 olan \u00f6zel tiplerdeki civatalar\u0131n seri imalatlar\u0131n\u0131 yapmaktad\u0131r. SO\u011eUK D\u00d6VME S\u0131cak d\u00f6vme imalat\u0131n\u0131n yan\u0131nda, son teknoloji makina parkuru ile so\u011fuk d\u00f6vme \u00e7elik \u00fcr\u00fcn imalatlar\u0131 yap\u0131lmaktad\u0131r. Travers plakalar\u0131, besleme rondelalar\u0131 gibi demiryolu sekt\u00f6r\u00fcnde ihtiya\u00e7 duyulan \u00fcr\u00fcnler istihsal edilir. OVALAMA TEKNOLOJ\u0130LER\u0130 \u0130stenilen tiplerdeki di\u015flerin imalat\u0131 yap\u0131lmaktad\u0131r. Metrik [&hellip;]\" \/>\n<meta property=\"og:url\" content=\"https:\/\/www.gurmakdemiryolu.com.tr\/uretim\/\" \/>\n<meta property=\"og:site_name\" content=\"G\u00fcrmak Demiryolu A.\u015e\" \/>\n<meta property=\"article:publisher\" content=\"https:\/\/www.facebook.com\/gurmakdemiryolu\/\" \/>\n<meta property=\"article:modified_time\" content=\"2019-04-25T14:08:39+00:00\" \/>\n<meta name=\"twitter:card\" content=\"summary_large_image\" \/>\n<meta name=\"twitter:creator\" content=\"@gurmakdemiryolu\" \/>\n<meta name=\"twitter:site\" content=\"@gurmakdemiryolu\" \/>\n<meta name=\"twitter:label1\" content=\"Written by\">\n\t<meta name=\"twitter:data1\" content=\"admin\">\n\t<meta name=\"twitter:label2\" content=\"Tahmini okuma s\u00fcresi\">\n\t<meta name=\"twitter:data2\" content=\"2 dakika\">\n<script type=\"application\/ld+json\" class=\"yoast-schema-graph\">{\"@context\":\"https:\/\/schema.org\",\"@graph\":[{\"@type\":\"Organization\",\"@id\":\"https:\/\/www.gurmakdemiryolu.com.tr\/tr\/#organization\",\"name\":\"G\\u00fcrmak Demiryolu\",\"url\":\"https:\/\/www.gurmakdemiryolu.com.tr\/tr\/\",\"sameAs\":[\"https:\/\/www.facebook.com\/gurmakdemiryolu\/\",\"https:\/\/www.instagram.com\/gurmakdemiryolu\/\",\"https:\/\/www.linkedin.com\/company\/gurmak-demiryolu\",\"https:\/\/www.youtube.com\/gurmakdemiryolu\",\"https:\/\/twitter.com\/gurmakdemiryolu\"],\"logo\":{\"@type\":\"ImageObject\",\"@id\":\"https:\/\/www.gurmakdemiryolu.com.tr\/tr\/#logo\",\"inLanguage\":\"tr\",\"url\":\"https:\/\/i0.wp.com\/www.gurmakdemiryolu.com.tr\/wp-content\/uploads\/2017\/03\/gurmak_logo.jpg?fit=860%2C455&ssl=1\",\"width\":860,\"height\":455,\"caption\":\"G\\u00fcrmak Demiryolu\"},\"image\":{\"@id\":\"https:\/\/www.gurmakdemiryolu.com.tr\/tr\/#logo\"}},{\"@type\":\"WebSite\",\"@id\":\"https:\/\/www.gurmakdemiryolu.com.tr\/tr\/#website\",\"url\":\"https:\/\/www.gurmakdemiryolu.com.tr\/tr\/\",\"name\":\"G\\u00fcrmak Demiryolu A.\\u015e\",\"description\":\"Ray Ba\\u011flant\\u0131 Sistemleri\",\"publisher\":{\"@id\":\"https:\/\/www.gurmakdemiryolu.com.tr\/tr\/#organization\"},\"potentialAction\":[{\"@type\":\"SearchAction\",\"target\":\"https:\/\/www.gurmakdemiryolu.com.tr\/tr\/?s={search_term_string}\",\"query-input\":\"required name=search_term_string\"}],\"inLanguage\":\"tr\"},{\"@type\":\"WebPage\",\"@id\":\"https:\/\/www.gurmakdemiryolu.com.tr\/uretim\/#webpage\",\"url\":\"https:\/\/www.gurmakdemiryolu.com.tr\/uretim\/\",\"name\":\"\\u00dcretim - G\\u00fcrmak Demiryolu A.\\u015e\",\"isPartOf\":{\"@id\":\"https:\/\/www.gurmakdemiryolu.com.tr\/tr\/#website\"},\"datePublished\":\"2018-09-26T07:43:36+00:00\",\"dateModified\":\"2019-04-25T14:08:39+00:00\",\"inLanguage\":\"tr\",\"potentialAction\":[{\"@type\":\"ReadAction\",\"target\":[\"https:\/\/www.gurmakdemiryolu.com.tr\/uretim\/\"]}]}]}<\/script>\n<!-- \/ Yoast SEO plugin. -->","jetpack_sharing_enabled":true,"jetpack_shortlink":"https:\/\/wp.me\/PaFafb-17l","jetpack-related-posts":[],"_links":{"self":[{"href":"https:\/\/www.gurmakdemiryolu.com.tr\/tr\/wp-json\/wp\/v2\/pages\/4299"}],"collection":[{"href":"https:\/\/www.gurmakdemiryolu.com.tr\/tr\/wp-json\/wp\/v2\/pages"}],"about":[{"href":"https:\/\/www.gurmakdemiryolu.com.tr\/tr\/wp-json\/wp\/v2\/types\/page"}],"author":[{"embeddable":true,"href":"https:\/\/www.gurmakdemiryolu.com.tr\/tr\/wp-json\/wp\/v2\/users\/1"}],"replies":[{"embeddable":true,"href":"https:\/\/www.gurmakdemiryolu.com.tr\/tr\/wp-json\/wp\/v2\/comments?post=4299"}],"version-history":[{"count":0,"href":"https:\/\/www.gurmakdemiryolu.com.tr\/tr\/wp-json\/wp\/v2\/pages\/4299\/revisions"}],"wp:attachment":[{"href":"https:\/\/www.gurmakdemiryolu.com.tr\/tr\/wp-json\/wp\/v2\/media?parent=4299"}],"curies":[{"name":"wp","href":"https:\/\/api.w.org\/{rel}","templated":true}]}}