{"id":4121,"date":"2017-03-17T11:52:32","date_gmt":"2017-03-17T08:52:32","guid":{"rendered":"http:\/\/yeni.gurmakcelik.com.tr\/?page_id=4121"},"modified":"2019-02-19T13:51:29","modified_gmt":"2019-02-19T10:51:29","slug":"tps-ray-baglanti-sistemleri","status":"publish","type":"page","link":"https:\/\/www.gurmakdemiryolu.com.tr\/tr\/urunlerimiz\/tps-ray-baglanti-sistemleri\/","title":{"rendered":"TPS &#8211; Ray Ba\u011flant\u0131 Sistemleri"},"content":{"rendered":"<p>Kenti\u00e7i tramvay, hafif rayl\u0131 ve metrosistemlerinde, konvansiyonel hatlarda ve h\u0131zl\u0131 tren hatlar\u0131 i\u00e7in kullan\u0131lan TPS ray ba\u011flant\u0131 sistemleri uygulama maliyetleri a\u00e7\u0131s\u0131ndan \u00e7ok avantajl\u0131 olup, ekonomik ve konforlu bir tercihtir.<\/p>\n<p>G\u00fcrmak TPS ray ba\u011flant\u0131 sistemleri\u00a0M\u00fcnih Teknik \u00dcniversitesi taraf\u0131ndan onaylanm\u0131\u015f olup, T\u00fcrkiye&#8217;nin \u00e7o\u011fu yerinde kullan\u0131lmaktad\u0131r.<\/p>\n<p>H\u0131z ve aks y\u00fckene g\u00f6re tercih edilebilen a\u015fa\u011f\u0131daki tercihler mevcuttur:<\/p>\n<table>\n<tbody>\n<tr>\n<td>\n<h3 style=\"text-align: center;\"><a href=\"http:\/\/gurmakdemiryolu.com.tr\/urunlerimiz\/tps01-ray-baglanti-sistemi\/\"><span style=\"color: #ff9900;\"><strong>TPS 01\u00a0&#8211; Ray Ba\u011flant\u0131 Sistemi<\/strong><\/span><\/a><\/h3>\n<\/td>\n<\/tr>\n<\/tbody>\n<\/table>\n<table style=\"height: 309px;\" width=\"583\">\n<tbody>\n<tr>\n<td>\n<h3><\/h3>\n<p><strong>Hafif rayl\u0131 sistemlerde<\/strong><br \/>\nAks y\u00fck\u00fc en fazla <strong>13<\/strong> ton<br \/>\nH\u0131z en fazla <strong>100<\/strong> km\/h<\/p>\n<p>EN 13481-5 sistem standard onayl\u0131<\/td>\n<td><a href=\"http:\/\/gurmakdemiryolu.com.tr\/urunlerimiz\/tps01-ray-baglanti-sistemi\/\" target=\"_blank\" rel=\"noopener\"><img decoding=\"async\" loading=\"lazy\" class=\"alignnone\" src=\"https:\/\/i0.wp.com\/gurmakdemiryolu.com.tr\/wp-content\/uploads\/2019\/02\/TPS01R.png?fit=275%2C300\" alt=\"\" width=\"275\" height=\"300\" \/><\/a><\/td>\n<\/tr>\n<\/tbody>\n<\/table>\n<p>&nbsp;<\/p>\n<table>\n<tbody>\n<tr>\n<td>\n<h3 style=\"text-align: center;\"><a href=\"http:\/\/gurmakdemiryolu.com.tr\/urunlerimiz\/tps05-ray-baglanti-sistemi\/\"><span style=\"color: #ff9900;\"><strong>TPS 05 &#8211; Ray Ba\u011flant\u0131 Sistemi<\/strong><\/span><\/a><\/h3>\n<\/td>\n<\/tr>\n<\/tbody>\n<\/table>\n<table style=\"height: 309px;\" width=\"583\">\n<tbody>\n<tr>\n<td>\n<h3><\/h3>\n<p><strong>Hafif rayl\u0131 sistemlerde<\/strong><br \/>\nAks y\u00fck\u00fc en fazla <strong>16<\/strong> ton<br \/>\nH\u0131z <strong>140<\/strong> km\/h<\/p>\n<p><strong>Konvansiyonel hatlarda<\/strong><br \/>\nAks y\u00fck\u00fc en fazla <strong>26<\/strong> ton<br \/>\nH\u0131z <strong>250<\/strong> km\/h<\/p>\n<p>EN 13481-5 Sistem standard\u0131 onayl\u0131<\/td>\n<td><a href=\"http:\/\/gurmakdemiryolu.com.tr\/tr\/urunlerimiz\/tps05-ray-baglanti-sistemi\/\" target=\"_blank\" rel=\"noopener\"><img decoding=\"async\" loading=\"lazy\" class=\"alignnone\" src=\"https:\/\/i1.wp.com\/gurmakdemiryolu.com.tr\/wp-content\/uploads\/2019\/02\/TPS05R.png?fit=252%2C300\" alt=\"\" width=\"252\" height=\"300\" \/><\/a><\/td>\n<\/tr>\n<\/tbody>\n<\/table>\n<p>&nbsp;<\/p>\n<table>\n<tbody>\n<tr>\n<td>\n<h3 style=\"text-align: center;\"><a href=\"http:\/\/gurmakdemiryolu.com.tr\/urunlerimiz\/tps08-ray-baglanti-sistemi\/\"><span style=\"color: #ff9900;\"><strong>TPS 08 &#8211; Ray Ba\u011flant\u0131 Sistemi<\/strong><\/span><\/a><\/h3>\n<\/td>\n<\/tr>\n<\/tbody>\n<\/table>\n<table style=\"height: 309px;\" width=\"583\">\n<tbody>\n<tr>\n<td>\n<h3><\/h3>\n<p><strong>Balasts\u0131z hatlarda ve metrolarda<\/strong><br \/>\nAks y\u00fck\u00fc en fazla <strong>26<\/strong> ton<br \/>\nH\u0131z en fazla <strong>250<\/strong> km\/h<\/p>\n<p>EN 13481-5 sistem standard\u0131 onayl\u0131<\/td>\n<td><a href=\"http:\/\/gurmakdemiryolu.com.tr\/tr\/urunlerimiz\/tps05-ray-baglanti-sistemi\/\" target=\"_blank\" rel=\"noopener\"><img decoding=\"async\" loading=\"lazy\" class=\"alignnone\" src=\"https:\/\/i2.wp.com\/gurmakdemiryolu.com.tr\/wp-content\/uploads\/2019\/02\/Tps08-Sistem_edit_white.jpg?fit=300%2C300\" alt=\"\" width=\"300\" height=\"300\" \/><\/a><\/td>\n<\/tr>\n<\/tbody>\n<\/table>\n<p>&nbsp;<\/p>","protected":false},"excerpt":{"rendered":"<p>Kenti\u00e7i tramvay, hafif rayl\u0131 ve metrosistemlerinde, konvansiyonel hatlarda ve h\u0131zl\u0131 tren hatlar\u0131 i\u00e7in kullan\u0131lan TPS ray ba\u011flant\u0131 sistemleri uygulama maliyetleri a\u00e7\u0131s\u0131ndan \u00e7ok avantajl\u0131 olup, ekonomik ve konforlu bir tercihtir. G\u00fcrmak TPS ray ba\u011flant\u0131 sistemleri\u00a0M\u00fcnih Teknik \u00dcniversitesi taraf\u0131ndan onaylanm\u0131\u015f olup, T\u00fcrkiye&#8217;nin \u00e7o\u011fu yerinde kullan\u0131lmaktad\u0131r. H\u0131z ve aks y\u00fckene g\u00f6re tercih edilebilen a\u015fa\u011f\u0131daki tercihler mevcuttur: TPS 01\u00a0&#8211; [&hellip;]<\/p>\n","protected":false},"author":1,"featured_media":4488,"parent":2841,"menu_order":0,"comment_status":"closed","ping_status":"closed","template":"","meta":{"spay_email":"","footnotes":""},"yoast_head":"<!-- This site is optimized with the Yoast SEO plugin v15.3 - https:\/\/yoast.com\/wordpress\/plugins\/seo\/ -->\n<title>TPS - Ray Ba\u011flant\u0131 Sistemleri - G\u00fcrmak Demiryolu A.\u015e<\/title>\n<meta name=\"robots\" content=\"index, follow, max-snippet:-1, max-image-preview:large, max-video-preview:-1\" \/>\n<link rel=\"canonical\" href=\"https:\/\/www.gurmakdemiryolu.com.tr\/urunlerimiz\/tps-ray-baglanti-sistemleri\/\" \/>\n<meta property=\"og:locale\" content=\"tr_TR\" \/>\n<meta property=\"og:type\" content=\"article\" \/>\n<meta property=\"og:title\" content=\"TPS - Ray Ba\u011flant\u0131 Sistemleri - G\u00fcrmak Demiryolu A.\u015e\" \/>\n<meta property=\"og:description\" content=\"Kenti\u00e7i tramvay, hafif rayl\u0131 ve metrosistemlerinde, konvansiyonel hatlarda ve h\u0131zl\u0131 tren hatlar\u0131 i\u00e7in kullan\u0131lan TPS ray ba\u011flant\u0131 sistemleri uygulama maliyetleri a\u00e7\u0131s\u0131ndan \u00e7ok avantajl\u0131 olup, ekonomik ve konforlu bir tercihtir. G\u00fcrmak TPS ray ba\u011flant\u0131 sistemleri\u00a0M\u00fcnih Teknik \u00dcniversitesi taraf\u0131ndan onaylanm\u0131\u015f olup, T\u00fcrkiye&#8217;nin \u00e7o\u011fu yerinde kullan\u0131lmaktad\u0131r. H\u0131z ve aks y\u00fckene g\u00f6re tercih edilebilen a\u015fa\u011f\u0131daki tercihler mevcuttur: TPS 01\u00a0&#8211; [&hellip;]\" \/>\n<meta property=\"og:url\" content=\"https:\/\/www.gurmakdemiryolu.com.tr\/urunlerimiz\/tps-ray-baglanti-sistemleri\/\" \/>\n<meta property=\"og:site_name\" content=\"G\u00fcrmak Demiryolu A.\u015e\" \/>\n<meta property=\"article:publisher\" content=\"https:\/\/www.facebook.com\/gurmakdemiryolu\/\" \/>\n<meta property=\"article:modified_time\" content=\"2019-02-19T10:51:29+00:00\" \/>\n<meta property=\"og:image\" content=\"https:\/\/i0.wp.com\/www.gurmakdemiryolu.com.tr\/wp-content\/uploads\/2019\/02\/gurmak_tps05_ray_baglanti_sistemi.jpg?fit=1625%2C1236&#038;ssl=1\" \/>\n\t<meta property=\"og:image:width\" content=\"1625\" \/>\n\t<meta property=\"og:image:height\" content=\"1236\" \/>\n<meta name=\"twitter:card\" content=\"summary_large_image\" \/>\n<meta name=\"twitter:creator\" content=\"@gurmakdemiryolu\" \/>\n<meta name=\"twitter:site\" content=\"@gurmakdemiryolu\" \/>\n<meta name=\"twitter:label1\" content=\"Written by\">\n\t<meta name=\"twitter:data1\" content=\"admin\">\n\t<meta name=\"twitter:label2\" content=\"Tahmini okuma s\u00fcresi\">\n\t<meta name=\"twitter:data2\" content=\"1 dakika\">\n<script type=\"application\/ld+json\" class=\"yoast-schema-graph\">{\"@context\":\"https:\/\/schema.org\",\"@graph\":[{\"@type\":\"Organization\",\"@id\":\"https:\/\/www.gurmakdemiryolu.com.tr\/tr\/#organization\",\"name\":\"G\\u00fcrmak Demiryolu\",\"url\":\"https:\/\/www.gurmakdemiryolu.com.tr\/tr\/\",\"sameAs\":[\"https:\/\/www.facebook.com\/gurmakdemiryolu\/\",\"https:\/\/www.instagram.com\/gurmakdemiryolu\/\",\"https:\/\/www.linkedin.com\/company\/gurmak-demiryolu\",\"https:\/\/www.youtube.com\/gurmakdemiryolu\",\"https:\/\/twitter.com\/gurmakdemiryolu\"],\"logo\":{\"@type\":\"ImageObject\",\"@id\":\"https:\/\/www.gurmakdemiryolu.com.tr\/tr\/#logo\",\"inLanguage\":\"tr\",\"url\":\"https:\/\/i0.wp.com\/www.gurmakdemiryolu.com.tr\/wp-content\/uploads\/2017\/03\/gurmak_logo.jpg?fit=860%2C455&ssl=1\",\"width\":860,\"height\":455,\"caption\":\"G\\u00fcrmak Demiryolu\"},\"image\":{\"@id\":\"https:\/\/www.gurmakdemiryolu.com.tr\/tr\/#logo\"}},{\"@type\":\"WebSite\",\"@id\":\"https:\/\/www.gurmakdemiryolu.com.tr\/tr\/#website\",\"url\":\"https:\/\/www.gurmakdemiryolu.com.tr\/tr\/\",\"name\":\"G\\u00fcrmak Demiryolu A.\\u015e\",\"description\":\"Ray Ba\\u011flant\\u0131 Sistemleri\",\"publisher\":{\"@id\":\"https:\/\/www.gurmakdemiryolu.com.tr\/tr\/#organization\"},\"potentialAction\":[{\"@type\":\"SearchAction\",\"target\":\"https:\/\/www.gurmakdemiryolu.com.tr\/tr\/?s={search_term_string}\",\"query-input\":\"required name=search_term_string\"}],\"inLanguage\":\"tr\"},{\"@type\":\"ImageObject\",\"@id\":\"https:\/\/www.gurmakdemiryolu.com.tr\/urunlerimiz\/tps-ray-baglanti-sistemleri\/#primaryimage\",\"inLanguage\":\"tr\",\"url\":\"https:\/\/i0.wp.com\/www.gurmakdemiryolu.com.tr\/wp-content\/uploads\/2019\/02\/gurmak_tps05_ray_baglanti_sistemi.jpg?fit=1625%2C1236&ssl=1\",\"width\":1625,\"height\":1236},{\"@type\":\"WebPage\",\"@id\":\"https:\/\/www.gurmakdemiryolu.com.tr\/urunlerimiz\/tps-ray-baglanti-sistemleri\/#webpage\",\"url\":\"https:\/\/www.gurmakdemiryolu.com.tr\/urunlerimiz\/tps-ray-baglanti-sistemleri\/\",\"name\":\"TPS - Ray Ba\\u011flant\\u0131 Sistemleri - G\\u00fcrmak Demiryolu A.\\u015e\",\"isPartOf\":{\"@id\":\"https:\/\/www.gurmakdemiryolu.com.tr\/tr\/#website\"},\"primaryImageOfPage\":{\"@id\":\"https:\/\/www.gurmakdemiryolu.com.tr\/urunlerimiz\/tps-ray-baglanti-sistemleri\/#primaryimage\"},\"datePublished\":\"2017-03-17T08:52:32+00:00\",\"dateModified\":\"2019-02-19T10:51:29+00:00\",\"inLanguage\":\"tr\",\"potentialAction\":[{\"@type\":\"ReadAction\",\"target\":[\"https:\/\/www.gurmakdemiryolu.com.tr\/urunlerimiz\/tps-ray-baglanti-sistemleri\/\"]}]}]}<\/script>\n<!-- \/ Yoast SEO plugin. -->","jetpack_sharing_enabled":true,"jetpack_shortlink":"https:\/\/wp.me\/PaFafb-14t","jetpack-related-posts":[],"_links":{"self":[{"href":"https:\/\/www.gurmakdemiryolu.com.tr\/tr\/wp-json\/wp\/v2\/pages\/4121"}],"collection":[{"href":"https:\/\/www.gurmakdemiryolu.com.tr\/tr\/wp-json\/wp\/v2\/pages"}],"about":[{"href":"https:\/\/www.gurmakdemiryolu.com.tr\/tr\/wp-json\/wp\/v2\/types\/page"}],"author":[{"embeddable":true,"href":"https:\/\/www.gurmakdemiryolu.com.tr\/tr\/wp-json\/wp\/v2\/users\/1"}],"replies":[{"embeddable":true,"href":"https:\/\/www.gurmakdemiryolu.com.tr\/tr\/wp-json\/wp\/v2\/comments?post=4121"}],"version-history":[{"count":0,"href":"https:\/\/www.gurmakdemiryolu.com.tr\/tr\/wp-json\/wp\/v2\/pages\/4121\/revisions"}],"up":[{"embeddable":true,"href":"https:\/\/www.gurmakdemiryolu.com.tr\/tr\/wp-json\/wp\/v2\/pages\/2841"}],"wp:featuredmedia":[{"embeddable":true,"href":"https:\/\/www.gurmakdemiryolu.com.tr\/tr\/wp-json\/wp\/v2\/media\/4488"}],"wp:attachment":[{"href":"https:\/\/www.gurmakdemiryolu.com.tr\/tr\/wp-json\/wp\/v2\/media?parent=4121"}],"curies":[{"name":"wp","href":"https:\/\/api.w.org\/{rel}","templated":true}]}}