{"id":2039,"date":"2016-06-11T14:25:44","date_gmt":"2016-06-11T14:25:44","guid":{"rendered":"http:\/\/demo.goodlayers.com\/infinite\/?page_id=2039"},"modified":"2019-11-05T15:56:14","modified_gmt":"2019-11-05T12:56:14","slug":"homepage-main","status":"publish","type":"page","link":"https:\/\/www.gurmakdemiryolu.com.tr\/tr\/","title":{"rendered":"G\u00fcrmak Demiryolu &#8211; Ray Ba\u011flant\u0131 Sistemleri"},"content":{"rendered":"<p><\/p>\n<h1>G\u00fcrmak Demiryolu &#8211; Ray Ba\u011flant\u0131 Sistemleri<\/h1>\n<p><\/p>","protected":false},"excerpt":{"rendered":"<p>G\u00fcrmak Demiryolu &#8211; Ray Ba\u011flant\u0131 Sistemleri<\/p>\n","protected":false},"author":1,"featured_media":4373,"parent":0,"menu_order":0,"comment_status":"closed","ping_status":"closed","template":"","meta":{"spay_email":"","footnotes":""},"yoast_head":"<!-- This site is optimized with the Yoast SEO plugin v15.3 - https:\/\/yoast.com\/wordpress\/plugins\/seo\/ -->\n<title>G\u00fcrmak Demiryolu - Ray Ba\u011flant\u0131 Sistemleri - G\u00fcrmak Demiryolu A.\u015e<\/title>\n<meta name=\"robots\" content=\"index, follow, max-snippet:-1, max-image-preview:large, max-video-preview:-1\" \/>\n<link rel=\"canonical\" href=\"https:\/\/www.gurmakdemiryolu.com.tr\/\" \/>\n<meta property=\"og:locale\" content=\"tr_TR\" \/>\n<meta property=\"og:type\" content=\"article\" \/>\n<meta property=\"og:title\" content=\"G\u00fcrmak Demiryolu - Ray Ba\u011flant\u0131 Sistemleri - G\u00fcrmak Demiryolu A.\u015e\" \/>\n<meta property=\"og:description\" content=\"G\u00fcrmak Demiryolu &#8211; Ray Ba\u011flant\u0131 Sistemleri\" \/>\n<meta property=\"og:url\" content=\"https:\/\/www.gurmakdemiryolu.com.tr\/\" \/>\n<meta property=\"og:site_name\" content=\"G\u00fcrmak Demiryolu A.\u015e\" \/>\n<meta property=\"article:publisher\" content=\"https:\/\/www.facebook.com\/gurmakdemiryolu\/\" \/>\n<meta property=\"article:modified_time\" content=\"2019-11-05T12:56:14+00:00\" \/>\n<meta property=\"og:image\" content=\"https:\/\/i0.wp.com\/www.gurmakdemiryolu.com.tr\/wp-content\/uploads\/2018\/09\/Gurmak_logo.png?fit=780%2C390&#038;ssl=1\" \/>\n\t<meta property=\"og:image:width\" content=\"780\" \/>\n\t<meta property=\"og:image:height\" content=\"390\" \/>\n<meta name=\"twitter:card\" content=\"summary_large_image\" \/>\n<meta name=\"twitter:creator\" content=\"@gurmakdemiryolu\" \/>\n<meta name=\"twitter:site\" content=\"@gurmakdemiryolu\" \/>\n<meta name=\"twitter:label1\" content=\"Written by\">\n\t<meta name=\"twitter:data1\" content=\"admin\">\n\t<meta name=\"twitter:label2\" content=\"Tahmini okuma s\u00fcresi\">\n\t<meta name=\"twitter:data2\" content=\"0 dakika\">\n<script type=\"application\/ld+json\" class=\"yoast-schema-graph\">{\"@context\":\"https:\/\/schema.org\",\"@graph\":[{\"@type\":\"Organization\",\"@id\":\"https:\/\/www.gurmakdemiryolu.com.tr\/tr\/#organization\",\"name\":\"G\\u00fcrmak Demiryolu\",\"url\":\"https:\/\/www.gurmakdemiryolu.com.tr\/tr\/\",\"sameAs\":[\"https:\/\/www.facebook.com\/gurmakdemiryolu\/\",\"https:\/\/www.instagram.com\/gurmakdemiryolu\/\",\"https:\/\/www.linkedin.com\/company\/gurmak-demiryolu\",\"https:\/\/www.youtube.com\/gurmakdemiryolu\",\"https:\/\/twitter.com\/gurmakdemiryolu\"],\"logo\":{\"@type\":\"ImageObject\",\"@id\":\"https:\/\/www.gurmakdemiryolu.com.tr\/tr\/#logo\",\"inLanguage\":\"tr\",\"url\":\"https:\/\/i0.wp.com\/www.gurmakdemiryolu.com.tr\/wp-content\/uploads\/2017\/03\/gurmak_logo.jpg?fit=860%2C455&ssl=1\",\"width\":860,\"height\":455,\"caption\":\"G\\u00fcrmak Demiryolu\"},\"image\":{\"@id\":\"https:\/\/www.gurmakdemiryolu.com.tr\/tr\/#logo\"}},{\"@type\":\"WebSite\",\"@id\":\"https:\/\/www.gurmakdemiryolu.com.tr\/tr\/#website\",\"url\":\"https:\/\/www.gurmakdemiryolu.com.tr\/tr\/\",\"name\":\"G\\u00fcrmak Demiryolu A.\\u015e\",\"description\":\"Ray Ba\\u011flant\\u0131 Sistemleri\",\"publisher\":{\"@id\":\"https:\/\/www.gurmakdemiryolu.com.tr\/tr\/#organization\"},\"potentialAction\":[{\"@type\":\"SearchAction\",\"target\":\"https:\/\/www.gurmakdemiryolu.com.tr\/tr\/?s={search_term_string}\",\"query-input\":\"required name=search_term_string\"}],\"inLanguage\":\"tr\"},{\"@type\":\"ImageObject\",\"@id\":\"https:\/\/www.gurmakdemiryolu.com.tr\/#primaryimage\",\"inLanguage\":\"tr\",\"url\":\"https:\/\/i0.wp.com\/www.gurmakdemiryolu.com.tr\/wp-content\/uploads\/2018\/09\/Gurmak_logo.png?fit=780%2C390&ssl=1\",\"width\":780,\"height\":390,\"caption\":\"G\\u00fcrmak Demiryolu Ba\\u011flant\\u0131 Sistemleri Gurmak Railway Fastenings\"},{\"@type\":\"WebPage\",\"@id\":\"https:\/\/www.gurmakdemiryolu.com.tr\/#webpage\",\"url\":\"https:\/\/www.gurmakdemiryolu.com.tr\/\",\"name\":\"G\\u00fcrmak Demiryolu - Ray Ba\\u011flant\\u0131 Sistemleri - G\\u00fcrmak Demiryolu A.\\u015e\",\"isPartOf\":{\"@id\":\"https:\/\/www.gurmakdemiryolu.com.tr\/tr\/#website\"},\"primaryImageOfPage\":{\"@id\":\"https:\/\/www.gurmakdemiryolu.com.tr\/#primaryimage\"},\"datePublished\":\"2016-06-11T14:25:44+00:00\",\"dateModified\":\"2019-11-05T12:56:14+00:00\",\"inLanguage\":\"tr\",\"potentialAction\":[{\"@type\":\"ReadAction\",\"target\":[\"https:\/\/www.gurmakdemiryolu.com.tr\/\"]}]}]}<\/script>\n<!-- \/ Yoast SEO plugin. -->","jetpack_sharing_enabled":true,"jetpack_shortlink":"https:\/\/wp.me\/PaFafb-wT","jetpack-related-posts":[],"_links":{"self":[{"href":"https:\/\/www.gurmakdemiryolu.com.tr\/tr\/wp-json\/wp\/v2\/pages\/2039"}],"collection":[{"href":"https:\/\/www.gurmakdemiryolu.com.tr\/tr\/wp-json\/wp\/v2\/pages"}],"about":[{"href":"https:\/\/www.gurmakdemiryolu.com.tr\/tr\/wp-json\/wp\/v2\/types\/page"}],"author":[{"embeddable":true,"href":"https:\/\/www.gurmakdemiryolu.com.tr\/tr\/wp-json\/wp\/v2\/users\/1"}],"replies":[{"embeddable":true,"href":"https:\/\/www.gurmakdemiryolu.com.tr\/tr\/wp-json\/wp\/v2\/comments?post=2039"}],"version-history":[{"count":0,"href":"https:\/\/www.gurmakdemiryolu.com.tr\/tr\/wp-json\/wp\/v2\/pages\/2039\/revisions"}],"wp:featuredmedia":[{"embeddable":true,"href":"https:\/\/www.gurmakdemiryolu.com.tr\/tr\/wp-json\/wp\/v2\/media\/4373"}],"wp:attachment":[{"href":"https:\/\/www.gurmakdemiryolu.com.tr\/tr\/wp-json\/wp\/v2\/media?parent=2039"}],"curies":[{"name":"wp","href":"https:\/\/api.w.org\/{rel}","templated":true}]}}