{"id":1852,"date":"2016-06-10T05:08:34","date_gmt":"2016-06-10T02:08:34","guid":{"rendered":"http:\/\/demo.goodlayers.com\/infinite\/?page_id=1852"},"modified":"2019-11-05T15:38:52","modified_gmt":"2019-11-05T12:38:52","slug":"hakkimizda","status":"publish","type":"page","link":"https:\/\/www.gurmakdemiryolu.com.tr\/tr\/kurumsal\/hakkimizda\/","title":{"rendered":"Hakk\u0131m\u0131zda"},"content":{"rendered":"<p>G\u00fcrmak demiryolu hakk\u0131nda<\/p>","protected":false},"excerpt":{"rendered":"<p>G\u00fcrmak demiryolu hakk\u0131nda<\/p>\n","protected":false},"author":1,"featured_media":0,"parent":4602,"menu_order":0,"comment_status":"closed","ping_status":"closed","template":"","meta":{"spay_email":"","footnotes":""},"yoast_head":"<!-- This site is optimized with the Yoast SEO plugin v15.3 - https:\/\/yoast.com\/wordpress\/plugins\/seo\/ -->\n<title>Hakk\u0131m\u0131zda - G\u00fcrmak Demiryolu A.\u015e<\/title>\n<meta name=\"description\" content=\"G\u00fcrmak Demiryolu Ba\u011flant\u0131 Sistemleri Hakk\u0131nda, Demiryolu ray ba\u011flant\u0131lar\u0131 konusunda uzman firmam\u0131z uluslaras\u0131 demiryolu ba\u011flant\u0131 elemanlar\u0131 tedarik\u00e7isidir.\" \/>\n<meta name=\"robots\" content=\"index, follow, max-snippet:-1, max-image-preview:large, max-video-preview:-1\" \/>\n<link rel=\"canonical\" href=\"https:\/\/www.gurmakdemiryolu.com.tr\/kurumsal\/hakkimizda\/\" \/>\n<meta property=\"og:locale\" content=\"tr_TR\" \/>\n<meta property=\"og:type\" content=\"article\" \/>\n<meta property=\"og:title\" content=\"Hakk\u0131m\u0131zda - G\u00fcrmak Demiryolu A.\u015e\" \/>\n<meta property=\"og:description\" content=\"{:tr}G\u00fcrmak Demiryolu Ba\u011flant\u0131 Sistemleri Hakk\u0131nda, Demiryolu ray ba\u011flant\u0131lar\u0131 konusunda uzman firmam\u0131z uluslaras\u0131 demiryolu ba\u011flant\u0131 elemanlar\u0131 tedarik\u00e7isidir.{:en}G\u00fcrmak Demiryolu Ba\u011flant\u0131 Sistemleri Hakk\u0131nda {:}\" \/>\n<meta property=\"og:url\" content=\"https:\/\/www.gurmakdemiryolu.com.tr\/kurumsal\/hakkimizda\/\" \/>\n<meta property=\"og:site_name\" content=\"G\u00fcrmak Demiryolu A.\u015e\" \/>\n<meta property=\"article:publisher\" content=\"https:\/\/www.facebook.com\/gurmakdemiryolu\/\" \/>\n<meta property=\"article:modified_time\" content=\"2019-11-05T12:38:52+00:00\" \/>\n<meta name=\"twitter:card\" content=\"summary_large_image\" \/>\n<meta name=\"twitter:creator\" content=\"@gurmakdemiryolu\" \/>\n<meta name=\"twitter:site\" content=\"@gurmakdemiryolu\" \/>\n<meta name=\"twitter:label1\" content=\"Written by\">\n\t<meta name=\"twitter:data1\" content=\"admin\">\n\t<meta name=\"twitter:label2\" content=\"Tahmini okuma s\u00fcresi\">\n\t<meta name=\"twitter:data2\" content=\"0 dakika\">\n<script type=\"application\/ld+json\" class=\"yoast-schema-graph\">{\"@context\":\"https:\/\/schema.org\",\"@graph\":[{\"@type\":\"Organization\",\"@id\":\"https:\/\/www.gurmakdemiryolu.com.tr\/tr\/#organization\",\"name\":\"G\\u00fcrmak Demiryolu\",\"url\":\"https:\/\/www.gurmakdemiryolu.com.tr\/tr\/\",\"sameAs\":[\"https:\/\/www.facebook.com\/gurmakdemiryolu\/\",\"https:\/\/www.instagram.com\/gurmakdemiryolu\/\",\"https:\/\/www.linkedin.com\/company\/gurmak-demiryolu\",\"https:\/\/www.youtube.com\/gurmakdemiryolu\",\"https:\/\/twitter.com\/gurmakdemiryolu\"],\"logo\":{\"@type\":\"ImageObject\",\"@id\":\"https:\/\/www.gurmakdemiryolu.com.tr\/tr\/#logo\",\"inLanguage\":\"tr\",\"url\":\"https:\/\/i0.wp.com\/www.gurmakdemiryolu.com.tr\/wp-content\/uploads\/2017\/03\/gurmak_logo.jpg?fit=860%2C455&ssl=1\",\"width\":860,\"height\":455,\"caption\":\"G\\u00fcrmak Demiryolu\"},\"image\":{\"@id\":\"https:\/\/www.gurmakdemiryolu.com.tr\/tr\/#logo\"}},{\"@type\":\"WebSite\",\"@id\":\"https:\/\/www.gurmakdemiryolu.com.tr\/tr\/#website\",\"url\":\"https:\/\/www.gurmakdemiryolu.com.tr\/tr\/\",\"name\":\"G\\u00fcrmak Demiryolu A.\\u015e\",\"description\":\"Ray Ba\\u011flant\\u0131 Sistemleri\",\"publisher\":{\"@id\":\"https:\/\/www.gurmakdemiryolu.com.tr\/tr\/#organization\"},\"potentialAction\":[{\"@type\":\"SearchAction\",\"target\":\"https:\/\/www.gurmakdemiryolu.com.tr\/tr\/?s={search_term_string}\",\"query-input\":\"required name=search_term_string\"}],\"inLanguage\":\"tr\"},{\"@type\":\"WebPage\",\"@id\":\"https:\/\/www.gurmakdemiryolu.com.tr\/kurumsal\/hakkimizda\/#webpage\",\"url\":\"https:\/\/www.gurmakdemiryolu.com.tr\/kurumsal\/hakkimizda\/\",\"name\":\"Hakk\\u0131m\\u0131zda - G\\u00fcrmak Demiryolu A.\\u015e\",\"isPartOf\":{\"@id\":\"https:\/\/www.gurmakdemiryolu.com.tr\/tr\/#website\"},\"datePublished\":\"2016-06-10T02:08:34+00:00\",\"dateModified\":\"2019-11-05T12:38:52+00:00\",\"description\":\"{:tr}G\\u00fcrmak Demiryolu Ba\\u011flant\\u0131 Sistemleri Hakk\\u0131nda, Demiryolu ray ba\\u011flant\\u0131lar\\u0131 konusunda uzman firmam\\u0131z uluslaras\\u0131 demiryolu ba\\u011flant\\u0131 elemanlar\\u0131 tedarik\\u00e7isidir.{:en}G\\u00fcrmak Demiryolu Ba\\u011flant\\u0131 Sistemleri Hakk\\u0131nda {:}\",\"inLanguage\":\"tr\",\"potentialAction\":[{\"@type\":\"ReadAction\",\"target\":[\"https:\/\/www.gurmakdemiryolu.com.tr\/kurumsal\/hakkimizda\/\"]}]}]}<\/script>\n<!-- \/ Yoast SEO plugin. -->","jetpack_sharing_enabled":true,"jetpack_shortlink":"https:\/\/wp.me\/PaFafb-tS","jetpack-related-posts":[],"_links":{"self":[{"href":"https:\/\/www.gurmakdemiryolu.com.tr\/tr\/wp-json\/wp\/v2\/pages\/1852"}],"collection":[{"href":"https:\/\/www.gurmakdemiryolu.com.tr\/tr\/wp-json\/wp\/v2\/pages"}],"about":[{"href":"https:\/\/www.gurmakdemiryolu.com.tr\/tr\/wp-json\/wp\/v2\/types\/page"}],"author":[{"embeddable":true,"href":"https:\/\/www.gurmakdemiryolu.com.tr\/tr\/wp-json\/wp\/v2\/users\/1"}],"replies":[{"embeddable":true,"href":"https:\/\/www.gurmakdemiryolu.com.tr\/tr\/wp-json\/wp\/v2\/comments?post=1852"}],"version-history":[{"count":0,"href":"https:\/\/www.gurmakdemiryolu.com.tr\/tr\/wp-json\/wp\/v2\/pages\/1852\/revisions"}],"up":[{"embeddable":true,"href":"https:\/\/www.gurmakdemiryolu.com.tr\/tr\/wp-json\/wp\/v2\/pages\/4602"}],"wp:attachment":[{"href":"https:\/\/www.gurmakdemiryolu.com.tr\/tr\/wp-json\/wp\/v2\/media?parent=1852"}],"curies":[{"name":"wp","href":"https:\/\/api.w.org\/{rel}","templated":true}]}}