{"id":2841,"date":"2016-09-03T10:21:41","date_gmt":"2016-09-03T07:21:41","guid":{"rendered":"http:\/\/demo.goodlayers.com\/realfactory\/?page_id=2841"},"modified":"2019-11-01T17:51:45","modified_gmt":"2019-11-01T14:51:45","slug":"urunlerimiz","status":"publish","type":"page","link":"https:\/\/www.gurmakdemiryolu.com.tr\/en\/urunlerimiz\/","title":{"rendered":"Our Products"},"content":{"rendered":"<table>\n<tbody>\n<tr>\n<td><a href=\"https:\/\/i1.wp.com\/gurmakdemiryolu.com.tr\/wp-content\/uploads\/2019\/02\/TPS_01_fin_render_edited.jpg\"><img data-attachment-id=\"4505\" data-permalink=\"https:\/\/www.gurmakdemiryolu.com.tr\/en\/urunlerimiz\/tps_01_fin_render_edited\/\" data-orig-file=\"https:\/\/i1.wp.com\/www.gurmakdemiryolu.com.tr\/wp-content\/uploads\/2019\/02\/TPS_01_fin_render_edited.jpg?fit=4500%2C4500&amp;ssl=1\" data-orig-size=\"4500,4500\" data-comments-opened=\"0\" data-image-meta=\"{&quot;aperture&quot;:&quot;0&quot;,&quot;credit&quot;:&quot;&quot;,&quot;camera&quot;:&quot;&quot;,&quot;caption&quot;:&quot;&quot;,&quot;created_timestamp&quot;:&quot;0&quot;,&quot;copyright&quot;:&quot;&quot;,&quot;focal_length&quot;:&quot;0&quot;,&quot;iso&quot;:&quot;0&quot;,&quot;shutter_speed&quot;:&quot;0&quot;,&quot;title&quot;:&quot;&quot;,&quot;orientation&quot;:&quot;0&quot;}\" data-image-title=\"TPS_01_fin_render_edited\" data-image-description=\"&lt;p&gt;TPS01 Ray ba\u011flant\u0131 sistemi g\u00f6rsel&lt;br \/&gt;\nTPS01 Rail Fastening system render&lt;\/p&gt;\n\" data-medium-file=\"https:\/\/i1.wp.com\/www.gurmakdemiryolu.com.tr\/wp-content\/uploads\/2019\/02\/TPS_01_fin_render_edited.jpg?fit=300%2C300&amp;ssl=1\" data-large-file=\"https:\/\/i1.wp.com\/www.gurmakdemiryolu.com.tr\/wp-content\/uploads\/2019\/02\/TPS_01_fin_render_edited.jpg?fit=1024%2C1024&amp;ssl=1\" decoding=\"async\" loading=\"lazy\" class=\"aligncenter wp-image-4505\" src=\"https:\/\/i1.wp.com\/gurmakdemiryolu.com.tr\/wp-content\/uploads\/2019\/02\/TPS_01_fin_render_edited.jpg?resize=250%2C250\" alt=\"\" width=\"250\" height=\"250\" srcset=\"https:\/\/i1.wp.com\/www.gurmakdemiryolu.com.tr\/wp-content\/uploads\/2019\/02\/TPS_01_fin_render_edited.jpg?w=4500&amp;ssl=1 4500w, https:\/\/i1.wp.com\/www.gurmakdemiryolu.com.tr\/wp-content\/uploads\/2019\/02\/TPS_01_fin_render_edited.jpg?resize=150%2C150&amp;ssl=1 150w, https:\/\/i1.wp.com\/www.gurmakdemiryolu.com.tr\/wp-content\/uploads\/2019\/02\/TPS_01_fin_render_edited.jpg?resize=300%2C300&amp;ssl=1 300w, https:\/\/i1.wp.com\/www.gurmakdemiryolu.com.tr\/wp-content\/uploads\/2019\/02\/TPS_01_fin_render_edited.jpg?resize=768%2C768&amp;ssl=1 768w, https:\/\/i1.wp.com\/www.gurmakdemiryolu.com.tr\/wp-content\/uploads\/2019\/02\/TPS_01_fin_render_edited.jpg?resize=1024%2C1024&amp;ssl=1 1024w, https:\/\/i1.wp.com\/www.gurmakdemiryolu.com.tr\/wp-content\/uploads\/2019\/02\/TPS_01_fin_render_edited.jpg?resize=700%2C700&amp;ssl=1 700w, https:\/\/i1.wp.com\/www.gurmakdemiryolu.com.tr\/wp-content\/uploads\/2019\/02\/TPS_01_fin_render_edited.jpg?w=2300&amp;ssl=1 2300w, https:\/\/i1.wp.com\/www.gurmakdemiryolu.com.tr\/wp-content\/uploads\/2019\/02\/TPS_01_fin_render_edited.jpg?w=3450&amp;ssl=1 3450w\" sizes=\"(max-width: 250px) 100vw, 250px\" data-recalc-dims=\"1\" \/><\/a><\/td>\n<td><a href=\"https:\/\/i2.wp.com\/gurmakdemiryolu.com.tr\/wp-content\/uploads\/2019\/02\/TPS05R.png\"><img data-attachment-id=\"4532\" data-permalink=\"https:\/\/www.gurmakdemiryolu.com.tr\/en\/urunlerimiz\/tps05r\/\" data-orig-file=\"https:\/\/i2.wp.com\/www.gurmakdemiryolu.com.tr\/wp-content\/uploads\/2019\/02\/TPS05R.png?fit=568%2C676&amp;ssl=1\" data-orig-size=\"568,676\" data-comments-opened=\"0\" data-image-meta=\"{&quot;aperture&quot;:&quot;0&quot;,&quot;credit&quot;:&quot;&quot;,&quot;camera&quot;:&quot;&quot;,&quot;caption&quot;:&quot;&quot;,&quot;created_timestamp&quot;:&quot;0&quot;,&quot;copyright&quot;:&quot;&quot;,&quot;focal_length&quot;:&quot;0&quot;,&quot;iso&quot;:&quot;0&quot;,&quot;shutter_speed&quot;:&quot;0&quot;,&quot;title&quot;:&quot;&quot;,&quot;orientation&quot;:&quot;0&quot;}\" data-image-title=\"TPS05R\" data-image-description=\"&lt;p&gt;TPS05 ray ba\u011flant\u0131 sistemi render&lt;br \/&gt;\nTPS05 Rail fastening system render&lt;\/p&gt;\n\" data-medium-file=\"https:\/\/i2.wp.com\/www.gurmakdemiryolu.com.tr\/wp-content\/uploads\/2019\/02\/TPS05R.png?fit=252%2C300&amp;ssl=1\" data-large-file=\"https:\/\/i2.wp.com\/www.gurmakdemiryolu.com.tr\/wp-content\/uploads\/2019\/02\/TPS05R.png?fit=568%2C676&amp;ssl=1\" decoding=\"async\" loading=\"lazy\" class=\"aligncenter wp-image-4532\" src=\"https:\/\/i2.wp.com\/gurmakdemiryolu.com.tr\/wp-content\/uploads\/2019\/02\/TPS05R.png?resize=200%2C238\" alt=\"\" width=\"200\" height=\"238\" srcset=\"https:\/\/i2.wp.com\/www.gurmakdemiryolu.com.tr\/wp-content\/uploads\/2019\/02\/TPS05R.png?w=568&amp;ssl=1 568w, https:\/\/i2.wp.com\/www.gurmakdemiryolu.com.tr\/wp-content\/uploads\/2019\/02\/TPS05R.png?resize=252%2C300&amp;ssl=1 252w\" sizes=\"(max-width: 200px) 100vw, 200px\" data-recalc-dims=\"1\" \/><\/a><\/td>\n<td><a href=\"https:\/\/i1.wp.com\/gurmakdemiryolu.com.tr\/wp-content\/uploads\/2019\/02\/Tps08-Sistem_edit_white.jpg\"><img data-attachment-id=\"4507\" data-permalink=\"https:\/\/www.gurmakdemiryolu.com.tr\/en\/?attachment_id=4507\" data-orig-file=\"https:\/\/i0.wp.com\/www.gurmakdemiryolu.com.tr\/wp-content\/uploads\/2019\/02\/Tps08-Sistem_edit_white.jpg?fit=5000%2C5000&amp;ssl=1\" data-orig-size=\"5000,5000\" data-comments-opened=\"0\" data-image-meta=\"{&quot;aperture&quot;:&quot;0&quot;,&quot;credit&quot;:&quot;&quot;,&quot;camera&quot;:&quot;&quot;,&quot;caption&quot;:&quot;&quot;,&quot;created_timestamp&quot;:&quot;0&quot;,&quot;copyright&quot;:&quot;&quot;,&quot;focal_length&quot;:&quot;0&quot;,&quot;iso&quot;:&quot;0&quot;,&quot;shutter_speed&quot;:&quot;0&quot;,&quot;title&quot;:&quot;&quot;,&quot;orientation&quot;:&quot;0&quot;}\" data-image-title=\"Tps08-Sistem_edit_white\" data-image-description=\"&lt;p&gt;TPS08 Ray ba\u011flant\u0131 sistemi g\u00f6rsel&lt;br \/&gt;\nTPS08 Rail Fastening system render&lt;\/p&gt;\n\" data-medium-file=\"https:\/\/i0.wp.com\/www.gurmakdemiryolu.com.tr\/wp-content\/uploads\/2019\/02\/Tps08-Sistem_edit_white.jpg?fit=300%2C300&amp;ssl=1\" data-large-file=\"https:\/\/i0.wp.com\/www.gurmakdemiryolu.com.tr\/wp-content\/uploads\/2019\/02\/Tps08-Sistem_edit_white.jpg?fit=1024%2C1024&amp;ssl=1\" decoding=\"async\" loading=\"lazy\" class=\"aligncenter wp-image-4507\" src=\"https:\/\/i1.wp.com\/gurmakdemiryolu.com.tr\/wp-content\/uploads\/2019\/02\/Tps08-Sistem_edit_white.jpg?resize=200%2C200\" alt=\"\" width=\"200\" height=\"200\" srcset=\"https:\/\/i0.wp.com\/www.gurmakdemiryolu.com.tr\/wp-content\/uploads\/2019\/02\/Tps08-Sistem_edit_white.jpg?w=5000&amp;ssl=1 5000w, https:\/\/i0.wp.com\/www.gurmakdemiryolu.com.tr\/wp-content\/uploads\/2019\/02\/Tps08-Sistem_edit_white.jpg?resize=150%2C150&amp;ssl=1 150w, https:\/\/i0.wp.com\/www.gurmakdemiryolu.com.tr\/wp-content\/uploads\/2019\/02\/Tps08-Sistem_edit_white.jpg?resize=300%2C300&amp;ssl=1 300w, https:\/\/i0.wp.com\/www.gurmakdemiryolu.com.tr\/wp-content\/uploads\/2019\/02\/Tps08-Sistem_edit_white.jpg?resize=768%2C768&amp;ssl=1 768w, https:\/\/i0.wp.com\/www.gurmakdemiryolu.com.tr\/wp-content\/uploads\/2019\/02\/Tps08-Sistem_edit_white.jpg?resize=1024%2C1024&amp;ssl=1 1024w, https:\/\/i0.wp.com\/www.gurmakdemiryolu.com.tr\/wp-content\/uploads\/2019\/02\/Tps08-Sistem_edit_white.jpg?resize=700%2C700&amp;ssl=1 700w, https:\/\/i0.wp.com\/www.gurmakdemiryolu.com.tr\/wp-content\/uploads\/2019\/02\/Tps08-Sistem_edit_white.jpg?w=2300&amp;ssl=1 2300w, https:\/\/i0.wp.com\/www.gurmakdemiryolu.com.tr\/wp-content\/uploads\/2019\/02\/Tps08-Sistem_edit_white.jpg?w=3450&amp;ssl=1 3450w\" sizes=\"(max-width: 200px) 100vw, 200px\" data-recalc-dims=\"1\" \/><\/a><\/td>\n<\/tr>\n<tr>\n<td style=\"text-align: center;\"><a href=\"http:\/\/gurmakdemiryolu.com.tr\/urunlerimiz\/tps01-ray-baglanti-sistemi\/\"><span style=\"color: #ffcc00;\"><strong>TPS 01<\/strong><\/span><\/a><\/td>\n<td style=\"text-align: center;\"><span style=\"color: #ffcc00;\"><strong><a style=\"color: #ffcc00;\" href=\"http:\/\/gurmakdemiryolu.com.tr\/urunlerimiz\/tps05-ray-baglanti-sistemi\/\">TPS 05<\/a><\/strong><\/span><\/td>\n<td style=\"text-align: center;\"><strong><span style=\"color: #ffcc00;\"><a style=\"color: #ffcc00;\" href=\"http:\/\/gurmakdemiryolu.com.tr\/urunlerimiz\/tps08-ray-baglanti-sistemi\/\">TPS 08<\/a><\/span><\/strong><\/td>\n<\/tr>\n<\/tbody>\n<\/table>\n<table>\n<tbody>\n<tr>\n<td><a href=\"https:\/\/i0.wp.com\/gurmakdemiryolu.com.tr\/wp-content\/uploads\/2019\/02\/GRM-AY-1_Agiryuk_fin_render_edited.jpg\"><img data-attachment-id=\"4504\" data-permalink=\"https:\/\/www.gurmakdemiryolu.com.tr\/en\/?attachment_id=4504\" data-orig-file=\"https:\/\/i1.wp.com\/www.gurmakdemiryolu.com.tr\/wp-content\/uploads\/2019\/02\/GRM-AY-1_Agiryuk_fin_render_edited.jpg?fit=4500%2C4500&amp;ssl=1\" data-orig-size=\"4500,4500\" data-comments-opened=\"0\" data-image-meta=\"{&quot;aperture&quot;:&quot;0&quot;,&quot;credit&quot;:&quot;&quot;,&quot;camera&quot;:&quot;&quot;,&quot;caption&quot;:&quot;&quot;,&quot;created_timestamp&quot;:&quot;0&quot;,&quot;copyright&quot;:&quot;&quot;,&quot;focal_length&quot;:&quot;0&quot;,&quot;iso&quot;:&quot;0&quot;,&quot;shutter_speed&quot;:&quot;0&quot;,&quot;title&quot;:&quot;&quot;,&quot;orientation&quot;:&quot;0&quot;}\" data-image-title=\"GRM AY 1_Agiryuk_fin_render_edited\" data-image-description=\"&lt;p&gt;GRM AY1 Ray ba\u011flant\u0131 sistemi g\u00f6rsel&lt;br \/&gt;\nGRM AY1 Rail Fastening system render&lt;\/p&gt;\n\" data-medium-file=\"https:\/\/i1.wp.com\/www.gurmakdemiryolu.com.tr\/wp-content\/uploads\/2019\/02\/GRM-AY-1_Agiryuk_fin_render_edited.jpg?fit=300%2C300&amp;ssl=1\" data-large-file=\"https:\/\/i1.wp.com\/www.gurmakdemiryolu.com.tr\/wp-content\/uploads\/2019\/02\/GRM-AY-1_Agiryuk_fin_render_edited.jpg?fit=1024%2C1024&amp;ssl=1\" decoding=\"async\" loading=\"lazy\" class=\"aligncenter wp-image-4504\" src=\"https:\/\/i0.wp.com\/gurmakdemiryolu.com.tr\/wp-content\/uploads\/2019\/02\/GRM-AY-1_Agiryuk_fin_render_edited.jpg?resize=250%2C250\" alt=\"\" width=\"250\" height=\"250\" srcset=\"https:\/\/i1.wp.com\/www.gurmakdemiryolu.com.tr\/wp-content\/uploads\/2019\/02\/GRM-AY-1_Agiryuk_fin_render_edited.jpg?w=4500&amp;ssl=1 4500w, https:\/\/i1.wp.com\/www.gurmakdemiryolu.com.tr\/wp-content\/uploads\/2019\/02\/GRM-AY-1_Agiryuk_fin_render_edited.jpg?resize=150%2C150&amp;ssl=1 150w, https:\/\/i1.wp.com\/www.gurmakdemiryolu.com.tr\/wp-content\/uploads\/2019\/02\/GRM-AY-1_Agiryuk_fin_render_edited.jpg?resize=300%2C300&amp;ssl=1 300w, https:\/\/i1.wp.com\/www.gurmakdemiryolu.com.tr\/wp-content\/uploads\/2019\/02\/GRM-AY-1_Agiryuk_fin_render_edited.jpg?resize=768%2C768&amp;ssl=1 768w, https:\/\/i1.wp.com\/www.gurmakdemiryolu.com.tr\/wp-content\/uploads\/2019\/02\/GRM-AY-1_Agiryuk_fin_render_edited.jpg?resize=1024%2C1024&amp;ssl=1 1024w, https:\/\/i1.wp.com\/www.gurmakdemiryolu.com.tr\/wp-content\/uploads\/2019\/02\/GRM-AY-1_Agiryuk_fin_render_edited.jpg?resize=700%2C700&amp;ssl=1 700w, https:\/\/i1.wp.com\/www.gurmakdemiryolu.com.tr\/wp-content\/uploads\/2019\/02\/GRM-AY-1_Agiryuk_fin_render_edited.jpg?w=2300&amp;ssl=1 2300w, https:\/\/i1.wp.com\/www.gurmakdemiryolu.com.tr\/wp-content\/uploads\/2019\/02\/GRM-AY-1_Agiryuk_fin_render_edited.jpg?w=3450&amp;ssl=1 3450w\" sizes=\"(max-width: 250px) 100vw, 250px\" data-recalc-dims=\"1\" \/><\/a><\/td>\n<td><a href=\"https:\/\/i0.wp.com\/gurmakdemiryolu.com.tr\/wp-content\/uploads\/2019\/02\/Gurmak_w14_rail_fastening_system.jpg\"><img data-attachment-id=\"4429\" data-permalink=\"https:\/\/www.gurmakdemiryolu.com.tr\/en\/?attachment_id=4429\" data-orig-file=\"https:\/\/i1.wp.com\/www.gurmakdemiryolu.com.tr\/wp-content\/uploads\/2019\/02\/Gurmak_w14_rail_fastening_system.jpg?fit=1472%2C1155&amp;ssl=1\" data-orig-size=\"1472,1155\" data-comments-opened=\"0\" data-image-meta=\"{&quot;aperture&quot;:&quot;0&quot;,&quot;credit&quot;:&quot;&quot;,&quot;camera&quot;:&quot;&quot;,&quot;caption&quot;:&quot;&quot;,&quot;created_timestamp&quot;:&quot;0&quot;,&quot;copyright&quot;:&quot;&quot;,&quot;focal_length&quot;:&quot;0&quot;,&quot;iso&quot;:&quot;0&quot;,&quot;shutter_speed&quot;:&quot;0&quot;,&quot;title&quot;:&quot;&quot;,&quot;orientation&quot;:&quot;1&quot;}\" data-image-title=\"Gurmak_w14_rail_fastening_system\" data-image-description=\"\" data-medium-file=\"https:\/\/i1.wp.com\/www.gurmakdemiryolu.com.tr\/wp-content\/uploads\/2019\/02\/Gurmak_w14_rail_fastening_system.jpg?fit=300%2C235&amp;ssl=1\" data-large-file=\"https:\/\/i1.wp.com\/www.gurmakdemiryolu.com.tr\/wp-content\/uploads\/2019\/02\/Gurmak_w14_rail_fastening_system.jpg?fit=1024%2C803&amp;ssl=1\" decoding=\"async\" loading=\"lazy\" class=\"wp-image-4429 aligncenter\" src=\"https:\/\/i0.wp.com\/gurmakdemiryolu.com.tr\/wp-content\/uploads\/2019\/02\/Gurmak_w14_rail_fastening_system.jpg?resize=200%2C157\" alt=\"\" width=\"200\" height=\"157\" srcset=\"https:\/\/i1.wp.com\/www.gurmakdemiryolu.com.tr\/wp-content\/uploads\/2019\/02\/Gurmak_w14_rail_fastening_system.jpg?w=1472&amp;ssl=1 1472w, https:\/\/i1.wp.com\/www.gurmakdemiryolu.com.tr\/wp-content\/uploads\/2019\/02\/Gurmak_w14_rail_fastening_system.jpg?resize=300%2C235&amp;ssl=1 300w, https:\/\/i1.wp.com\/www.gurmakdemiryolu.com.tr\/wp-content\/uploads\/2019\/02\/Gurmak_w14_rail_fastening_system.jpg?resize=768%2C603&amp;ssl=1 768w, https:\/\/i1.wp.com\/www.gurmakdemiryolu.com.tr\/wp-content\/uploads\/2019\/02\/Gurmak_w14_rail_fastening_system.jpg?resize=1024%2C803&amp;ssl=1 1024w\" sizes=\"(max-width: 200px) 100vw, 200px\" data-recalc-dims=\"1\" \/><\/a><\/td>\n<td><a href=\"https:\/\/i1.wp.com\/gurmakdemiryolu.com.tr\/wp-content\/uploads\/2019\/02\/W21-Sistem_edit_white.jpg\"><img data-attachment-id=\"4508\" data-permalink=\"https:\/\/www.gurmakdemiryolu.com.tr\/en\/urunlerimiz\/w21-sistem_edit_white-2\/\" data-orig-file=\"https:\/\/i2.wp.com\/www.gurmakdemiryolu.com.tr\/wp-content\/uploads\/2019\/02\/W21-Sistem_edit_white.jpg?fit=5000%2C5000&amp;ssl=1\" data-orig-size=\"5000,5000\" data-comments-opened=\"0\" data-image-meta=\"{&quot;aperture&quot;:&quot;0&quot;,&quot;credit&quot;:&quot;&quot;,&quot;camera&quot;:&quot;&quot;,&quot;caption&quot;:&quot;&quot;,&quot;created_timestamp&quot;:&quot;0&quot;,&quot;copyright&quot;:&quot;&quot;,&quot;focal_length&quot;:&quot;0&quot;,&quot;iso&quot;:&quot;0&quot;,&quot;shutter_speed&quot;:&quot;0&quot;,&quot;title&quot;:&quot;&quot;,&quot;orientation&quot;:&quot;0&quot;}\" data-image-title=\"W21-Sistem_edit_white\" data-image-description=\"&lt;p&gt;W21 Ray ba\u011flant\u0131 sistemi g\u00f6rsel&lt;br \/&gt;\nW21 Rail Fastening system render&lt;\/p&gt;\n\" data-medium-file=\"https:\/\/i2.wp.com\/www.gurmakdemiryolu.com.tr\/wp-content\/uploads\/2019\/02\/W21-Sistem_edit_white.jpg?fit=300%2C300&amp;ssl=1\" data-large-file=\"https:\/\/i2.wp.com\/www.gurmakdemiryolu.com.tr\/wp-content\/uploads\/2019\/02\/W21-Sistem_edit_white.jpg?fit=1024%2C1024&amp;ssl=1\" decoding=\"async\" loading=\"lazy\" class=\"aligncenter wp-image-4508\" src=\"https:\/\/i1.wp.com\/gurmakdemiryolu.com.tr\/wp-content\/uploads\/2019\/02\/W21-Sistem_edit_white.jpg?resize=200%2C200\" alt=\"\" width=\"200\" height=\"200\" srcset=\"https:\/\/i2.wp.com\/www.gurmakdemiryolu.com.tr\/wp-content\/uploads\/2019\/02\/W21-Sistem_edit_white.jpg?w=5000&amp;ssl=1 5000w, https:\/\/i2.wp.com\/www.gurmakdemiryolu.com.tr\/wp-content\/uploads\/2019\/02\/W21-Sistem_edit_white.jpg?resize=150%2C150&amp;ssl=1 150w, https:\/\/i2.wp.com\/www.gurmakdemiryolu.com.tr\/wp-content\/uploads\/2019\/02\/W21-Sistem_edit_white.jpg?resize=300%2C300&amp;ssl=1 300w, https:\/\/i2.wp.com\/www.gurmakdemiryolu.com.tr\/wp-content\/uploads\/2019\/02\/W21-Sistem_edit_white.jpg?resize=768%2C768&amp;ssl=1 768w, https:\/\/i2.wp.com\/www.gurmakdemiryolu.com.tr\/wp-content\/uploads\/2019\/02\/W21-Sistem_edit_white.jpg?resize=1024%2C1024&amp;ssl=1 1024w, https:\/\/i2.wp.com\/www.gurmakdemiryolu.com.tr\/wp-content\/uploads\/2019\/02\/W21-Sistem_edit_white.jpg?resize=700%2C700&amp;ssl=1 700w, https:\/\/i2.wp.com\/www.gurmakdemiryolu.com.tr\/wp-content\/uploads\/2019\/02\/W21-Sistem_edit_white.jpg?w=2300&amp;ssl=1 2300w, https:\/\/i2.wp.com\/www.gurmakdemiryolu.com.tr\/wp-content\/uploads\/2019\/02\/W21-Sistem_edit_white.jpg?w=3450&amp;ssl=1 3450w\" sizes=\"(max-width: 200px) 100vw, 200px\" data-recalc-dims=\"1\" \/><\/a><\/td>\n<\/tr>\n<tr>\n<td>\n<p style=\"text-align: center;\"><a href=\"http:\/\/gurmakdemiryolu.com.tr\/urunlerimiz\/grmay1-ray-baglanti-sistemi\/\"><span style=\"color: #ffcc00;\"><strong>GRM AY1<\/strong><\/span><\/a><\/p>\n<\/td>\n<td style=\"text-align: center;\"><a href=\"http:\/\/gurmakdemiryolu.com.tr\/urunlerimiz\/w14-ray-baglanti-sistemi\/\"><span style=\"color: #ffcc00;\"><strong>W14<\/strong><\/span><\/a><\/td>\n<td style=\"text-align: center;\"><strong><span style=\"color: #ffcc00;\"><a style=\"color: #ffcc00;\" href=\"http:\/\/gurmakdemiryolu.com.tr\/urunlerimiz\/w21-ray-baglanti-sistemi\/\">W21<\/a><\/span><\/strong><\/td>\n<\/tr>\n<\/tbody>\n<\/table>\n","protected":false},"excerpt":{"rendered":"<p>TPS 01 TPS 05 TPS 08 GRM AY1 W14 W21<\/p>\n","protected":false},"author":1,"featured_media":0,"parent":0,"menu_order":0,"comment_status":"closed","ping_status":"closed","template":"","meta":{"spay_email":"","footnotes":""},"yoast_head":"<!-- This site is optimized with the Yoast SEO plugin v15.3 - https:\/\/yoast.com\/wordpress\/plugins\/seo\/ -->\n<title>Our Products - G\u00fcrmak Demiryolu A.\u015e<\/title>\n<meta name=\"robots\" content=\"index, follow, max-snippet:-1, max-image-preview:large, max-video-preview:-1\" \/>\n<link rel=\"canonical\" href=\"https:\/\/www.gurmakdemiryolu.com.tr\/urunlerimiz\/\" \/>\n<meta property=\"og:locale\" content=\"en_US\" \/>\n<meta property=\"og:type\" content=\"article\" \/>\n<meta property=\"og:title\" content=\"Our Products - G\u00fcrmak Demiryolu A.\u015e\" \/>\n<meta property=\"og:description\" content=\"TPS 01 TPS 05 TPS 08 GRM AY1 W14 W21\" \/>\n<meta property=\"og:url\" content=\"https:\/\/www.gurmakdemiryolu.com.tr\/urunlerimiz\/\" \/>\n<meta property=\"og:site_name\" content=\"G\u00fcrmak Demiryolu A.\u015e\" \/>\n<meta property=\"article:publisher\" content=\"https:\/\/www.facebook.com\/gurmakdemiryolu\/\" \/>\n<meta property=\"article:modified_time\" content=\"2019-11-01T14:51:45+00:00\" \/>\n<meta property=\"og:image\" content=\"http:\/\/gurmakdemiryolu.com.tr\/wp-content\/uploads\/2019\/02\/TPS_01_fin_render_edited.jpg\" \/>\n<meta name=\"twitter:card\" content=\"summary_large_image\" \/>\n<meta name=\"twitter:creator\" content=\"@gurmakdemiryolu\" \/>\n<meta name=\"twitter:site\" content=\"@gurmakdemiryolu\" \/>\n<meta name=\"twitter:label1\" content=\"Written by\">\n\t<meta name=\"twitter:data1\" content=\"admin\">\n\t<meta name=\"twitter:label2\" content=\"Est. reading time\">\n\t<meta name=\"twitter:data2\" content=\"0 minutes\">\n<script type=\"application\/ld+json\" class=\"yoast-schema-graph\">{\"@context\":\"https:\/\/schema.org\",\"@graph\":[{\"@type\":\"Organization\",\"@id\":\"https:\/\/www.gurmakdemiryolu.com.tr\/tr\/#organization\",\"name\":\"G\\u00fcrmak Demiryolu\",\"url\":\"https:\/\/www.gurmakdemiryolu.com.tr\/tr\/\",\"sameAs\":[\"https:\/\/www.facebook.com\/gurmakdemiryolu\/\",\"https:\/\/www.instagram.com\/gurmakdemiryolu\/\",\"https:\/\/www.linkedin.com\/company\/gurmak-demiryolu\",\"https:\/\/www.youtube.com\/gurmakdemiryolu\",\"https:\/\/twitter.com\/gurmakdemiryolu\"],\"logo\":{\"@type\":\"ImageObject\",\"@id\":\"https:\/\/www.gurmakdemiryolu.com.tr\/tr\/#logo\",\"inLanguage\":\"en-US\",\"url\":\"https:\/\/i0.wp.com\/www.gurmakdemiryolu.com.tr\/wp-content\/uploads\/2017\/03\/gurmak_logo.jpg?fit=860%2C455&ssl=1\",\"width\":860,\"height\":455,\"caption\":\"G\\u00fcrmak Demiryolu\"},\"image\":{\"@id\":\"https:\/\/www.gurmakdemiryolu.com.tr\/tr\/#logo\"}},{\"@type\":\"WebSite\",\"@id\":\"https:\/\/www.gurmakdemiryolu.com.tr\/tr\/#website\",\"url\":\"https:\/\/www.gurmakdemiryolu.com.tr\/tr\/\",\"name\":\"G\\u00fcrmak Demiryolu A.\\u015e\",\"description\":\"Rail Fastening Systems\",\"publisher\":{\"@id\":\"https:\/\/www.gurmakdemiryolu.com.tr\/tr\/#organization\"},\"potentialAction\":[{\"@type\":\"SearchAction\",\"target\":\"https:\/\/www.gurmakdemiryolu.com.tr\/tr\/?s={search_term_string}\",\"query-input\":\"required name=search_term_string\"}],\"inLanguage\":\"en-US\"},{\"@type\":\"ImageObject\",\"@id\":\"https:\/\/www.gurmakdemiryolu.com.tr\/urunlerimiz\/#primaryimage\",\"inLanguage\":\"en-US\",\"url\":\"http:\/\/gurmakdemiryolu.com.tr\/wp-content\/uploads\/2019\/02\/TPS_01_fin_render_edited.jpg\"},{\"@type\":\"WebPage\",\"@id\":\"https:\/\/www.gurmakdemiryolu.com.tr\/urunlerimiz\/#webpage\",\"url\":\"https:\/\/www.gurmakdemiryolu.com.tr\/urunlerimiz\/\",\"name\":\"Our Products - G\\u00fcrmak Demiryolu A.\\u015e\",\"isPartOf\":{\"@id\":\"https:\/\/www.gurmakdemiryolu.com.tr\/tr\/#website\"},\"primaryImageOfPage\":{\"@id\":\"https:\/\/www.gurmakdemiryolu.com.tr\/urunlerimiz\/#primaryimage\"},\"datePublished\":\"2016-09-03T07:21:41+00:00\",\"dateModified\":\"2019-11-01T14:51:45+00:00\",\"inLanguage\":\"en-US\",\"potentialAction\":[{\"@type\":\"ReadAction\",\"target\":[\"https:\/\/www.gurmakdemiryolu.com.tr\/urunlerimiz\/\"]}]}]}<\/script>\n<!-- \/ Yoast SEO plugin. -->","jetpack_sharing_enabled":true,"jetpack_shortlink":"https:\/\/wp.me\/PaFafb-JP","jetpack-related-posts":[],"_links":{"self":[{"href":"https:\/\/www.gurmakdemiryolu.com.tr\/en\/wp-json\/wp\/v2\/pages\/2841"}],"collection":[{"href":"https:\/\/www.gurmakdemiryolu.com.tr\/en\/wp-json\/wp\/v2\/pages"}],"about":[{"href":"https:\/\/www.gurmakdemiryolu.com.tr\/en\/wp-json\/wp\/v2\/types\/page"}],"author":[{"embeddable":true,"href":"https:\/\/www.gurmakdemiryolu.com.tr\/en\/wp-json\/wp\/v2\/users\/1"}],"replies":[{"embeddable":true,"href":"https:\/\/www.gurmakdemiryolu.com.tr\/en\/wp-json\/wp\/v2\/comments?post=2841"}],"version-history":[{"count":0,"href":"https:\/\/www.gurmakdemiryolu.com.tr\/en\/wp-json\/wp\/v2\/pages\/2841\/revisions"}],"wp:attachment":[{"href":"https:\/\/www.gurmakdemiryolu.com.tr\/en\/wp-json\/wp\/v2\/media?parent=2841"}],"curies":[{"name":"wp","href":"https:\/\/api.w.org\/{rel}","templated":true}]}}