{"id":1985,"date":"2016-06-10T19:14:52","date_gmt":"2016-06-10T16:14:52","guid":{"rendered":"http:\/\/demo.goodlayers.com\/infinite\/?page_id=1985"},"modified":"2019-11-05T17:40:19","modified_gmt":"2019-11-05T14:40:19","slug":"iletisim","status":"publish","type":"page","link":"https:\/\/www.gurmakdemiryolu.com.tr\/en\/iletisim\/","title":{"rendered":"\u0130leti\u015fim"},"content":{"rendered":"<p><\/p>\n<h1 style=\"text-align: center;\"><span style=\"color: #ffcc00;\"><strong>G\u00dcRMAK DEM\u0130RYOLU BA\u011eLANTI ELEMANLARI SANAY\u0130 VE T\u0130CARET ANON\u0130M \u015e\u0130RKET\u0130<\/strong><\/span><\/h1>\n<p><strong>\u0130stanbul Merkez ve Fabrika<\/strong><\/p>\n<p>A: \u0130stanbul Organize Deri Sanayi B\u00f6lgesi<br \/>\n11.Yol C-5 A Parsel<br \/>\nTuzla &#8211; \u0130stanbul<br \/>\nT\u00fcrkiye<\/p>\n<p>Tel : +90 (216) 394 15 31<br \/>\nFax : +90 (216) 394 02 07<br \/>\nMail: info@gurmakdemiryolu.com.tr<\/p>\n<p><strong>\u00c7ank\u0131r\u0131 Fabrika<\/strong><\/p>\n<p>A: B\u00fcy\u00fck Osb Mah. Dilaver Balbay Blv.<br \/>\nKorgun, \u00c7ank\u0131r\u0131<br \/>\nT\u00fcrkiye<\/p>\n<p>Tel : +90 376 343 16 26<br \/>\nFax : +90 376 343 16 27<br \/>\nEmail :\u00a0info@gurmakdemiryolu.com.tr<\/p>\n<p><\/p>","protected":false},"excerpt":{"rendered":"<p>G\u00dcRMAK DEM\u0130RYOLU BA\u011eLANTI ELEMANLARI SANAY\u0130 VE T\u0130CARET ANON\u0130M \u015e\u0130RKET\u0130 \u0130stanbul Merkez ve Fabrika A: \u0130stanbul Organize Deri Sanayi B\u00f6lgesi 11.Yol C-5 A Parsel Tuzla &#8211; \u0130stanbul T\u00fcrkiye Tel : +90 (216) 394 15 31 Fax : +90 (216) 394 02 07 Mail: info@gurmakdemiryolu.com.tr \u00c7ank\u0131r\u0131 Fabrika A: B\u00fcy\u00fck Osb Mah. Dilaver Balbay Blv. Korgun, \u00c7ank\u0131r\u0131 T\u00fcrkiye [&hellip;]<\/p>\n","protected":false},"author":1,"featured_media":0,"parent":0,"menu_order":0,"comment_status":"closed","ping_status":"closed","template":"","meta":{"spay_email":"","footnotes":""},"yoast_head":"<!-- This site is optimized with the Yoast SEO plugin v15.3 - https:\/\/yoast.com\/wordpress\/plugins\/seo\/ -->\n<title>\u0130leti\u015fim - G\u00fcrmak Demiryolu A.\u015e<\/title>\n<meta name=\"robots\" content=\"index, follow, max-snippet:-1, max-image-preview:large, max-video-preview:-1\" \/>\n<link rel=\"canonical\" href=\"https:\/\/www.gurmakdemiryolu.com.tr\/iletisim\/\" \/>\n<meta property=\"og:locale\" content=\"en_US\" \/>\n<meta property=\"og:type\" content=\"article\" \/>\n<meta property=\"og:title\" content=\"\u0130leti\u015fim - G\u00fcrmak Demiryolu A.\u015e\" \/>\n<meta property=\"og:description\" content=\"G\u00dcRMAK DEM\u0130RYOLU BA\u011eLANTI ELEMANLARI SANAY\u0130 VE T\u0130CARET ANON\u0130M \u015e\u0130RKET\u0130 \u0130stanbul Merkez ve Fabrika A: \u0130stanbul Organize Deri Sanayi B\u00f6lgesi 11.Yol C-5 A Parsel Tuzla &#8211; \u0130stanbul T\u00fcrkiye Tel : +90 (216) 394 15 31 Fax : +90 (216) 394 02 07 Mail: info@gurmakdemiryolu.com.tr \u00c7ank\u0131r\u0131 Fabrika A: B\u00fcy\u00fck Osb Mah. Dilaver Balbay Blv. Korgun, \u00c7ank\u0131r\u0131 T\u00fcrkiye [&hellip;]\" \/>\n<meta property=\"og:url\" content=\"https:\/\/www.gurmakdemiryolu.com.tr\/iletisim\/\" \/>\n<meta property=\"og:site_name\" content=\"G\u00fcrmak Demiryolu A.\u015e\" \/>\n<meta property=\"article:publisher\" content=\"https:\/\/www.facebook.com\/gurmakdemiryolu\/\" \/>\n<meta property=\"article:modified_time\" content=\"2019-11-05T14:40:19+00:00\" \/>\n<meta name=\"twitter:card\" content=\"summary_large_image\" \/>\n<meta name=\"twitter:creator\" content=\"@gurmakdemiryolu\" \/>\n<meta name=\"twitter:site\" content=\"@gurmakdemiryolu\" \/>\n<meta name=\"twitter:label1\" content=\"Written by\">\n\t<meta name=\"twitter:data1\" content=\"admin\">\n\t<meta name=\"twitter:label2\" content=\"Est. reading time\">\n\t<meta name=\"twitter:data2\" content=\"1 minute\">\n<script type=\"application\/ld+json\" class=\"yoast-schema-graph\">{\"@context\":\"https:\/\/schema.org\",\"@graph\":[{\"@type\":\"Organization\",\"@id\":\"https:\/\/www.gurmakdemiryolu.com.tr\/tr\/#organization\",\"name\":\"G\\u00fcrmak Demiryolu\",\"url\":\"https:\/\/www.gurmakdemiryolu.com.tr\/tr\/\",\"sameAs\":[\"https:\/\/www.facebook.com\/gurmakdemiryolu\/\",\"https:\/\/www.instagram.com\/gurmakdemiryolu\/\",\"https:\/\/www.linkedin.com\/company\/gurmak-demiryolu\",\"https:\/\/www.youtube.com\/gurmakdemiryolu\",\"https:\/\/twitter.com\/gurmakdemiryolu\"],\"logo\":{\"@type\":\"ImageObject\",\"@id\":\"https:\/\/www.gurmakdemiryolu.com.tr\/tr\/#logo\",\"inLanguage\":\"en-US\",\"url\":\"https:\/\/i0.wp.com\/www.gurmakdemiryolu.com.tr\/wp-content\/uploads\/2017\/03\/gurmak_logo.jpg?fit=860%2C455&ssl=1\",\"width\":860,\"height\":455,\"caption\":\"G\\u00fcrmak Demiryolu\"},\"image\":{\"@id\":\"https:\/\/www.gurmakdemiryolu.com.tr\/tr\/#logo\"}},{\"@type\":\"WebSite\",\"@id\":\"https:\/\/www.gurmakdemiryolu.com.tr\/tr\/#website\",\"url\":\"https:\/\/www.gurmakdemiryolu.com.tr\/tr\/\",\"name\":\"G\\u00fcrmak Demiryolu A.\\u015e\",\"description\":\"Rail Fastening Systems\",\"publisher\":{\"@id\":\"https:\/\/www.gurmakdemiryolu.com.tr\/tr\/#organization\"},\"potentialAction\":[{\"@type\":\"SearchAction\",\"target\":\"https:\/\/www.gurmakdemiryolu.com.tr\/tr\/?s={search_term_string}\",\"query-input\":\"required name=search_term_string\"}],\"inLanguage\":\"en-US\"},{\"@type\":\"WebPage\",\"@id\":\"https:\/\/www.gurmakdemiryolu.com.tr\/iletisim\/#webpage\",\"url\":\"https:\/\/www.gurmakdemiryolu.com.tr\/iletisim\/\",\"name\":\"\\u0130leti\\u015fim - G\\u00fcrmak Demiryolu A.\\u015e\",\"isPartOf\":{\"@id\":\"https:\/\/www.gurmakdemiryolu.com.tr\/tr\/#website\"},\"datePublished\":\"2016-06-10T16:14:52+00:00\",\"dateModified\":\"2019-11-05T14:40:19+00:00\",\"inLanguage\":\"en-US\",\"potentialAction\":[{\"@type\":\"ReadAction\",\"target\":[\"https:\/\/www.gurmakdemiryolu.com.tr\/iletisim\/\"]}]}]}<\/script>\n<!-- \/ Yoast SEO plugin. -->","jetpack_sharing_enabled":true,"jetpack_shortlink":"https:\/\/wp.me\/PaFafb-w1","jetpack-related-posts":[],"_links":{"self":[{"href":"https:\/\/www.gurmakdemiryolu.com.tr\/en\/wp-json\/wp\/v2\/pages\/1985"}],"collection":[{"href":"https:\/\/www.gurmakdemiryolu.com.tr\/en\/wp-json\/wp\/v2\/pages"}],"about":[{"href":"https:\/\/www.gurmakdemiryolu.com.tr\/en\/wp-json\/wp\/v2\/types\/page"}],"author":[{"embeddable":true,"href":"https:\/\/www.gurmakdemiryolu.com.tr\/en\/wp-json\/wp\/v2\/users\/1"}],"replies":[{"embeddable":true,"href":"https:\/\/www.gurmakdemiryolu.com.tr\/en\/wp-json\/wp\/v2\/comments?post=1985"}],"version-history":[{"count":2,"href":"https:\/\/www.gurmakdemiryolu.com.tr\/en\/wp-json\/wp\/v2\/pages\/1985\/revisions"}],"predecessor-version":[{"id":4955,"href":"https:\/\/www.gurmakdemiryolu.com.tr\/en\/wp-json\/wp\/v2\/pages\/1985\/revisions\/4955"}],"wp:attachment":[{"href":"https:\/\/www.gurmakdemiryolu.com.tr\/en\/wp-json\/wp\/v2\/media?parent=1985"}],"curies":[{"name":"wp","href":"https:\/\/api.w.org\/{rel}","templated":true}]}}